{"id":34485,"date":"2026-05-16T13:48:16","date_gmt":"2026-05-16T16:48:16","guid":{"rendered":"https:\/\/bolsadellas.com.br\/?post_type=product&#038;p=34485"},"modified":"2026-05-16T13:48:16","modified_gmt":"2026-05-16T16:48:16","slug":"bolsa-coach-large-kisslock-frame-preto","status":"publish","type":"product","link":"https:\/\/bolsadellas.com.br\/?product=bolsa-coach-large-kisslock-frame-preto","title":{"rendered":"Bolsa Coach Large Kisslock Frame Preto"},"content":{"rendered":"<div class=\"ecn-tabs-head\">\n<div class=\"ecn-tabs-head-item\" data-target=\"description\">DESCRI\u00c7\u00c3O<\/div>\n<\/div>\n<div class=\"ecn-tabs-contents\">\n<div id=\"details\" class=\"ecn-tab-content active\">\n<div class=\"wrap\">\n<p>&#8211; Couro Glovetanned<\/p>\n<p>&#8211; Forro de couro<\/p>\n<p>&#8211; Bolso interno com z\u00edper<\/p>\n<p>&#8211; Fecho kisslock<\/p>\n<p>&#8211; Al\u00e7a de couro remov\u00edvel com abertura de 24cm<\/p>\n<p>&#8211; 30cm (Largura) x 29cm (Altura) x 19cm (Profundidade)<\/p>\n<\/div>\n<p>A Large Kisslock Frame \u00e9 baseada na &#8220;Cashin Carry&#8221; de 1969, um estilo de nossos arquivos criado pela primeira designer-chefe da Coach, Bonnie Cashin. Reimaginada como uma bolsa espa\u00e7osa, esta silhueta em couro Glovetanned apresenta nosso ic\u00f4nico fecho Kisslock inspirado em porta-moedas vintage, um bolso interno com z\u00edper para organizar itens essenciais e uma al\u00e7a de ombro remov\u00edvel.<\/p>\n<\/div>\n<\/div>\n","protected":false},"excerpt":{"rendered":"<p>DESCRI\u00c7\u00c3O &#8211; Couro Glovetanned &#8211; Forro de couro &#8211; Bolso interno com z\u00edper &#8211; Fecho kisslock &#8211; Al\u00e7a de couro remov\u00edvel com abertura de 24cm &#8211; 30cm (Largura) x 29cm (Altura) x 19cm (Profundidade) A Large Kisslock Frame \u00e9 baseada na &#8220;Cashin Carry&#8221; de 1969, um estilo de nossos arquivos criado pela primeira designer-chefe da &hellip; <\/p>\n","protected":false},"featured_media":34487,"template":"","meta":[],"product_brand":[],"product_cat":[106,349,370,366],"product_tag":[],"class_list":{"0":"post-34485","1":"product","2":"type-product","3":"status-publish","4":"has-post-thumbnail","6":"product_cat-bolsas","7":"product_cat-coach","8":"product_cat-pre-venda-2","9":"product_cat-todos-os-produtos","10":"latest_post","12":"first","13":"instock","14":"taxable","15":"shipping-taxable","16":"purchasable","17":"product-type-simple"},"_links":{"self":[{"href":"https:\/\/bolsadellas.com.br\/index.php?rest_route=\/wp\/v2\/product\/34485","targetHints":{"allow":["GET"]}}],"collection":[{"href":"https:\/\/bolsadellas.com.br\/index.php?rest_route=\/wp\/v2\/product"}],"about":[{"href":"https:\/\/bolsadellas.com.br\/index.php?rest_route=\/wp\/v2\/types\/product"}],"wp:featuredmedia":[{"embeddable":true,"href":"https:\/\/bolsadellas.com.br\/index.php?rest_route=\/wp\/v2\/media\/34487"}],"wp:attachment":[{"href":"https:\/\/bolsadellas.com.br\/index.php?rest_route=%2Fwp%2Fv2%2Fmedia&parent=34485"}],"wp:term":[{"taxonomy":"product_brand","embeddable":true,"href":"https:\/\/bolsadellas.com.br\/index.php?rest_route=%2Fwp%2Fv2%2Fproduct_brand&post=34485"},{"taxonomy":"product_cat","embeddable":true,"href":"https:\/\/bolsadellas.com.br\/index.php?rest_route=%2Fwp%2Fv2%2Fproduct_cat&post=34485"},{"taxonomy":"product_tag","embeddable":true,"href":"https:\/\/bolsadellas.com.br\/index.php?rest_route=%2Fwp%2Fv2%2Fproduct_tag&post=34485"}],"curies":[{"name":"wp","href":"https:\/\/api.w.org\/{rel}","templated":true}]}}