{"id":34420,"date":"2026-02-08T11:20:37","date_gmt":"2026-02-08T14:20:37","guid":{"rendered":"https:\/\/bolsadellas.com.br\/?post_type=product&#038;p=34420"},"modified":"2026-05-05T13:29:05","modified_gmt":"2026-05-05T16:29:05","slug":"bolsa-kipling-tally-preto","status":"publish","type":"product","link":"https:\/\/bolsadellas.com.br\/?product=bolsa-kipling-tally-preto","title":{"rendered":"Bolsa Kipling Tally Preto"},"content":{"rendered":"<p>Mantenha seu smartphone seguro com a bolsa para celular Tally. Possui um pr\u00e1tico compartimento com z\u00edper e tecido repelente de \u00e1gua para proteger seu telefone em qualquer clima &#8211; bem como bolsos internos e externos \u00fateis para guardar seus itens essenciais, como cart\u00f5es de d\u00e9bito ou bilhetes de papel. Esteja voc\u00ea na pista de dan\u00e7a ou viajando com pouca bagagem enquanto faz turismo, a bolsa para celular Tally \u00e9 a maneira perfeita de manter seu telefone seguro.<\/p>\n","protected":false},"excerpt":{"rendered":"<p>Mantenha seu smartphone seguro com a bolsa para celular Tally. Possui um pr\u00e1tico compartimento com z\u00edper e tecido repelente de \u00e1gua para proteger seu telefone em qualquer clima &#8211; bem como bolsos internos e externos \u00fateis para guardar seus itens essenciais, como cart\u00f5es de d\u00e9bito ou bilhetes de papel. Esteja voc\u00ea na pista de dan\u00e7a &hellip; <\/p>\n","protected":false},"featured_media":34421,"template":"","meta":[],"product_brand":[],"product_cat":[106,328,366],"product_tag":[],"class_list":{"0":"post-34420","1":"product","2":"type-product","3":"status-publish","4":"has-post-thumbnail","6":"product_cat-bolsas","7":"product_cat-kipling","8":"product_cat-todos-os-produtos","9":"latest_post","11":"first","12":"outofstock","13":"taxable","14":"shipping-taxable","15":"purchasable","16":"product-type-simple"},"_links":{"self":[{"href":"https:\/\/bolsadellas.com.br\/index.php?rest_route=\/wp\/v2\/product\/34420","targetHints":{"allow":["GET"]}}],"collection":[{"href":"https:\/\/bolsadellas.com.br\/index.php?rest_route=\/wp\/v2\/product"}],"about":[{"href":"https:\/\/bolsadellas.com.br\/index.php?rest_route=\/wp\/v2\/types\/product"}],"wp:featuredmedia":[{"embeddable":true,"href":"https:\/\/bolsadellas.com.br\/index.php?rest_route=\/wp\/v2\/media\/34421"}],"wp:attachment":[{"href":"https:\/\/bolsadellas.com.br\/index.php?rest_route=%2Fwp%2Fv2%2Fmedia&parent=34420"}],"wp:term":[{"taxonomy":"product_brand","embeddable":true,"href":"https:\/\/bolsadellas.com.br\/index.php?rest_route=%2Fwp%2Fv2%2Fproduct_brand&post=34420"},{"taxonomy":"product_cat","embeddable":true,"href":"https:\/\/bolsadellas.com.br\/index.php?rest_route=%2Fwp%2Fv2%2Fproduct_cat&post=34420"},{"taxonomy":"product_tag","embeddable":true,"href":"https:\/\/bolsadellas.com.br\/index.php?rest_route=%2Fwp%2Fv2%2Fproduct_tag&post=34420"}],"curies":[{"name":"wp","href":"https:\/\/api.w.org\/{rel}","templated":true}]}}