{"id":34398,"date":"2026-04-30T18:33:51","date_gmt":"2026-04-30T21:33:51","guid":{"rendered":"https:\/\/bolsadellas.com.br\/?post_type=product&#038;p=34398"},"modified":"2026-04-30T18:33:52","modified_gmt":"2026-04-30T21:33:52","slug":"porta-cartao-coach-essential-flap-signature","status":"publish","type":"product","link":"https:\/\/bolsadellas.com.br\/?product=porta-cartao-coach-essential-flap-signature","title":{"rendered":"Porta cart\u00e3o Coach Essential flap signature"},"content":{"rendered":"<pre id=\"tw-target-text\" class=\"tw-data-text tw-text-large JgzqYd RES9jf tw-ta\" dir=\"ltr\" tabindex=\"-1\" role=\"text\" data-placeholder=\"Tradu\u00e7\u00e3o\" data-ved=\"2ahUKEwiniZSaw5aUAxUmLLkGHZTMNEkQ3ewLegQICxAY\" aria-label=\"Texto traduzido: O porta-cart\u00f5es Essential Flap da Coach oferece organiza\u00e7\u00e3o compacta com um toque exclusivo. Confeccionado em lona com detalhes em couro, possui diversos compartimentos para guardar cart\u00f5es, dinheiro e moedas de forma organizada.\r\n\r\nDetalhes do design\r\n\u2022 Cor do designer: Caramelo\r\n\r\n\u2022 Lona revestida com a assinatura da marca\r\n\r\n\u2022 Couro de bezerro refinado\r\n\r\n\u2022 Ferragens douradas\r\n\r\n\u2022 Fecho de press\u00e3o\r\n\r\n\u2022 Bolso externo aberto\r\n\r\n\u2022 Bolso interno com z\u00edper para moedas\r\n\r\n\u2022 Quatro compartimentos para cart\u00f5es de cr\u00e9dito\"><span class=\"Y2IQFc\" lang=\"pt\">O porta-cart\u00f5es Essential Flap da Coach oferece organiza\u00e7\u00e3o compacta com um toque exclusivo. Confeccionado em lona com detalhes em couro, possui diversos compartimentos para guardar cart\u00f5es, dinheiro e moedas de forma organizada.\r\n\r\nDetalhes do design\r\n\u2022 Cor do designer: Caramelo\r\n\r\n\u2022 Lona revestida com a assinatura da marca\r\n\r\n\u2022 Couro de bezerro refinado\r\n\r\n\u2022 Ferragens douradas\r\n\r\n\u2022 Fecho de press\u00e3o\r\n\r\n\u2022 Bolso externo aberto\r\n\r\n\u2022 Bolso interno com z\u00edper para moedas\r\n\r\n\u2022 Quatro compartimentos para cart\u00f5es de cr\u00e9dito<\/span><\/pre>\n","protected":false},"excerpt":{"rendered":"<p>O porta-cart\u00f5es Essential Flap da Coach oferece organiza\u00e7\u00e3o compacta com um toque exclusivo. Confeccionado em lona com detalhes em couro, possui diversos compartimentos para guardar cart\u00f5es, dinheiro e moedas de forma organizada. Detalhes do design \u2022 Cor do designer: Caramelo \u2022 Lona revestida com a assinatura da marca \u2022 Couro de bezerro refinado \u2022 Ferragens &hellip; <\/p>\n","protected":false},"featured_media":34400,"template":"","meta":[],"product_brand":[],"product_cat":[106,109,349,366],"product_tag":[],"class_list":{"0":"post-34398","1":"product","2":"type-product","3":"status-publish","4":"has-post-thumbnail","6":"product_cat-bolsas","7":"product_cat-carteiras","8":"product_cat-coach","9":"product_cat-todos-os-produtos","10":"latest_post","12":"first","13":"instock","14":"taxable","15":"shipping-taxable","16":"purchasable","17":"product-type-simple"},"_links":{"self":[{"href":"https:\/\/bolsadellas.com.br\/index.php?rest_route=\/wp\/v2\/product\/34398","targetHints":{"allow":["GET"]}}],"collection":[{"href":"https:\/\/bolsadellas.com.br\/index.php?rest_route=\/wp\/v2\/product"}],"about":[{"href":"https:\/\/bolsadellas.com.br\/index.php?rest_route=\/wp\/v2\/types\/product"}],"wp:featuredmedia":[{"embeddable":true,"href":"https:\/\/bolsadellas.com.br\/index.php?rest_route=\/wp\/v2\/media\/34400"}],"wp:attachment":[{"href":"https:\/\/bolsadellas.com.br\/index.php?rest_route=%2Fwp%2Fv2%2Fmedia&parent=34398"}],"wp:term":[{"taxonomy":"product_brand","embeddable":true,"href":"https:\/\/bolsadellas.com.br\/index.php?rest_route=%2Fwp%2Fv2%2Fproduct_brand&post=34398"},{"taxonomy":"product_cat","embeddable":true,"href":"https:\/\/bolsadellas.com.br\/index.php?rest_route=%2Fwp%2Fv2%2Fproduct_cat&post=34398"},{"taxonomy":"product_tag","embeddable":true,"href":"https:\/\/bolsadellas.com.br\/index.php?rest_route=%2Fwp%2Fv2%2Fproduct_tag&post=34398"}],"curies":[{"name":"wp","href":"https:\/\/api.w.org\/{rel}","templated":true}]}}