{"id":34387,"date":"2026-04-30T10:16:32","date_gmt":"2026-04-30T13:16:32","guid":{"rendered":"https:\/\/bolsadellas.com.br\/?post_type=product&#038;p=34387"},"modified":"2026-04-30T10:16:32","modified_gmt":"2026-04-30T13:16:32","slug":"relogio-technos-riviera-bicolor-2015cez-1k","status":"publish","type":"product","link":"https:\/\/bolsadellas.com.br\/?product=relogio-technos-riviera-bicolor-2015cez-1k","title":{"rendered":"Rel\u00f3gio Technos Riviera Bicolor 2015CEZ\/1K"},"content":{"rendered":"<p>Rel\u00f3gio Technos Racer apresenta seu novo lan\u00e7amento, de design esportivo, que conta com mostrador de f\u00e1cil leitura na cor preto, numera\u00e7\u00e3o ar\u00e1bica e calend\u00e1rio na posi\u00e7\u00e3o de 3 horas, al\u00e9m de apresentar pulseira de a\u00e7o em 3 links. Produto 100% em a\u00e7o inoxid\u00e1vel, banhado em prata, com m\u00e1quina quartz japonesa Miyota e resist\u00eancia \u00e0 \u00e1gua de 50 metros.<\/p>\n<ul class=\"list-disc list-circle pl-5\">\n<li><strong>G\u00eanero<\/strong>:\u00a0Feminino<\/li>\n<li><strong>Banho<\/strong>:\u00a0Bicolor<\/li>\n<li><strong>Tipo<\/strong>:\u00a0Anal\u00f3gico<\/li>\n<li><strong>Material da Caixa<\/strong>:\u00a0A\u00e7o<\/li>\n<li><strong>Cor da Caixa<\/strong>:\u00a0Prata<\/li>\n<li><strong>Formato<\/strong>:\u00a0Redondo<\/li>\n<li><strong>Cor do Mostrador<\/strong>:\u00a0Prata<\/li>\n<li><strong>Material da Pulseira<\/strong>:\u00a0A\u00e7o<\/li>\n<li><strong>Cor da Pulseira<\/strong>:\u00a0Bicolor<\/li>\n<li><strong>Tipo de Fecho<\/strong>:\u00a0Trava Lateral<\/li>\n<li><strong>Garantia<\/strong>:\u00a012 meses<\/li>\n<\/ul>\n","protected":false},"excerpt":{"rendered":"<p>Rel\u00f3gio Technos Racer apresenta seu novo lan\u00e7amento, de design esportivo, que conta com mostrador de f\u00e1cil leitura na cor preto, numera\u00e7\u00e3o ar\u00e1bica e calend\u00e1rio na posi\u00e7\u00e3o de 3 horas, al\u00e9m de apresentar pulseira de a\u00e7o em 3 links. Produto 100% em a\u00e7o inoxid\u00e1vel, banhado em prata, com m\u00e1quina quartz japonesa Miyota e resist\u00eancia \u00e0 \u00e1gua &hellip; <\/p>\n","protected":false},"featured_media":34388,"template":"","meta":[],"product_brand":[],"product_cat":[107,367,366],"product_tag":[],"class_list":{"0":"post-34387","1":"product","2":"type-product","3":"status-publish","4":"has-post-thumbnail","6":"product_cat-relogios","7":"product_cat-technos","8":"product_cat-todos-os-produtos","9":"latest_post","11":"first","12":"instock","13":"taxable","14":"shipping-taxable","15":"purchasable","16":"product-type-simple"},"_links":{"self":[{"href":"https:\/\/bolsadellas.com.br\/index.php?rest_route=\/wp\/v2\/product\/34387","targetHints":{"allow":["GET"]}}],"collection":[{"href":"https:\/\/bolsadellas.com.br\/index.php?rest_route=\/wp\/v2\/product"}],"about":[{"href":"https:\/\/bolsadellas.com.br\/index.php?rest_route=\/wp\/v2\/types\/product"}],"wp:featuredmedia":[{"embeddable":true,"href":"https:\/\/bolsadellas.com.br\/index.php?rest_route=\/wp\/v2\/media\/34388"}],"wp:attachment":[{"href":"https:\/\/bolsadellas.com.br\/index.php?rest_route=%2Fwp%2Fv2%2Fmedia&parent=34387"}],"wp:term":[{"taxonomy":"product_brand","embeddable":true,"href":"https:\/\/bolsadellas.com.br\/index.php?rest_route=%2Fwp%2Fv2%2Fproduct_brand&post=34387"},{"taxonomy":"product_cat","embeddable":true,"href":"https:\/\/bolsadellas.com.br\/index.php?rest_route=%2Fwp%2Fv2%2Fproduct_cat&post=34387"},{"taxonomy":"product_tag","embeddable":true,"href":"https:\/\/bolsadellas.com.br\/index.php?rest_route=%2Fwp%2Fv2%2Fproduct_tag&post=34387"}],"curies":[{"name":"wp","href":"https:\/\/api.w.org\/{rel}","templated":true}]}}