{"id":34353,"date":"2026-04-29T13:02:38","date_gmt":"2026-04-29T16:02:38","guid":{"rendered":"https:\/\/bolsadellas.com.br\/?post_type=product&#038;p=34353"},"modified":"2026-04-29T13:02:38","modified_gmt":"2026-04-29T16:02:38","slug":"bolsa-coach-tabby-26-soft-quilted-preta","status":"publish","type":"product","link":"https:\/\/bolsadellas.com.br\/?product=bolsa-coach-tabby-26-soft-quilted-preta","title":{"rendered":"Bolsa Coach Tabby 26 Soft Quilted preta"},"content":{"rendered":"<div id=\"details\" class=\"ecn-tab-content active\">\n<div class=\"wrap\">\n<p>&#8211; Couro macio<\/p>\n<p>&#8211; Forro em tecido<\/p>\n<p>&#8211; Al\u00e7a em corrente com abertura de 54,6 cm para usar no ombro ou na transversal<\/p>\n<p>&#8211; Bolso externo com fecho magn\u00e9tico<\/p>\n<p>&#8211; Bolsos internos com z\u00edper e fecho magn\u00e9tico<\/p>\n<p>&#8211; Fecho com bot\u00e3o de press\u00e3o 26 cm (Largura) x 14 cm (Altura) x 8 cm (Profundidade)<\/p>\n<\/div>\n<\/div>\n<div id=\"description\" class=\"ecn-tab-content\">\n<h2>Descri\u00e7\u00e3o<\/h2>\n<div class=\"wrap\">\n<div class=\"productDescription\">\n<p>Uma vers\u00e3o moderna de um design de arquivo da Coach dos anos 70, a nossa bolsa de ombro Tabby \u00e9 confeccionada em couro macio acolchoado para um visual e toque suave e descontra\u00eddo. Com acabamento em nosso hardware Signature para um toque ic\u00f4nico, a compacta 26 apresenta uma al\u00e7a de corrente brilhante para usar longa como uma bolsa na transversal ou dobrada para um visual mais curto e elegante.<\/p>\n<\/div>\n<\/div>\n<\/div>\n","protected":false},"excerpt":{"rendered":"<p>&#8211; Couro macio &#8211; Forro em tecido &#8211; Al\u00e7a em corrente com abertura de 54,6 cm para usar no ombro ou na transversal &#8211; Bolso externo com fecho magn\u00e9tico &#8211; Bolsos internos com z\u00edper e fecho magn\u00e9tico &#8211; Fecho com bot\u00e3o de press\u00e3o 26 cm (Largura) x 14 cm (Altura) x 8 cm (Profundidade) Descri\u00e7\u00e3o &hellip; <\/p>\n","protected":false},"featured_media":34354,"template":"","meta":[],"product_brand":[],"product_cat":[106,349,366],"product_tag":[],"class_list":{"0":"post-34353","1":"product","2":"type-product","3":"status-publish","4":"has-post-thumbnail","6":"product_cat-bolsas","7":"product_cat-coach","8":"product_cat-todos-os-produtos","9":"latest_post","11":"first","12":"instock","13":"taxable","14":"shipping-taxable","15":"purchasable","16":"product-type-simple"},"_links":{"self":[{"href":"https:\/\/bolsadellas.com.br\/index.php?rest_route=\/wp\/v2\/product\/34353","targetHints":{"allow":["GET"]}}],"collection":[{"href":"https:\/\/bolsadellas.com.br\/index.php?rest_route=\/wp\/v2\/product"}],"about":[{"href":"https:\/\/bolsadellas.com.br\/index.php?rest_route=\/wp\/v2\/types\/product"}],"wp:featuredmedia":[{"embeddable":true,"href":"https:\/\/bolsadellas.com.br\/index.php?rest_route=\/wp\/v2\/media\/34354"}],"wp:attachment":[{"href":"https:\/\/bolsadellas.com.br\/index.php?rest_route=%2Fwp%2Fv2%2Fmedia&parent=34353"}],"wp:term":[{"taxonomy":"product_brand","embeddable":true,"href":"https:\/\/bolsadellas.com.br\/index.php?rest_route=%2Fwp%2Fv2%2Fproduct_brand&post=34353"},{"taxonomy":"product_cat","embeddable":true,"href":"https:\/\/bolsadellas.com.br\/index.php?rest_route=%2Fwp%2Fv2%2Fproduct_cat&post=34353"},{"taxonomy":"product_tag","embeddable":true,"href":"https:\/\/bolsadellas.com.br\/index.php?rest_route=%2Fwp%2Fv2%2Fproduct_tag&post=34353"}],"curies":[{"name":"wp","href":"https:\/\/api.w.org\/{rel}","templated":true}]}}