{"id":34320,"date":"2026-02-07T15:13:14","date_gmt":"2026-02-07T18:13:14","guid":{"rendered":"https:\/\/bolsadellas.com.br\/?post_type=product&#038;p=34320"},"modified":"2026-04-24T13:29:02","modified_gmt":"2026-04-24T16:29:02","slug":"necessaire-coach-pouch","status":"publish","type":"product","link":"https:\/\/bolsadellas.com.br\/?product=necessaire-coach-pouch","title":{"rendered":"Necessaire Coach Pouch"},"content":{"rendered":"<p><span dir=\"auto\">Necessaire de couro preta que diz tudo sem precisar de muitas palavras.<\/span><br \/>\n<span dir=\"auto\">Macia ao toque, elegante \u00e0 vista e perfeita para te acompanhar em todos os momentos do dia. Seu tamanho compacto comporta o essencial, enquanto seu design atemporal combina com tudo e nunca sai de moda.<\/span><br \/>\n<span dir=\"auto\">Feita para quem sabe que o amor est\u00e1 nos detalhes: pr\u00e1tica, discreta e com aquele charme que dispensa explica\u00e7\u00f5es. Um pequeno luxo que se torna indispens\u00e1vel.<\/span><\/p>\n<p>Medidas: 13 x 9 x 6 cm.<\/p>\n","protected":false},"excerpt":{"rendered":"<p>Necessaire de couro preta que diz tudo sem precisar de muitas palavras. Macia ao toque, elegante \u00e0 vista e perfeita para te acompanhar em todos os momentos do dia. Seu tamanho compacto comporta o essencial, enquanto seu design atemporal combina com tudo e nunca sai de moda. Feita para quem sabe que o amor est\u00e1 &hellip; <\/p>\n","protected":false},"featured_media":34321,"template":"","meta":[],"product_brand":[],"product_cat":[106,349,356,366],"product_tag":[],"class_list":{"0":"post-34320","1":"product","2":"type-product","3":"status-publish","4":"has-post-thumbnail","6":"product_cat-bolsas","7":"product_cat-coach","8":"product_cat-neccesest","9":"product_cat-todos-os-produtos","10":"latest_post","12":"first","13":"outofstock","14":"taxable","15":"shipping-taxable","16":"purchasable","17":"product-type-simple"},"_links":{"self":[{"href":"https:\/\/bolsadellas.com.br\/index.php?rest_route=\/wp\/v2\/product\/34320","targetHints":{"allow":["GET"]}}],"collection":[{"href":"https:\/\/bolsadellas.com.br\/index.php?rest_route=\/wp\/v2\/product"}],"about":[{"href":"https:\/\/bolsadellas.com.br\/index.php?rest_route=\/wp\/v2\/types\/product"}],"wp:featuredmedia":[{"embeddable":true,"href":"https:\/\/bolsadellas.com.br\/index.php?rest_route=\/wp\/v2\/media\/34321"}],"wp:attachment":[{"href":"https:\/\/bolsadellas.com.br\/index.php?rest_route=%2Fwp%2Fv2%2Fmedia&parent=34320"}],"wp:term":[{"taxonomy":"product_brand","embeddable":true,"href":"https:\/\/bolsadellas.com.br\/index.php?rest_route=%2Fwp%2Fv2%2Fproduct_brand&post=34320"},{"taxonomy":"product_cat","embeddable":true,"href":"https:\/\/bolsadellas.com.br\/index.php?rest_route=%2Fwp%2Fv2%2Fproduct_cat&post=34320"},{"taxonomy":"product_tag","embeddable":true,"href":"https:\/\/bolsadellas.com.br\/index.php?rest_route=%2Fwp%2Fv2%2Fproduct_tag&post=34320"}],"curies":[{"name":"wp","href":"https:\/\/api.w.org\/{rel}","templated":true}]}}