{"id":34312,"date":"2026-04-23T12:42:19","date_gmt":"2026-04-23T15:42:19","guid":{"rendered":"https:\/\/bolsadellas.com.br\/?post_type=product&#038;p=34312"},"modified":"2026-04-23T12:42:19","modified_gmt":"2026-04-23T15:42:19","slug":"bolsa-coach-bleecker-21-suede","status":"publish","type":"product","link":"https:\/\/bolsadellas.com.br\/?product=bolsa-coach-bleecker-21-suede","title":{"rendered":"Bolsa Coach Bleecker 21 suede"},"content":{"rendered":"<p>Com um design minimalista e elegante, a nossa bolsa Bleecker Bucket \u00e9 um modelo para o dia a dia com uma ineg\u00e1vel sofistica\u00e7\u00e3o nova-iorquina. Confeccionada em camur\u00e7a aveludada, a compacta 21 fecha com o nosso fecho de mosquet\u00e3o e possui uma al\u00e7a de ombro larga e ajust\u00e1vel para maior conforto. Conta ainda com um bolso interno com fecho de press\u00e3o e uma pr\u00e1tica necessaire remov\u00edvel com fecho de correr para organizar pequenos objetos essenciais.<\/p>\n<p>Bolso interno com fecho de press\u00e3o<\/p>\n<p>&#8211; Fechamento por clipe dogleash<\/p>\n<p>&#8211; Bolsa remov\u00edvel com z\u00edper<\/p>\n<p>&#8211; Al\u00e7a ajust\u00e1vel com abertura de 36 cm<\/p>\n<p>&#8211; 21 cm (Largura) x 21 cm (Altura) x 11 cm (Profundidade)<\/p>\n","protected":false},"excerpt":{"rendered":"<p>Com um design minimalista e elegante, a nossa bolsa Bleecker Bucket \u00e9 um modelo para o dia a dia com uma ineg\u00e1vel sofistica\u00e7\u00e3o nova-iorquina. Confeccionada em camur\u00e7a aveludada, a compacta 21 fecha com o nosso fecho de mosquet\u00e3o e possui uma al\u00e7a de ombro larga e ajust\u00e1vel para maior conforto. Conta ainda com um bolso &hellip; <\/p>\n","protected":false},"featured_media":34313,"template":"","meta":[],"product_brand":[],"product_cat":[106,349,366],"product_tag":[],"class_list":{"0":"post-34312","1":"product","2":"type-product","3":"status-publish","4":"has-post-thumbnail","6":"product_cat-bolsas","7":"product_cat-coach","8":"product_cat-todos-os-produtos","9":"latest_post","11":"first","12":"instock","13":"taxable","14":"shipping-taxable","15":"purchasable","16":"product-type-simple"},"_links":{"self":[{"href":"https:\/\/bolsadellas.com.br\/index.php?rest_route=\/wp\/v2\/product\/34312","targetHints":{"allow":["GET"]}}],"collection":[{"href":"https:\/\/bolsadellas.com.br\/index.php?rest_route=\/wp\/v2\/product"}],"about":[{"href":"https:\/\/bolsadellas.com.br\/index.php?rest_route=\/wp\/v2\/types\/product"}],"wp:featuredmedia":[{"embeddable":true,"href":"https:\/\/bolsadellas.com.br\/index.php?rest_route=\/wp\/v2\/media\/34313"}],"wp:attachment":[{"href":"https:\/\/bolsadellas.com.br\/index.php?rest_route=%2Fwp%2Fv2%2Fmedia&parent=34312"}],"wp:term":[{"taxonomy":"product_brand","embeddable":true,"href":"https:\/\/bolsadellas.com.br\/index.php?rest_route=%2Fwp%2Fv2%2Fproduct_brand&post=34312"},{"taxonomy":"product_cat","embeddable":true,"href":"https:\/\/bolsadellas.com.br\/index.php?rest_route=%2Fwp%2Fv2%2Fproduct_cat&post=34312"},{"taxonomy":"product_tag","embeddable":true,"href":"https:\/\/bolsadellas.com.br\/index.php?rest_route=%2Fwp%2Fv2%2Fproduct_tag&post=34312"}],"curies":[{"name":"wp","href":"https:\/\/api.w.org\/{rel}","templated":true}]}}