{"id":34308,"date":"2026-04-23T12:37:49","date_gmt":"2026-04-23T15:37:49","guid":{"rendered":"https:\/\/bolsadellas.com.br\/?post_type=product&#038;p=34308"},"modified":"2026-04-23T12:37:50","modified_gmt":"2026-04-23T15:37:50","slug":"carteira-coach-slim-billfold-preta","status":"publish","type":"product","link":"https:\/\/bolsadellas.com.br\/?product=carteira-coach-slim-billfold-preta","title":{"rendered":"Carteira Coach slim billfold preta"},"content":{"rendered":"<div class=\"product-props__details\" aria-label=\"crian\u00e7a\">\n<ul>\n<li><span dir=\"auto\">Couro de bezerro refinado<\/span><\/li>\n<\/ul>\n<\/div>\n<p>&nbsp;<\/p>\n<div class=\"product-props__details\" aria-label=\"crian\u00e7a\">\n<h2><span dir=\"auto\">Caracter\u00edsticas<\/span><\/h2>\n<ul>\n<li><span dir=\"auto\">Porta-moedas com z\u00edper<\/span><\/li>\n<li><span dir=\"auto\">Seis compartimentos para cart\u00f5es de cr\u00e9dito<\/span><\/li>\n<li><span dir=\"auto\">Fecho de press\u00e3o<\/span><\/li>\n<li><span dir=\"auto\">Compartimento para notas de comprimento total<\/span><\/li>\n<\/ul>\n<\/div>\n","protected":false},"excerpt":{"rendered":"<p>Couro de bezerro refinado &nbsp; Caracter\u00edsticas Porta-moedas com z\u00edper Seis compartimentos para cart\u00f5es de cr\u00e9dito Fecho de press\u00e3o Compartimento para notas de comprimento total<\/p>\n","protected":false},"featured_media":34309,"template":"","meta":[],"product_brand":[],"product_cat":[106,109,349,366],"product_tag":[],"class_list":{"0":"post-34308","1":"product","2":"type-product","3":"status-publish","4":"has-post-thumbnail","6":"product_cat-bolsas","7":"product_cat-carteiras","8":"product_cat-coach","9":"product_cat-todos-os-produtos","10":"latest_post","12":"first","13":"instock","14":"taxable","15":"shipping-taxable","16":"purchasable","17":"product-type-simple"},"_links":{"self":[{"href":"https:\/\/bolsadellas.com.br\/index.php?rest_route=\/wp\/v2\/product\/34308","targetHints":{"allow":["GET"]}}],"collection":[{"href":"https:\/\/bolsadellas.com.br\/index.php?rest_route=\/wp\/v2\/product"}],"about":[{"href":"https:\/\/bolsadellas.com.br\/index.php?rest_route=\/wp\/v2\/types\/product"}],"wp:featuredmedia":[{"embeddable":true,"href":"https:\/\/bolsadellas.com.br\/index.php?rest_route=\/wp\/v2\/media\/34309"}],"wp:attachment":[{"href":"https:\/\/bolsadellas.com.br\/index.php?rest_route=%2Fwp%2Fv2%2Fmedia&parent=34308"}],"wp:term":[{"taxonomy":"product_brand","embeddable":true,"href":"https:\/\/bolsadellas.com.br\/index.php?rest_route=%2Fwp%2Fv2%2Fproduct_brand&post=34308"},{"taxonomy":"product_cat","embeddable":true,"href":"https:\/\/bolsadellas.com.br\/index.php?rest_route=%2Fwp%2Fv2%2Fproduct_cat&post=34308"},{"taxonomy":"product_tag","embeddable":true,"href":"https:\/\/bolsadellas.com.br\/index.php?rest_route=%2Fwp%2Fv2%2Fproduct_tag&post=34308"}],"curies":[{"name":"wp","href":"https:\/\/api.w.org\/{rel}","templated":true}]}}