{"id":34299,"date":"2026-04-25T12:36:15","date_gmt":"2026-04-25T15:36:15","guid":{"rendered":"https:\/\/bolsadellas.com.br\/?post_type=product&#038;p=34299"},"modified":"2026-04-29T10:30:44","modified_gmt":"2026-04-29T13:30:44","slug":"carteira-coach-slim-billfold-signature","status":"publish","type":"product","link":"https:\/\/bolsadellas.com.br\/?product=carteira-coach-slim-billfold-signature","title":{"rendered":"Carteira Coach slim billfold signature"},"content":{"rendered":"<ul>\n<li><span dir=\"auto\">Porta-moedas com z\u00edper<\/span><\/li>\n<li><span dir=\"auto\">Seis compartimentos para cart\u00f5es de cr\u00e9dito<\/span><\/li>\n<li><span dir=\"auto\">Fecho de press\u00e3o<\/span><\/li>\n<li><span dir=\"auto\">Compartimento para notas de comprimento total<\/span><\/li>\n<\/ul>\n","protected":false},"excerpt":{"rendered":"<p>Porta-moedas com z\u00edper Seis compartimentos para cart\u00f5es de cr\u00e9dito Fecho de press\u00e3o Compartimento para notas de comprimento total<\/p>\n","protected":false},"featured_media":34304,"template":"","meta":[],"product_brand":[],"product_cat":[106,109,349,366],"product_tag":[],"class_list":{"0":"post-34299","1":"product","2":"type-product","3":"status-publish","4":"has-post-thumbnail","6":"product_cat-bolsas","7":"product_cat-carteiras","8":"product_cat-coach","9":"product_cat-todos-os-produtos","10":"latest_post","12":"first","13":"instock","14":"taxable","15":"shipping-taxable","16":"purchasable","17":"product-type-simple"},"_links":{"self":[{"href":"https:\/\/bolsadellas.com.br\/index.php?rest_route=\/wp\/v2\/product\/34299","targetHints":{"allow":["GET"]}}],"collection":[{"href":"https:\/\/bolsadellas.com.br\/index.php?rest_route=\/wp\/v2\/product"}],"about":[{"href":"https:\/\/bolsadellas.com.br\/index.php?rest_route=\/wp\/v2\/types\/product"}],"wp:featuredmedia":[{"embeddable":true,"href":"https:\/\/bolsadellas.com.br\/index.php?rest_route=\/wp\/v2\/media\/34304"}],"wp:attachment":[{"href":"https:\/\/bolsadellas.com.br\/index.php?rest_route=%2Fwp%2Fv2%2Fmedia&parent=34299"}],"wp:term":[{"taxonomy":"product_brand","embeddable":true,"href":"https:\/\/bolsadellas.com.br\/index.php?rest_route=%2Fwp%2Fv2%2Fproduct_brand&post=34299"},{"taxonomy":"product_cat","embeddable":true,"href":"https:\/\/bolsadellas.com.br\/index.php?rest_route=%2Fwp%2Fv2%2Fproduct_cat&post=34299"},{"taxonomy":"product_tag","embeddable":true,"href":"https:\/\/bolsadellas.com.br\/index.php?rest_route=%2Fwp%2Fv2%2Fproduct_tag&post=34299"}],"curies":[{"name":"wp","href":"https:\/\/api.w.org\/{rel}","templated":true}]}}