{"id":34278,"date":"2026-04-22T09:33:53","date_gmt":"2026-04-22T12:33:53","guid":{"rendered":"https:\/\/bolsadellas.com.br\/?post_type=product&#038;p=34278"},"modified":"2026-04-22T09:33:53","modified_gmt":"2026-04-22T12:33:53","slug":"bolsa-coach-bleecker-bucket-21-marrom","status":"publish","type":"product","link":"https:\/\/bolsadellas.com.br\/?product=bolsa-coach-bleecker-bucket-21-marrom","title":{"rendered":"Bolsa Coach Bleecker Bucket 21 marrom"},"content":{"rendered":"<div class=\"ecn-tabs-head\">\n<div class=\"ecn-tabs-head-item\" data-target=\"description\">DESCRI\u00c7\u00c3O<\/div>\n<\/div>\n<div class=\"ecn-tabs-contents\">\n<div id=\"details\" class=\"ecn-tab-content active\">\n<div class=\"wrap\">\n<p>&#8211; Couro de gr\u00e3o natural<\/p>\n<p>&#8211; Bolso interno com fecho de press\u00e3o<\/p>\n<p>&#8211; Fechamento por clipe dogleash<\/p>\n<p>&#8211; Bolsa remov\u00edvel com z\u00edper<\/p>\n<p>&#8211; Al\u00e7a ajust\u00e1vel com abertura de 36 cm<\/p>\n<p>&#8211; 21 cm (Largura) x 21 cm (Altura) x 11 cm (Profundidade)<\/p>\n<\/div>\n<p>Com design minimalista e elegante, a Bleecker Bucket 21 \u00e9 um modelo vers\u00e1til para o dia a dia. Confeccionada em couro de gr\u00e3o natural com textura macia, possui fechamento por clipe dogleash e al\u00e7a larga ajust\u00e1vel para uso confort\u00e1vel no ombro. O interior inclui bolso com fecho de press\u00e3o e bolsa remov\u00edvel com z\u00edper para manter seus itens organizados.<\/p>\n<\/div>\n<\/div>\n","protected":false},"excerpt":{"rendered":"<p>DESCRI\u00c7\u00c3O &#8211; Couro de gr\u00e3o natural &#8211; Bolso interno com fecho de press\u00e3o &#8211; Fechamento por clipe dogleash &#8211; Bolsa remov\u00edvel com z\u00edper &#8211; Al\u00e7a ajust\u00e1vel com abertura de 36 cm &#8211; 21 cm (Largura) x 21 cm (Altura) x 11 cm (Profundidade) Com design minimalista e elegante, a Bleecker Bucket 21 \u00e9 um modelo &hellip; <\/p>\n","protected":false},"featured_media":34280,"template":"","meta":[],"product_brand":[],"product_cat":[106,349,366],"product_tag":[],"class_list":{"0":"post-34278","1":"product","2":"type-product","3":"status-publish","4":"has-post-thumbnail","6":"product_cat-bolsas","7":"product_cat-coach","8":"product_cat-todos-os-produtos","9":"latest_post","11":"first","12":"instock","13":"taxable","14":"shipping-taxable","15":"purchasable","16":"product-type-simple"},"_links":{"self":[{"href":"https:\/\/bolsadellas.com.br\/index.php?rest_route=\/wp\/v2\/product\/34278","targetHints":{"allow":["GET"]}}],"collection":[{"href":"https:\/\/bolsadellas.com.br\/index.php?rest_route=\/wp\/v2\/product"}],"about":[{"href":"https:\/\/bolsadellas.com.br\/index.php?rest_route=\/wp\/v2\/types\/product"}],"wp:featuredmedia":[{"embeddable":true,"href":"https:\/\/bolsadellas.com.br\/index.php?rest_route=\/wp\/v2\/media\/34280"}],"wp:attachment":[{"href":"https:\/\/bolsadellas.com.br\/index.php?rest_route=%2Fwp%2Fv2%2Fmedia&parent=34278"}],"wp:term":[{"taxonomy":"product_brand","embeddable":true,"href":"https:\/\/bolsadellas.com.br\/index.php?rest_route=%2Fwp%2Fv2%2Fproduct_brand&post=34278"},{"taxonomy":"product_cat","embeddable":true,"href":"https:\/\/bolsadellas.com.br\/index.php?rest_route=%2Fwp%2Fv2%2Fproduct_cat&post=34278"},{"taxonomy":"product_tag","embeddable":true,"href":"https:\/\/bolsadellas.com.br\/index.php?rest_route=%2Fwp%2Fv2%2Fproduct_tag&post=34278"}],"curies":[{"name":"wp","href":"https:\/\/api.w.org\/{rel}","templated":true}]}}