{"id":34213,"date":"2026-04-17T18:52:08","date_gmt":"2026-04-17T21:52:08","guid":{"rendered":"https:\/\/bolsadellas.com.br\/?post_type=product&#038;p=34213"},"modified":"2026-04-17T19:59:13","modified_gmt":"2026-04-17T22:59:13","slug":"bolsa-coach-elora-marrom","status":"publish","type":"product","link":"https:\/\/bolsadellas.com.br\/?product=bolsa-coach-elora-marrom","title":{"rendered":"Bolsa Coach Elora marrom"},"content":{"rendered":"<p>SOFISTICADA E ELEGANTE, A NOSSA ELORA \u00c9 UM MODELO ALONGADO COM ABA FRONTAL, PERFEITO TANTO PARA O DIA COMO PARA A NOITE. COM ESPA\u00c7O PARA TODOS OS ITENS ESSENCIAIS, ESTA BOLSA VERS\u00c1TIL EM COURO REFINADO PODE SER USADA COMO CLUTCH, PELA AL\u00c7A SUPERIOR OU AO OMBRO E NA TRANSVERSAL COM A AL\u00c7A REMOVIVEL.<\/p>\n<p>Medidas: 21 x 11 x 5 cm.<\/p>\n","protected":false},"excerpt":{"rendered":"<p>SOFISTICADA E ELEGANTE, A NOSSA ELORA \u00c9 UM MODELO ALONGADO COM ABA FRONTAL, PERFEITO TANTO PARA O DIA COMO PARA A NOITE. COM ESPA\u00c7O PARA TODOS OS ITENS ESSENCIAIS, ESTA BOLSA VERS\u00c1TIL EM COURO REFINADO PODE SER USADA COMO CLUTCH, PELA AL\u00c7A SUPERIOR OU AO OMBRO E NA TRANSVERSAL COM A AL\u00c7A REMOVIVEL. Medidas: 21 &hellip; <\/p>\n","protected":false},"featured_media":34215,"template":"","meta":[],"product_brand":[],"product_cat":[106,349,366],"product_tag":[],"class_list":{"0":"post-34213","1":"product","2":"type-product","3":"status-publish","4":"has-post-thumbnail","6":"product_cat-bolsas","7":"product_cat-coach","8":"product_cat-todos-os-produtos","9":"latest_post","11":"first","12":"instock","13":"taxable","14":"shipping-taxable","15":"purchasable","16":"product-type-simple"},"_links":{"self":[{"href":"https:\/\/bolsadellas.com.br\/index.php?rest_route=\/wp\/v2\/product\/34213","targetHints":{"allow":["GET"]}}],"collection":[{"href":"https:\/\/bolsadellas.com.br\/index.php?rest_route=\/wp\/v2\/product"}],"about":[{"href":"https:\/\/bolsadellas.com.br\/index.php?rest_route=\/wp\/v2\/types\/product"}],"wp:featuredmedia":[{"embeddable":true,"href":"https:\/\/bolsadellas.com.br\/index.php?rest_route=\/wp\/v2\/media\/34215"}],"wp:attachment":[{"href":"https:\/\/bolsadellas.com.br\/index.php?rest_route=%2Fwp%2Fv2%2Fmedia&parent=34213"}],"wp:term":[{"taxonomy":"product_brand","embeddable":true,"href":"https:\/\/bolsadellas.com.br\/index.php?rest_route=%2Fwp%2Fv2%2Fproduct_brand&post=34213"},{"taxonomy":"product_cat","embeddable":true,"href":"https:\/\/bolsadellas.com.br\/index.php?rest_route=%2Fwp%2Fv2%2Fproduct_cat&post=34213"},{"taxonomy":"product_tag","embeddable":true,"href":"https:\/\/bolsadellas.com.br\/index.php?rest_route=%2Fwp%2Fv2%2Fproduct_tag&post=34213"}],"curies":[{"name":"wp","href":"https:\/\/api.w.org\/{rel}","templated":true}]}}