{"id":34211,"date":"2026-04-17T18:52:20","date_gmt":"2026-04-17T21:52:20","guid":{"rendered":"https:\/\/bolsadellas.com.br\/?post_type=product&#038;p=34211"},"modified":"2026-04-17T21:42:10","modified_gmt":"2026-04-18T00:42:10","slug":"bolsa-coach-elora-suede-marrom","status":"publish","type":"product","link":"https:\/\/bolsadellas.com.br\/?product=bolsa-coach-elora-suede-marrom","title":{"rendered":"Bolsa Coach Elora suede marrom"},"content":{"rendered":"<p>SOFISTICADA E ELEGANTE, A NOSSA ELORA \u00c9 UM MODELO ALONGADO COM ABA FRONTAL, PERFEITO TANTO PARA O DIA COMO PARA A NOITE. COM ESPA\u00c7O PARA TODOS OS ITENS ESSENCIAIS, ESTA BOLSA VERS\u00c1TIL EM CAMUR\u00c7A E COURO REFINADO PODE SER USADA COMO CLUTCH, PELA AL\u00c7A SUPERIOR OU AO OMBRO ENA TRANSVERSAL COM A AL\u00c7A REMOV\u00cdVEL.<\/p>\n<p>Medidas: 21 x 11 x 5 cm.<\/p>\n","protected":false},"excerpt":{"rendered":"<p>SOFISTICADA E ELEGANTE, A NOSSA ELORA \u00c9 UM MODELO ALONGADO COM ABA FRONTAL, PERFEITO TANTO PARA O DIA COMO PARA A NOITE. COM ESPA\u00c7O PARA TODOS OS ITENS ESSENCIAIS, ESTA BOLSA VERS\u00c1TIL EM CAMUR\u00c7A E COURO REFINADO PODE SER USADA COMO CLUTCH, PELA AL\u00c7A SUPERIOR OU AO OMBRO ENA TRANSVERSAL COM A AL\u00c7A REMOV\u00cdVEL. Medidas: &hellip; <\/p>\n","protected":false},"featured_media":34187,"template":"","meta":[],"product_brand":[],"product_cat":[106,349,366],"product_tag":[],"class_list":{"0":"post-34211","1":"product","2":"type-product","3":"status-publish","4":"has-post-thumbnail","6":"product_cat-bolsas","7":"product_cat-coach","8":"product_cat-todos-os-produtos","9":"latest_post","11":"first","12":"instock","13":"taxable","14":"shipping-taxable","15":"purchasable","16":"product-type-simple"},"_links":{"self":[{"href":"https:\/\/bolsadellas.com.br\/index.php?rest_route=\/wp\/v2\/product\/34211","targetHints":{"allow":["GET"]}}],"collection":[{"href":"https:\/\/bolsadellas.com.br\/index.php?rest_route=\/wp\/v2\/product"}],"about":[{"href":"https:\/\/bolsadellas.com.br\/index.php?rest_route=\/wp\/v2\/types\/product"}],"wp:featuredmedia":[{"embeddable":true,"href":"https:\/\/bolsadellas.com.br\/index.php?rest_route=\/wp\/v2\/media\/34187"}],"wp:attachment":[{"href":"https:\/\/bolsadellas.com.br\/index.php?rest_route=%2Fwp%2Fv2%2Fmedia&parent=34211"}],"wp:term":[{"taxonomy":"product_brand","embeddable":true,"href":"https:\/\/bolsadellas.com.br\/index.php?rest_route=%2Fwp%2Fv2%2Fproduct_brand&post=34211"},{"taxonomy":"product_cat","embeddable":true,"href":"https:\/\/bolsadellas.com.br\/index.php?rest_route=%2Fwp%2Fv2%2Fproduct_cat&post=34211"},{"taxonomy":"product_tag","embeddable":true,"href":"https:\/\/bolsadellas.com.br\/index.php?rest_route=%2Fwp%2Fv2%2Fproduct_tag&post=34211"}],"curies":[{"name":"wp","href":"https:\/\/api.w.org\/{rel}","templated":true}]}}