{"id":34147,"date":"2026-02-07T13:26:10","date_gmt":"2026-02-07T16:26:10","guid":{"rendered":"https:\/\/bolsadellas.com.br\/?post_type=product&#038;p=34147"},"modified":"2026-04-23T20:54:03","modified_gmt":"2026-04-23T23:54:03","slug":"relogio-technos-mini-5y20lp-1k","status":"publish","type":"product","link":"https:\/\/bolsadellas.com.br\/?product=relogio-technos-mini-5y20lp-1k","title":{"rendered":"Rel\u00f3gio Technos Mini 5Y20LP\/1K"},"content":{"rendered":"<p>Rel\u00f3gio Technos Mini, lan\u00e7amento com uma nova caixa, pequena e delicada. O modelo \u00e9 uma verdadeira joia no pulso, apresentando harmonia em cada detalhe. Sua sofisticada pulseira com textura diferenciada \u00e9 complementada pelo vidro facetado, que oferece um brilho \u00fanico. Al\u00e9m disso, seu mostrador conta com a aplica\u00e7\u00e3o de pedras e detalhes met\u00e1licos nos marcadores de hora. Produto 100% em a\u00e7o inoxid\u00e1vel, com m\u00e1quina quartz Japonesa Miyota e resist\u00eancia \u00e0 \u00e1gua de 50 metros.<\/p>\n<ul class=\"list-disc list-circle pl-5\">\n<li><strong>G\u00eanero<\/strong>:\u00a0Feminino<\/li>\n<li><strong>Banho<\/strong>:\u00a0Dourado<\/li>\n<li><strong>Tipo<\/strong>:\u00a0Anal\u00f3gico<\/li>\n<li><strong>Cor da Caixa<\/strong>:\u00a0Dourado<\/li>\n<li><strong>Formato<\/strong>:\u00a0Redondo<\/li>\n<li><strong>Cor do Mostrador<\/strong>:\u00a0Prata<\/li>\n<li><strong>Material da Pulseira<\/strong>:\u00a0A\u00e7o<\/li>\n<li><strong>Cor da Pulseira<\/strong>:\u00a0Dourado<\/li>\n<li><strong>Resist\u00eancia \u00e0 \u00c1gua<\/strong>:\u00a05 ATM<\/li>\n<li><strong>Largura da Caixa (cm)<\/strong>:\u00a02,1<\/li>\n<li><strong>Garantia<\/strong>:\u00a012 Meses<\/li>\n<\/ul>\n","protected":false},"excerpt":{"rendered":"<p>Rel\u00f3gio Technos Mini, lan\u00e7amento com uma nova caixa, pequena e delicada. O modelo \u00e9 uma verdadeira joia no pulso, apresentando harmonia em cada detalhe. Sua sofisticada pulseira com textura diferenciada \u00e9 complementada pelo vidro facetado, que oferece um brilho \u00fanico. Al\u00e9m disso, seu mostrador conta com a aplica\u00e7\u00e3o de pedras e detalhes met\u00e1licos nos marcadores &hellip; <\/p>\n","protected":false},"featured_media":34148,"template":"","meta":[],"product_brand":[],"product_cat":[107,367,366],"product_tag":[],"class_list":{"0":"post-34147","1":"product","2":"type-product","3":"status-publish","4":"has-post-thumbnail","6":"product_cat-relogios","7":"product_cat-technos","8":"product_cat-todos-os-produtos","9":"latest_post","11":"first","12":"outofstock","13":"taxable","14":"shipping-taxable","15":"purchasable","16":"product-type-simple"},"_links":{"self":[{"href":"https:\/\/bolsadellas.com.br\/index.php?rest_route=\/wp\/v2\/product\/34147","targetHints":{"allow":["GET"]}}],"collection":[{"href":"https:\/\/bolsadellas.com.br\/index.php?rest_route=\/wp\/v2\/product"}],"about":[{"href":"https:\/\/bolsadellas.com.br\/index.php?rest_route=\/wp\/v2\/types\/product"}],"wp:featuredmedia":[{"embeddable":true,"href":"https:\/\/bolsadellas.com.br\/index.php?rest_route=\/wp\/v2\/media\/34148"}],"wp:attachment":[{"href":"https:\/\/bolsadellas.com.br\/index.php?rest_route=%2Fwp%2Fv2%2Fmedia&parent=34147"}],"wp:term":[{"taxonomy":"product_brand","embeddable":true,"href":"https:\/\/bolsadellas.com.br\/index.php?rest_route=%2Fwp%2Fv2%2Fproduct_brand&post=34147"},{"taxonomy":"product_cat","embeddable":true,"href":"https:\/\/bolsadellas.com.br\/index.php?rest_route=%2Fwp%2Fv2%2Fproduct_cat&post=34147"},{"taxonomy":"product_tag","embeddable":true,"href":"https:\/\/bolsadellas.com.br\/index.php?rest_route=%2Fwp%2Fv2%2Fproduct_tag&post=34147"}],"curies":[{"name":"wp","href":"https:\/\/api.w.org\/{rel}","templated":true}]}}