{"id":34143,"date":"2026-04-17T21:36:16","date_gmt":"2026-04-18T00:36:16","guid":{"rendered":"https:\/\/bolsadellas.com.br\/?post_type=product&#038;p=34143"},"modified":"2026-04-17T21:36:16","modified_gmt":"2026-04-18T00:36:16","slug":"relogio-technos-elos-2035ncv-1x","status":"publish","type":"product","link":"https:\/\/bolsadellas.com.br\/?product=relogio-technos-elos-2035ncv-1x","title":{"rendered":"Rel\u00f3gio Technos Elos 2035NCV\/1X"},"content":{"rendered":"<p>Rel\u00f3gio Technos Elos combina eleg\u00e2ncia e modernidade. Com caixa pequena em formato diferenciado, marcadores de hora com textura refinada e pulseira de a\u00e7o com elos s\u00f3lidos, ele valoriza o pulso com leveza e sofistica\u00e7\u00e3o. O design contempor\u00e2neo torna esse modelo ideal para compor uma personalidade sofisticada. Al\u00e9m disso, o rel\u00f3gio apresenta banho em dourado e resist\u00eancia \u00e0 \u00e1gua de 50 metros.<\/p>\n<ul class=\"list-disc list-circle pl-5\">\n<li><strong>G\u00eanero<\/strong>:\u00a0Feminino<\/li>\n<li><strong>Banho<\/strong>:\u00a0Dourado<\/li>\n<li><strong>Tipo<\/strong>:\u00a0Anal\u00f3gico<\/li>\n<li><strong>Material da Caixa<\/strong>:\u00a0A\u00e7o<\/li>\n<li><strong>Cor da Caixa<\/strong>:\u00a0Dourado<\/li>\n<li><strong>Cor do Mostrador<\/strong>:\u00a0Champagne<\/li>\n<li><strong>Material da Pulseira<\/strong>:\u00a0A\u00e7o<\/li>\n<li><strong>Cor da Pulseira<\/strong>:\u00a0Dourado<\/li>\n<li><strong>Resist\u00eancia \u00e0 \u00c1gua<\/strong>:\u00a05 ATM<\/li>\n<li><strong>Largura da Caixa (cm)<\/strong>:\u00a02,3<\/li>\n<li><strong>Garantia<\/strong>:\u00a012 meses<\/li>\n<\/ul>\n","protected":false},"excerpt":{"rendered":"<p>Rel\u00f3gio Technos Elos combina eleg\u00e2ncia e modernidade. Com caixa pequena em formato diferenciado, marcadores de hora com textura refinada e pulseira de a\u00e7o com elos s\u00f3lidos, ele valoriza o pulso com leveza e sofistica\u00e7\u00e3o. O design contempor\u00e2neo torna esse modelo ideal para compor uma personalidade sofisticada. Al\u00e9m disso, o rel\u00f3gio apresenta banho em dourado e &hellip; <\/p>\n","protected":false},"featured_media":34144,"template":"","meta":[],"product_brand":[],"product_cat":[107,367,366],"product_tag":[],"class_list":{"0":"post-34143","1":"product","2":"type-product","3":"status-publish","4":"has-post-thumbnail","6":"product_cat-relogios","7":"product_cat-technos","8":"product_cat-todos-os-produtos","9":"latest_post","11":"first","12":"instock","13":"taxable","14":"shipping-taxable","15":"purchasable","16":"product-type-simple"},"_links":{"self":[{"href":"https:\/\/bolsadellas.com.br\/index.php?rest_route=\/wp\/v2\/product\/34143","targetHints":{"allow":["GET"]}}],"collection":[{"href":"https:\/\/bolsadellas.com.br\/index.php?rest_route=\/wp\/v2\/product"}],"about":[{"href":"https:\/\/bolsadellas.com.br\/index.php?rest_route=\/wp\/v2\/types\/product"}],"wp:featuredmedia":[{"embeddable":true,"href":"https:\/\/bolsadellas.com.br\/index.php?rest_route=\/wp\/v2\/media\/34144"}],"wp:attachment":[{"href":"https:\/\/bolsadellas.com.br\/index.php?rest_route=%2Fwp%2Fv2%2Fmedia&parent=34143"}],"wp:term":[{"taxonomy":"product_brand","embeddable":true,"href":"https:\/\/bolsadellas.com.br\/index.php?rest_route=%2Fwp%2Fv2%2Fproduct_brand&post=34143"},{"taxonomy":"product_cat","embeddable":true,"href":"https:\/\/bolsadellas.com.br\/index.php?rest_route=%2Fwp%2Fv2%2Fproduct_cat&post=34143"},{"taxonomy":"product_tag","embeddable":true,"href":"https:\/\/bolsadellas.com.br\/index.php?rest_route=%2Fwp%2Fv2%2Fproduct_tag&post=34143"}],"curies":[{"name":"wp","href":"https:\/\/api.w.org\/{rel}","templated":true}]}}