{"id":34138,"date":"2026-04-17T18:56:42","date_gmt":"2026-04-17T21:56:42","guid":{"rendered":"https:\/\/bolsadellas.com.br\/?post_type=product&#038;p=34138"},"modified":"2026-04-17T18:56:42","modified_gmt":"2026-04-17T21:56:42","slug":"relogio-technos-mini-joia-2035nbm-1m","status":"publish","type":"product","link":"https:\/\/bolsadellas.com.br\/?product=relogio-technos-mini-joia-2035nbm-1m","title":{"rendered":"Rel\u00f3gio Technos Mini Joia 2035NBM\/1M"},"content":{"rendered":"<p>Rel\u00f3gio Mini apresenta um novo lan\u00e7amento de design sofisticado inspirado em joia, definido pela aplica\u00e7\u00e3o de pedras no mostrador e no aro externo, al\u00e9m da pulseira s\u00f3lida com fecho de joia. Seu mostrador redondo em madrep\u00e9rola na cor marrom apresenta numera\u00e7\u00e3o romana nas marca\u00e7\u00f5es de hora. Produto 100% em a\u00e7o inoxid\u00e1vel, banhado em bicolor, m\u00e1quina quartz Japonesa Miyota e resist\u00eancia \u00e0 \u00e1gua de 50 metros.<\/p>\n<ul class=\"list-disc list-circle pl-5\">\n<li><strong>Banho<\/strong>:\u00a0Bicolor<\/li>\n<li><strong>Tipo<\/strong>:\u00a0Anal\u00f3gico<\/li>\n<li><strong>Material da Caixa<\/strong>:\u00a0A\u00e7o<\/li>\n<li><strong>Cor da Caixa<\/strong>:\u00a0Ros\u00e9<\/li>\n<li><strong>Formato<\/strong>:\u00a0Oval<\/li>\n<li><strong>Cor do Mostrador<\/strong>:\u00a0Marrom<\/li>\n<li><strong>Material da Pulseira<\/strong>:\u00a0A\u00e7o<\/li>\n<li><strong>Cor da Pulseira<\/strong>:\u00a0Bicolor<\/li>\n<li><strong>Resist\u00eancia \u00e0 \u00c1gua<\/strong>:\u00a05 ATM<\/li>\n<li><strong>Largura da Caixa (cm)<\/strong>:\u00a02,5<\/li>\n<li><strong>Garantia<\/strong>:\u00a012 meses<\/li>\n<\/ul>\n","protected":false},"excerpt":{"rendered":"<p>Rel\u00f3gio Mini apresenta um novo lan\u00e7amento de design sofisticado inspirado em joia, definido pela aplica\u00e7\u00e3o de pedras no mostrador e no aro externo, al\u00e9m da pulseira s\u00f3lida com fecho de joia. Seu mostrador redondo em madrep\u00e9rola na cor marrom apresenta numera\u00e7\u00e3o romana nas marca\u00e7\u00f5es de hora. Produto 100% em a\u00e7o inoxid\u00e1vel, banhado em bicolor, m\u00e1quina &hellip; <\/p>\n","protected":false},"featured_media":34139,"template":"","meta":[],"product_brand":[],"product_cat":[107,367,366],"product_tag":[],"class_list":{"0":"post-34138","1":"product","2":"type-product","3":"status-publish","4":"has-post-thumbnail","6":"product_cat-relogios","7":"product_cat-technos","8":"product_cat-todos-os-produtos","9":"latest_post","11":"first","12":"instock","13":"taxable","14":"shipping-taxable","15":"purchasable","16":"product-type-simple"},"_links":{"self":[{"href":"https:\/\/bolsadellas.com.br\/index.php?rest_route=\/wp\/v2\/product\/34138","targetHints":{"allow":["GET"]}}],"collection":[{"href":"https:\/\/bolsadellas.com.br\/index.php?rest_route=\/wp\/v2\/product"}],"about":[{"href":"https:\/\/bolsadellas.com.br\/index.php?rest_route=\/wp\/v2\/types\/product"}],"wp:featuredmedia":[{"embeddable":true,"href":"https:\/\/bolsadellas.com.br\/index.php?rest_route=\/wp\/v2\/media\/34139"}],"wp:attachment":[{"href":"https:\/\/bolsadellas.com.br\/index.php?rest_route=%2Fwp%2Fv2%2Fmedia&parent=34138"}],"wp:term":[{"taxonomy":"product_brand","embeddable":true,"href":"https:\/\/bolsadellas.com.br\/index.php?rest_route=%2Fwp%2Fv2%2Fproduct_brand&post=34138"},{"taxonomy":"product_cat","embeddable":true,"href":"https:\/\/bolsadellas.com.br\/index.php?rest_route=%2Fwp%2Fv2%2Fproduct_cat&post=34138"},{"taxonomy":"product_tag","embeddable":true,"href":"https:\/\/bolsadellas.com.br\/index.php?rest_route=%2Fwp%2Fv2%2Fproduct_tag&post=34138"}],"curies":[{"name":"wp","href":"https:\/\/api.w.org\/{rel}","templated":true}]}}