{"id":34108,"date":"2026-04-10T13:41:22","date_gmt":"2026-04-10T16:41:22","guid":{"rendered":"https:\/\/bolsadellas.com.br\/?post_type=product&#038;p=34108"},"modified":"2026-04-10T13:41:22","modified_gmt":"2026-04-10T16:41:22","slug":"relogio-technos-masculino-slim-gl32ay-1p","status":"publish","type":"product","link":"https:\/\/bolsadellas.com.br\/?product=relogio-technos-masculino-slim-gl32ay-1p","title":{"rendered":"Rel\u00f3gio Technos Masculino Slim GL32AY\/1P"},"content":{"rendered":"<p>Com design minimalista, a linha Slim reinventa o conceito cl\u00e1ssico da simplicidade para apresentar seu novo modelo feminino, moderno e sofisticado. Ele possui uma variedade de pulseiras inovadoras podendo ser em a\u00e7o inoxid\u00e1vel em 5 links ou couro na cor marrom. Seu diferencial est\u00e1 na constru\u00e7\u00e3o da caixa, fina e sofisticada, e no mostrador minimalista, com acabamento espelhado, detalhes metalizados em todos os marcadores de hora e assinatura de linha. \u00c9 um rel\u00f3gio que, al\u00e9m de ser leve e confort\u00e1vel em qualquer pulso, entrega alta resist\u00eancia a riscos e arranh\u00f5es. Produto 100% em a\u00e7o inoxid\u00e1vel, com m\u00e1quina quartz Japonesa Miyota e resist\u00eancia \u00e0 \u00e1gua de 50 metros.<\/p>\n<ul class=\"list-disc list-circle pl-5\">\n<li><strong>G\u00eanero<\/strong>:\u00a0Masculino<\/li>\n<li><strong>Banho<\/strong>:\u00a0Prata<\/li>\n<li><strong>Tipo<\/strong>:\u00a0Anal\u00f3gico<\/li>\n<li><strong>Cor da Caixa<\/strong>:\u00a0Prata<\/li>\n<li><strong>Formato<\/strong>:\u00a0Redondo<\/li>\n<li><strong>Cor do Mostrador<\/strong>:\u00a0Preto<\/li>\n<li><strong>Material da Pulseira<\/strong>:\u00a0A\u00e7o<\/li>\n<li><strong>Cor da Pulseira<\/strong>:\u00a0Prata<\/li>\n<li><strong>Resist\u00eancia \u00e0 \u00c1gua<\/strong>:\u00a05 ATM<\/li>\n<li><strong>Largura da Caixa (cm)<\/strong>:\u00a04,2<\/li>\n<li><strong>Tipo de Fecho<\/strong>:\u00a0Trava Lateral<\/li>\n<li><strong>Garantia<\/strong>:\u00a012 meses<\/li>\n<\/ul>\n","protected":false},"excerpt":{"rendered":"<p>Com design minimalista, a linha Slim reinventa o conceito cl\u00e1ssico da simplicidade para apresentar seu novo modelo feminino, moderno e sofisticado. Ele possui uma variedade de pulseiras inovadoras podendo ser em a\u00e7o inoxid\u00e1vel em 5 links ou couro na cor marrom. Seu diferencial est\u00e1 na constru\u00e7\u00e3o da caixa, fina e sofisticada, e no mostrador minimalista, &hellip; <\/p>\n","protected":false},"featured_media":34109,"template":"","meta":[],"product_brand":[],"product_cat":[107,367,366],"product_tag":[],"class_list":{"0":"post-34108","1":"product","2":"type-product","3":"status-publish","4":"has-post-thumbnail","6":"product_cat-relogios","7":"product_cat-technos","8":"product_cat-todos-os-produtos","9":"latest_post","11":"first","12":"instock","13":"taxable","14":"shipping-taxable","15":"purchasable","16":"product-type-simple"},"_links":{"self":[{"href":"https:\/\/bolsadellas.com.br\/index.php?rest_route=\/wp\/v2\/product\/34108","targetHints":{"allow":["GET"]}}],"collection":[{"href":"https:\/\/bolsadellas.com.br\/index.php?rest_route=\/wp\/v2\/product"}],"about":[{"href":"https:\/\/bolsadellas.com.br\/index.php?rest_route=\/wp\/v2\/types\/product"}],"wp:featuredmedia":[{"embeddable":true,"href":"https:\/\/bolsadellas.com.br\/index.php?rest_route=\/wp\/v2\/media\/34109"}],"wp:attachment":[{"href":"https:\/\/bolsadellas.com.br\/index.php?rest_route=%2Fwp%2Fv2%2Fmedia&parent=34108"}],"wp:term":[{"taxonomy":"product_brand","embeddable":true,"href":"https:\/\/bolsadellas.com.br\/index.php?rest_route=%2Fwp%2Fv2%2Fproduct_brand&post=34108"},{"taxonomy":"product_cat","embeddable":true,"href":"https:\/\/bolsadellas.com.br\/index.php?rest_route=%2Fwp%2Fv2%2Fproduct_cat&post=34108"},{"taxonomy":"product_tag","embeddable":true,"href":"https:\/\/bolsadellas.com.br\/index.php?rest_route=%2Fwp%2Fv2%2Fproduct_tag&post=34108"}],"curies":[{"name":"wp","href":"https:\/\/api.w.org\/{rel}","templated":true}]}}