{"id":34066,"date":"2026-04-07T14:12:39","date_gmt":"2026-04-07T17:12:39","guid":{"rendered":"https:\/\/bolsadellas.com.br\/?post_type=product&#038;p=34066"},"modified":"2026-04-07T14:12:40","modified_gmt":"2026-04-07T17:12:40","slug":"bolsa-kipling-telmo-azul","status":"publish","type":"product","link":"https:\/\/bolsadellas.com.br\/?product=bolsa-kipling-telmo-azul","title":{"rendered":"Bolsa Kipling Telmo azul"},"content":{"rendered":"<p>A bolsa transversal que tamb\u00e9m funciona como carteira! O compartimento frontal com z\u00edper cont\u00e9m cinco compartimentos para cart\u00f5es, um compartimento para documentos de identidade e um pequeno compartimento com z\u00edper para moedas. Use o bolso adicional com z\u00edper para guardar seu celular ou um ou dois glosses labiais. A Telmo \u00e9 \u00f3tima para viajar superleve, seja em viagens, seja para assistir a jogos esportivos ou shows.<\/p>\n<div class=\"vtex-flex-layout-0-x-flexColChild vtex-flex-layout-0-x-flexColChild--info-specification pb0\">\n<div class=\"vtex-flex-layout-0-x-flexRow vtex-flex-layout-0-x-flexRow--productSpecificationGroup\" aria-label=\"Linha de sess\u00e3o\">\n<div class=\"flex mt0 mb0 pt0 pb0    justify-start vtex-flex-layout-0-x-flexRowContent vtex-flex-layout-0-x-flexRowContent--productSpecificationGroup items-stretch w-100\">\n<div class=\"pr0 items-stretch vtex-flex-layout-0-x-stretchChildrenWidth   flex\">\n<div class=\"vtex-flex-layout-0-x-flexCol  ml0 mr0 pl0 pr0      flex flex-column h-100 w-100\">\n<div class=\"vtex-flex-layout-0-x-flexColChild pb0\">\n<div class=\"vtex-flex-layout-0-x-flexRow vtex-flex-layout-0-x-flexRow--productSpecification\" aria-label=\"Linha de sess\u00e3o\">\n<div class=\"flex mt0 mb0 pt0 pb0    justify-start vtex-flex-layout-0-x-flexRowContent vtex-flex-layout-0-x-flexRowContent--productSpecification items-stretch w-100\">\n<div class=\"pr0 items-stretch vtex-flex-layout-0-x-stretchChildrenWidth   flex\">\n<div class=\"vtex-flex-layout-0-x-flexCol vtex-flex-layout-0-x-flexCol--productSpecificationName  ml0 mr0 pl0 pr0      flex flex-column h-100 w-100\">\n<div class=\"vtex-flex-layout-0-x-flexColChild vtex-flex-layout-0-x-flexColChild--productSpecificationName pb0\"><span class=\"vtex-product-specifications-1-x-specificationName\" data-specification-group=\"Bolsas\" data-specification-name=\"Cor\">Cor<\/span><\/div>\n<\/div>\n<\/div>\n<div class=\"pr0 items-stretch vtex-flex-layout-0-x-stretchChildrenWidth   flex\">\n<div class=\"vtex-flex-layout-0-x-flexCol vtex-flex-layout-0-x-flexCol--productSpecificationValue  ml0 mr0 pl0 pr0      flex flex-column h-100 w-100\">\n<div class=\"vtex-flex-layout-0-x-flexColChild vtex-flex-layout-0-x-flexColChild--productSpecificationValue pb0\"><span class=\"vtex-product-specifications-1-x-specificationValue vtex-product-specifications-1-x-specificationValue--first vtex-product-specifications-1-x-specificationValue--last\" data-specification-group=\"Bolsas\" data-specification-name=\"Cor\" data-specification-value=\"Azul\">Azul<\/span><\/div>\n<\/div>\n<\/div>\n<\/div>\n<\/div>\n<div class=\"vtex-flex-layout-0-x-flexRow vtex-flex-layout-0-x-flexRow--productSpecification\" aria-label=\"Linha de sess\u00e3o\">\n<div class=\"flex mt0 mb0 pt0 pb0    justify-start vtex-flex-layout-0-x-flexRowContent vtex-flex-layout-0-x-flexRowContent--productSpecification items-stretch w-100\">\n<div class=\"pr0 items-stretch vtex-flex-layout-0-x-stretchChildrenWidth   flex\">\n<div class=\"vtex-flex-layout-0-x-flexCol vtex-flex-layout-0-x-flexCol--productSpecificationName  ml0 mr0 pl0 pr0      flex flex-column h-100 w-100\">\n<div class=\"vtex-flex-layout-0-x-flexColChild vtex-flex-layout-0-x-flexColChild--productSpecificationName pb0\"><span class=\"vtex-product-specifications-1-x-specificationName\" data-specification-group=\"Bolsas\" data-specification-name=\"Tamanho\">Tamanho<\/span><\/div>\n<\/div>\n<\/div>\n<div class=\"pr0 items-stretch vtex-flex-layout-0-x-stretchChildrenWidth   flex\">\n<div class=\"vtex-flex-layout-0-x-flexCol vtex-flex-layout-0-x-flexCol--productSpecificationValue  ml0 mr0 pl0 pr0      flex flex-column h-100 w-100\">\n<div class=\"vtex-flex-layout-0-x-flexColChild vtex-flex-layout-0-x-flexColChild--productSpecificationValue pb0\"><span class=\"vtex-product-specifications-1-x-specificationValue vtex-product-specifications-1-x-specificationValue--first vtex-product-specifications-1-x-specificationValue--last\" data-specification-group=\"Bolsas\" data-specification-name=\"Tamanho\" data-specification-value=\"Pequena\">Pequena<\/span><\/div>\n<\/div>\n<\/div>\n<\/div>\n<\/div>\n<div class=\"vtex-flex-layout-0-x-flexRow vtex-flex-layout-0-x-flexRow--productSpecification\" aria-label=\"Linha de sess\u00e3o\">\n<div class=\"flex mt0 mb0 pt0 pb0    justify-start vtex-flex-layout-0-x-flexRowContent vtex-flex-layout-0-x-flexRowContent--productSpecification items-stretch w-100\">\n<div class=\"pr0 items-stretch vtex-flex-layout-0-x-stretchChildrenWidth   flex\">\n<div class=\"vtex-flex-layout-0-x-flexCol vtex-flex-layout-0-x-flexCol--productSpecificationName  ml0 mr0 pl0 pr0      flex flex-column h-100 w-100\">\n<div class=\"vtex-flex-layout-0-x-flexColChild vtex-flex-layout-0-x-flexColChild--productSpecificationName pb0\"><span class=\"vtex-product-specifications-1-x-specificationName\" data-specification-group=\"Bolsas\" data-specification-name=\"Categoria\">Categoria<\/span><\/div>\n<\/div>\n<\/div>\n<div class=\"pr0 items-stretch vtex-flex-layout-0-x-stretchChildrenWidth   flex\">\n<div class=\"vtex-flex-layout-0-x-flexCol vtex-flex-layout-0-x-flexCol--productSpecificationValue  ml0 mr0 pl0 pr0      flex flex-column h-100 w-100\">\n<div class=\"vtex-flex-layout-0-x-flexColChild vtex-flex-layout-0-x-flexColChild--productSpecificationValue pb0\"><span class=\"vtex-product-specifications-1-x-specificationValue vtex-product-specifications-1-x-specificationValue--first vtex-product-specifications-1-x-specificationValue--last\" data-specification-group=\"Bolsas\" data-specification-name=\"Categoria\" data-specification-value=\"Dia a Dia\">Dia a Dia<\/span><\/div>\n<\/div>\n<\/div>\n<\/div>\n<\/div>\n<div class=\"vtex-flex-layout-0-x-flexRow vtex-flex-layout-0-x-flexRow--productSpecification\" aria-label=\"Linha de sess\u00e3o\">\n<div class=\"flex mt0 mb0 pt0 pb0    justify-start vtex-flex-layout-0-x-flexRowContent vtex-flex-layout-0-x-flexRowContent--productSpecification items-stretch w-100\">\n<div class=\"pr0 items-stretch vtex-flex-layout-0-x-stretchChildrenWidth   flex\">\n<div class=\"vtex-flex-layout-0-x-flexCol vtex-flex-layout-0-x-flexCol--productSpecificationName  ml0 mr0 pl0 pr0      flex flex-column h-100 w-100\">\n<div class=\"vtex-flex-layout-0-x-flexColChild vtex-flex-layout-0-x-flexColChild--productSpecificationName pb0\"><span class=\"vtex-product-specifications-1-x-specificationName\" data-specification-group=\"Bolsas\" data-specification-name=\"Litragem\">Litragem<\/span><\/div>\n<\/div>\n<\/div>\n<div class=\"pr0 items-stretch vtex-flex-layout-0-x-stretchChildrenWidth   flex\">\n<div class=\"vtex-flex-layout-0-x-flexCol vtex-flex-layout-0-x-flexCol--productSpecificationValue  ml0 mr0 pl0 pr0      flex flex-column h-100 w-100\">\n<div class=\"vtex-flex-layout-0-x-flexColChild vtex-flex-layout-0-x-flexColChild--productSpecificationValue pb0\"><span class=\"vtex-product-specifications-1-x-specificationValue vtex-product-specifications-1-x-specificationValue--first vtex-product-specifications-1-x-specificationValue--last\" data-specification-group=\"Bolsas\" data-specification-name=\"Litragem\" data-specification-value=\"0,5 L\">0,5 L<\/span><\/div>\n<\/div>\n<\/div>\n<\/div>\n<\/div>\n<\/div>\n<\/div>\n<\/div>\n<\/div>\n<\/div>\n<div class=\"vtex-flex-layout-0-x-flexRow vtex-flex-layout-0-x-flexRow--productSpecificationGroup\" aria-label=\"Linha de sess\u00e3o\">\n<div class=\"flex mt0 mb0 pt0 pb0    justify-start vtex-flex-layout-0-x-flexRowContent vtex-flex-layout-0-x-flexRowContent--productSpecificationGroup items-stretch w-100\">\n<div class=\"pr0 items-stretch vtex-flex-layout-0-x-stretchChildrenWidth   flex\">\n<div class=\"vtex-flex-layout-0-x-flexCol  ml0 mr0 pl0 pr0      flex flex-column h-100 w-100\">\n<div class=\"vtex-flex-layout-0-x-flexColChild pb0\">\n<div class=\"vtex-flex-layout-0-x-flexRow vtex-flex-layout-0-x-flexRow--productSpecificationGroupName\" aria-label=\"Linha de sess\u00e3o\"><\/div>\n<\/div>\n<div class=\"vtex-flex-layout-0-x-flexColChild pb0\">\n<div class=\"vtex-flex-layout-0-x-flexRow vtex-flex-layout-0-x-flexRow--productSpecification\" aria-label=\"Linha de sess\u00e3o\">\n<div class=\"flex mt0 mb0 pt0 pb0    justify-start vtex-flex-layout-0-x-flexRowContent vtex-flex-layout-0-x-flexRowContent--productSpecification items-stretch w-100\">\n<div class=\"pr0 items-stretch vtex-flex-layout-0-x-stretchChildrenWidth   flex\">\n<div class=\"vtex-flex-layout-0-x-flexCol vtex-flex-layout-0-x-flexCol--productSpecificationName  ml0 mr0 pl0 pr0      flex flex-column h-100 w-100\">\n<div class=\"vtex-flex-layout-0-x-flexColChild vtex-flex-layout-0-x-flexColChild--productSpecificationName pb0\"><span class=\"vtex-product-specifications-1-x-specificationName\" data-specification-group=\"Grupo\" data-specification-name=\"Cor Original\">Cor Original<\/span><\/div>\n<\/div>\n<\/div>\n<div class=\"pr0 items-stretch vtex-flex-layout-0-x-stretchChildrenWidth   flex\">\n<div class=\"vtex-flex-layout-0-x-flexCol vtex-flex-layout-0-x-flexCol--productSpecificationValue  ml0 mr0 pl0 pr0      flex flex-column h-100 w-100\">\n<div class=\"vtex-flex-layout-0-x-flexColChild vtex-flex-layout-0-x-flexColChild--productSpecificationValue pb0\"><span class=\"vtex-product-specifications-1-x-specificationValue vtex-product-specifications-1-x-specificationValue--first vtex-product-specifications-1-x-specificationValue--last\" data-specification-group=\"Grupo\" data-specification-name=\"Cor Original\" data-specification-value=\"Blue Stone\">casual blue<\/span><\/div>\n<\/div>\n<\/div>\n<\/div>\n<\/div>\n<\/div>\n<\/div>\n<\/div>\n<\/div>\n<\/div>\n<\/div>\n<div class=\"vtex-flex-layout-0-x-flexColChild vtex-flex-layout-0-x-flexColChild--info-specification pb0\">\n<div class=\"kipling-product-components-0-x-InfoProductEspecificationsArea\">\n<div class=\"kipling-product-components-0-x-InfoProductEspecificationsTitle1\">Dimens\u00f5es<\/div>\n<div class=\"kipling-product-components-0-x-InfoProductEspecificationsInfo\">18cm x\u00a011cm x\u00a04cm<\/div>\n<\/div>\n<div class=\"kipling-product-components-0-x-InfoProductEspecificationsArea\">\n<div class=\"kipling-product-components-0-x-InfoProductEspecificationsTitle2\">Peso<\/div>\n<div class=\"kipling-product-components-0-x-InfoProductEspecificationsInfo\">190g<\/div>\n<\/div>\n<\/div>\n","protected":false},"excerpt":{"rendered":"<p>A bolsa transversal que tamb\u00e9m funciona como carteira! O compartimento frontal com z\u00edper cont\u00e9m cinco compartimentos para cart\u00f5es, um compartimento para documentos de identidade e um pequeno compartimento com z\u00edper para moedas. Use o bolso adicional com z\u00edper para guardar seu celular ou um ou dois glosses labiais. A Telmo \u00e9 \u00f3tima para viajar superleve, &hellip; <\/p>\n","protected":false},"featured_media":34067,"template":"","meta":[],"product_brand":[],"product_cat":[106,328,366],"product_tag":[],"class_list":{"0":"post-34066","1":"product","2":"type-product","3":"status-publish","4":"has-post-thumbnail","6":"product_cat-bolsas","7":"product_cat-kipling","8":"product_cat-todos-os-produtos","9":"latest_post","11":"first","12":"instock","13":"taxable","14":"shipping-taxable","15":"purchasable","16":"product-type-simple"},"_links":{"self":[{"href":"https:\/\/bolsadellas.com.br\/index.php?rest_route=\/wp\/v2\/product\/34066","targetHints":{"allow":["GET"]}}],"collection":[{"href":"https:\/\/bolsadellas.com.br\/index.php?rest_route=\/wp\/v2\/product"}],"about":[{"href":"https:\/\/bolsadellas.com.br\/index.php?rest_route=\/wp\/v2\/types\/product"}],"wp:featuredmedia":[{"embeddable":true,"href":"https:\/\/bolsadellas.com.br\/index.php?rest_route=\/wp\/v2\/media\/34067"}],"wp:attachment":[{"href":"https:\/\/bolsadellas.com.br\/index.php?rest_route=%2Fwp%2Fv2%2Fmedia&parent=34066"}],"wp:term":[{"taxonomy":"product_brand","embeddable":true,"href":"https:\/\/bolsadellas.com.br\/index.php?rest_route=%2Fwp%2Fv2%2Fproduct_brand&post=34066"},{"taxonomy":"product_cat","embeddable":true,"href":"https:\/\/bolsadellas.com.br\/index.php?rest_route=%2Fwp%2Fv2%2Fproduct_cat&post=34066"},{"taxonomy":"product_tag","embeddable":true,"href":"https:\/\/bolsadellas.com.br\/index.php?rest_route=%2Fwp%2Fv2%2Fproduct_tag&post=34066"}],"curies":[{"name":"wp","href":"https:\/\/api.w.org\/{rel}","templated":true}]}}