{"id":34026,"date":"2026-04-06T09:04:40","date_gmt":"2026-04-06T12:04:40","guid":{"rendered":"https:\/\/bolsadellas.com.br\/?post_type=product&#038;p=34026"},"modified":"2026-04-06T12:44:29","modified_gmt":"2026-04-06T15:44:29","slug":"bolsa-coach-lana-shoulder-19-suede","status":"publish","type":"product","link":"https:\/\/bolsadellas.com.br\/?product=bolsa-coach-lana-shoulder-19-suede","title":{"rendered":"Bolsa Coach Lana Shoulder 19 Suede"},"content":{"rendered":"<div id=\"details\" class=\"ecn-tab-content active\">\n<div class=\"wrap\">\n<p>&#8211; Camur\u00e7a<\/p>\n<p>&#8211; Forro em tecido<\/p>\n<p>&#8211; Al\u00e7a com abertura de 9 cm<\/p>\n<p>&#8211; Al\u00e7a de corrente remov\u00edvel com abertura de 55 cm para usar no ombro ou na transversal<\/p>\n<p>&#8211; Bolso interno<\/p>\n<p>&#8211; 19 cm (Largura) x 24 cm (Altura) x 10 cm (Profundidade)<\/p>\n<\/div>\n<\/div>\n<div id=\"description\" class=\"ecn-tab-content\">\n<h2>Descri\u00e7\u00e3o<\/h2>\n<div class=\"wrap\">\n<div class=\"productDescription\">Um item essencial para o guarda-roupa do dia a dia, a Lana combina organiza\u00e7\u00e3o f\u00e1cil com apar\u00eancia sofisticada. A compacta 19 \u00e9 confeccionada em camur\u00e7a e finalizada com detalhes em nosso hardware Signature. Com um design elegante, a bolsa possui um compartimento central e dois compartimentos abertos para facilitar a organiza\u00e7\u00e3o. Carregue-a na m\u00e3o ou use-a com a brilhante al\u00e7a transversal em corrente.<\/div>\n<\/div>\n<\/div>\n","protected":false},"excerpt":{"rendered":"<p>&#8211; Camur\u00e7a &#8211; Forro em tecido &#8211; Al\u00e7a com abertura de 9 cm &#8211; Al\u00e7a de corrente remov\u00edvel com abertura de 55 cm para usar no ombro ou na transversal &#8211; Bolso interno &#8211; 19 cm (Largura) x 24 cm (Altura) x 10 cm (Profundidade) Descri\u00e7\u00e3o Um item essencial para o guarda-roupa do dia a &hellip; <\/p>\n","protected":false},"featured_media":34009,"template":"","meta":[],"product_brand":[],"product_cat":[106,349,366],"product_tag":[],"class_list":{"0":"post-34026","1":"product","2":"type-product","3":"status-publish","4":"has-post-thumbnail","6":"product_cat-bolsas","7":"product_cat-coach","8":"product_cat-todos-os-produtos","9":"latest_post","11":"first","12":"instock","13":"taxable","14":"shipping-taxable","15":"purchasable","16":"product-type-simple"},"_links":{"self":[{"href":"https:\/\/bolsadellas.com.br\/index.php?rest_route=\/wp\/v2\/product\/34026","targetHints":{"allow":["GET"]}}],"collection":[{"href":"https:\/\/bolsadellas.com.br\/index.php?rest_route=\/wp\/v2\/product"}],"about":[{"href":"https:\/\/bolsadellas.com.br\/index.php?rest_route=\/wp\/v2\/types\/product"}],"wp:featuredmedia":[{"embeddable":true,"href":"https:\/\/bolsadellas.com.br\/index.php?rest_route=\/wp\/v2\/media\/34009"}],"wp:attachment":[{"href":"https:\/\/bolsadellas.com.br\/index.php?rest_route=%2Fwp%2Fv2%2Fmedia&parent=34026"}],"wp:term":[{"taxonomy":"product_brand","embeddable":true,"href":"https:\/\/bolsadellas.com.br\/index.php?rest_route=%2Fwp%2Fv2%2Fproduct_brand&post=34026"},{"taxonomy":"product_cat","embeddable":true,"href":"https:\/\/bolsadellas.com.br\/index.php?rest_route=%2Fwp%2Fv2%2Fproduct_cat&post=34026"},{"taxonomy":"product_tag","embeddable":true,"href":"https:\/\/bolsadellas.com.br\/index.php?rest_route=%2Fwp%2Fv2%2Fproduct_tag&post=34026"}],"curies":[{"name":"wp","href":"https:\/\/api.w.org\/{rel}","templated":true}]}}