{"id":33981,"date":"2026-04-03T17:28:03","date_gmt":"2026-04-03T20:28:03","guid":{"rendered":"https:\/\/bolsadellas.com.br\/?post_type=product&#038;p=33981"},"modified":"2026-04-03T17:28:03","modified_gmt":"2026-04-03T20:28:03","slug":"bolsa-coach-tabby-26-natural-grain-leather","status":"publish","type":"product","link":"https:\/\/bolsadellas.com.br\/?product=bolsa-coach-tabby-26-natural-grain-leather","title":{"rendered":"Bolsa Coach Tabby 26 Natural Grain Leather"},"content":{"rendered":"<div class=\"ecn-tabs-head\">\n<div class=\"ecn-tabs-head-item\" data-target=\"description\">&#8211; Couro de gr\u00e3o natural<\/div>\n<\/div>\n<div class=\"ecn-tabs-contents\">\n<div id=\"details\" class=\"ecn-tab-content active\">\n<div class=\"wrap\">\n<p>&#8211; Forro em couro<\/p>\n<p>&#8211; Al\u00e7a curta remov\u00edvel com abertura de 24 cm<\/p>\n<p>&#8211; Al\u00e7a longa remov\u00edvel com abertura de 54 cm para usar no ombro ou na transversal<\/p>\n<p>&#8211; Bolso externo com z\u00edper<\/p>\n<p>&#8211; Bolsos internos multifuncionais e com fecho de press\u00e3o<\/p>\n<p>&#8211; Fecho de press\u00e3o<\/p>\n<p>&#8211; 26 cm (Largura) x 15 cm (Altura) x 8 cm (Profundidade)<\/p>\n<\/div>\n<\/div>\n<\/div>\n","protected":false},"excerpt":{"rendered":"<p>&#8211; Couro de gr\u00e3o natural &#8211; Forro em couro &#8211; Al\u00e7a curta remov\u00edvel com abertura de 24 cm &#8211; Al\u00e7a longa remov\u00edvel com abertura de 54 cm para usar no ombro ou na transversal &#8211; Bolso externo com z\u00edper &#8211; Bolsos internos multifuncionais e com fecho de press\u00e3o &#8211; Fecho de press\u00e3o &#8211; 26 cm &hellip; <\/p>\n","protected":false},"featured_media":33983,"template":"","meta":[],"product_brand":[],"product_cat":[106,349,366],"product_tag":[],"class_list":{"0":"post-33981","1":"product","2":"type-product","3":"status-publish","4":"has-post-thumbnail","6":"product_cat-bolsas","7":"product_cat-coach","8":"product_cat-todos-os-produtos","9":"latest_post","11":"first","12":"instock","13":"taxable","14":"shipping-taxable","15":"purchasable","16":"product-type-simple"},"_links":{"self":[{"href":"https:\/\/bolsadellas.com.br\/index.php?rest_route=\/wp\/v2\/product\/33981","targetHints":{"allow":["GET"]}}],"collection":[{"href":"https:\/\/bolsadellas.com.br\/index.php?rest_route=\/wp\/v2\/product"}],"about":[{"href":"https:\/\/bolsadellas.com.br\/index.php?rest_route=\/wp\/v2\/types\/product"}],"wp:featuredmedia":[{"embeddable":true,"href":"https:\/\/bolsadellas.com.br\/index.php?rest_route=\/wp\/v2\/media\/33983"}],"wp:attachment":[{"href":"https:\/\/bolsadellas.com.br\/index.php?rest_route=%2Fwp%2Fv2%2Fmedia&parent=33981"}],"wp:term":[{"taxonomy":"product_brand","embeddable":true,"href":"https:\/\/bolsadellas.com.br\/index.php?rest_route=%2Fwp%2Fv2%2Fproduct_brand&post=33981"},{"taxonomy":"product_cat","embeddable":true,"href":"https:\/\/bolsadellas.com.br\/index.php?rest_route=%2Fwp%2Fv2%2Fproduct_cat&post=33981"},{"taxonomy":"product_tag","embeddable":true,"href":"https:\/\/bolsadellas.com.br\/index.php?rest_route=%2Fwp%2Fv2%2Fproduct_tag&post=33981"}],"curies":[{"name":"wp","href":"https:\/\/api.w.org\/{rel}","templated":true}]}}