{"id":33951,"date":"2026-02-16T13:19:16","date_gmt":"2026-02-16T16:19:16","guid":{"rendered":"https:\/\/bolsadellas.com.br\/?post_type=product&#038;p=33951"},"modified":"2026-05-11T13:20:55","modified_gmt":"2026-05-11T16:20:55","slug":"relogio-technos-ceramica-dourado-2035ner-1x","status":"publish","type":"product","link":"https:\/\/bolsadellas.com.br\/?product=relogio-technos-ceramica-dourado-2035ner-1x","title":{"rendered":"Rel\u00f3gio Technos Cer\u00e2mica Dourado 2035NER\/1X"},"content":{"rendered":"<p>A linha Technos Cer\u00e2mica ganha novo modelo que exala sofistica\u00e7\u00e3o em cada detalhe. Com aro externo facetado em cer\u00e2mica e lente de safira, o rel\u00f3gio une eleg\u00e2ncia e resist\u00eancia em um design atemporal. A lente de safira ainda entrega alta resist\u00eancia a riscos e arranh\u00f5es. O mostrador com assinatura de linha conta com a presen\u00e7a da numera\u00e7\u00e3o romana, que refor\u00e7a o estilo cl\u00e1ssico e elegante. A pulseira em elos s\u00f3lidos de a\u00e7o com aplica\u00e7\u00e3o de cer\u00e2mica complementa o visual refinado da cole\u00e7\u00e3o. Al\u00e9m disso, o rel\u00f3gio apresenta resist\u00eancia \u00e0 \u00e1gua de 50 metros e tamanho de caixa de 30mm.<\/p>\n<ul class=\"list-disc list-circle pl-5\">\n<li><strong>G\u00eanero<\/strong>:\u00a0Feminino<\/li>\n<li><strong>Banho<\/strong>:\u00a0Dourado<\/li>\n<li><strong>Tipo<\/strong>:\u00a0Anal\u00f3gico<\/li>\n<li><strong>Material da Caixa<\/strong>:\u00a0A\u00e7o<\/li>\n<li><strong>Cor da Caixa<\/strong>:\u00a0Dourado<\/li>\n<li><strong>Cor do Mostrador<\/strong>:\u00a0Bege<\/li>\n<li><strong>Material da Pulseira<\/strong>:\u00a0A\u00e7o<\/li>\n<li><strong>Cor da Pulseira<\/strong>:\u00a0Bicolor<\/li>\n<li><strong>Resist\u00eancia \u00e0 \u00c1gua<\/strong>:\u00a05 ATM<\/li>\n<li><strong>Largura da Caixa (cm)<\/strong>:\u00a03,0<\/li>\n<li><strong>Garantia<\/strong>:\u00a012 meses<\/li>\n<\/ul>\n","protected":false},"excerpt":{"rendered":"<p>A linha Technos Cer\u00e2mica ganha novo modelo que exala sofistica\u00e7\u00e3o em cada detalhe. Com aro externo facetado em cer\u00e2mica e lente de safira, o rel\u00f3gio une eleg\u00e2ncia e resist\u00eancia em um design atemporal. A lente de safira ainda entrega alta resist\u00eancia a riscos e arranh\u00f5es. O mostrador com assinatura de linha conta com a presen\u00e7a &hellip; <\/p>\n","protected":false},"featured_media":33952,"template":"","meta":[],"product_brand":[],"product_cat":[107,367,366],"product_tag":[],"class_list":{"0":"post-33951","1":"product","2":"type-product","3":"status-publish","4":"has-post-thumbnail","6":"product_cat-relogios","7":"product_cat-technos","8":"product_cat-todos-os-produtos","9":"latest_post","11":"first","12":"outofstock","13":"taxable","14":"shipping-taxable","15":"purchasable","16":"product-type-simple"},"_links":{"self":[{"href":"https:\/\/bolsadellas.com.br\/index.php?rest_route=\/wp\/v2\/product\/33951","targetHints":{"allow":["GET"]}}],"collection":[{"href":"https:\/\/bolsadellas.com.br\/index.php?rest_route=\/wp\/v2\/product"}],"about":[{"href":"https:\/\/bolsadellas.com.br\/index.php?rest_route=\/wp\/v2\/types\/product"}],"wp:featuredmedia":[{"embeddable":true,"href":"https:\/\/bolsadellas.com.br\/index.php?rest_route=\/wp\/v2\/media\/33952"}],"wp:attachment":[{"href":"https:\/\/bolsadellas.com.br\/index.php?rest_route=%2Fwp%2Fv2%2Fmedia&parent=33951"}],"wp:term":[{"taxonomy":"product_brand","embeddable":true,"href":"https:\/\/bolsadellas.com.br\/index.php?rest_route=%2Fwp%2Fv2%2Fproduct_brand&post=33951"},{"taxonomy":"product_cat","embeddable":true,"href":"https:\/\/bolsadellas.com.br\/index.php?rest_route=%2Fwp%2Fv2%2Fproduct_cat&post=33951"},{"taxonomy":"product_tag","embeddable":true,"href":"https:\/\/bolsadellas.com.br\/index.php?rest_route=%2Fwp%2Fv2%2Fproduct_tag&post=33951"}],"curies":[{"name":"wp","href":"https:\/\/api.w.org\/{rel}","templated":true}]}}