{"id":33946,"date":"2026-04-13T13:15:39","date_gmt":"2026-04-13T16:15:39","guid":{"rendered":"https:\/\/bolsadellas.com.br\/?post_type=product&#038;p=33946"},"modified":"2026-04-20T12:16:42","modified_gmt":"2026-04-20T15:16:42","slug":"relogio-technos-style-bicolor-2035ndi-1k","status":"publish","type":"product","link":"https:\/\/bolsadellas.com.br\/?product=relogio-technos-style-bicolor-2035ndi-1k","title":{"rendered":"Rel\u00f3gio Technos Style Bicolor 2035NDI\/1K"},"content":{"rendered":"<p>O novo modelo da linha Style resgata o tradicional design vintage. A pulseira diferenciada, constru\u00edda em nove links, \u00e9 o grande destaque, refor\u00e7ando a eleg\u00e2ncia da pe\u00e7a. O mostrador texturizado de f\u00e1cil leitura complementa o visual, em uma proposta que une charme e praticidade. Al\u00e9m disso, o rel\u00f3gio apresenta resist\u00eancia \u00e0 \u00e1gua de 50 metros.<\/p>\n<ul class=\"list-disc list-circle pl-5\">\n<li><strong>G\u00eanero<\/strong>:\u00a0Feminino<\/li>\n<li><strong>Banho<\/strong>:\u00a0Bicolor<\/li>\n<li><strong>Tipo<\/strong>:\u00a0Anal\u00f3gico<\/li>\n<li><strong>Material da Caixa<\/strong>:\u00a0A\u00e7o<\/li>\n<li><strong>Cor da Caixa<\/strong>:\u00a0Prata<\/li>\n<li><strong>Formato<\/strong>:\u00a0Redondo<\/li>\n<li><strong>Cor do Mostrador<\/strong>:\u00a0Branco<\/li>\n<li><strong>Material da Pulseira<\/strong>:\u00a0A\u00e7o<\/li>\n<li><strong>Cor da Pulseira<\/strong>:\u00a0Bicolor<\/li>\n<li><strong>Garantia<\/strong>:\u00a012 meses<\/li>\n<\/ul>\n","protected":false},"excerpt":{"rendered":"<p>O novo modelo da linha Style resgata o tradicional design vintage. A pulseira diferenciada, constru\u00edda em nove links, \u00e9 o grande destaque, refor\u00e7ando a eleg\u00e2ncia da pe\u00e7a. O mostrador texturizado de f\u00e1cil leitura complementa o visual, em uma proposta que une charme e praticidade. Al\u00e9m disso, o rel\u00f3gio apresenta resist\u00eancia \u00e0 \u00e1gua de 50 metros. &hellip; <\/p>\n","protected":false},"featured_media":33947,"template":"","meta":[],"product_brand":[],"product_cat":[107,367,366],"product_tag":[],"class_list":{"0":"post-33946","1":"product","2":"type-product","3":"status-publish","4":"has-post-thumbnail","6":"product_cat-relogios","7":"product_cat-technos","8":"product_cat-todos-os-produtos","9":"latest_post","11":"first","12":"instock","13":"taxable","14":"shipping-taxable","15":"purchasable","16":"product-type-simple"},"_links":{"self":[{"href":"https:\/\/bolsadellas.com.br\/index.php?rest_route=\/wp\/v2\/product\/33946","targetHints":{"allow":["GET"]}}],"collection":[{"href":"https:\/\/bolsadellas.com.br\/index.php?rest_route=\/wp\/v2\/product"}],"about":[{"href":"https:\/\/bolsadellas.com.br\/index.php?rest_route=\/wp\/v2\/types\/product"}],"wp:featuredmedia":[{"embeddable":true,"href":"https:\/\/bolsadellas.com.br\/index.php?rest_route=\/wp\/v2\/media\/33947"}],"wp:attachment":[{"href":"https:\/\/bolsadellas.com.br\/index.php?rest_route=%2Fwp%2Fv2%2Fmedia&parent=33946"}],"wp:term":[{"taxonomy":"product_brand","embeddable":true,"href":"https:\/\/bolsadellas.com.br\/index.php?rest_route=%2Fwp%2Fv2%2Fproduct_brand&post=33946"},{"taxonomy":"product_cat","embeddable":true,"href":"https:\/\/bolsadellas.com.br\/index.php?rest_route=%2Fwp%2Fv2%2Fproduct_cat&post=33946"},{"taxonomy":"product_tag","embeddable":true,"href":"https:\/\/bolsadellas.com.br\/index.php?rest_route=%2Fwp%2Fv2%2Fproduct_tag&post=33946"}],"curies":[{"name":"wp","href":"https:\/\/api.w.org\/{rel}","templated":true}]}}