{"id":33929,"date":"2026-04-28T12:52:21","date_gmt":"2026-04-28T15:52:21","guid":{"rendered":"https:\/\/bolsadellas.com.br\/?post_type=product&#038;p=33929"},"modified":"2026-04-30T09:47:59","modified_gmt":"2026-04-30T12:47:59","slug":"relogio-technos-feminino-riviera-2015cel-1p","status":"publish","type":"product","link":"https:\/\/bolsadellas.com.br\/?product=relogio-technos-feminino-riviera-2015cel-1p","title":{"rendered":"Rel\u00f3gio Technos Feminino Riviera 2015CEL\/1P"},"content":{"rendered":"<p>Rel\u00f3gio Technos Riviera feminino com a ess\u00eancia dos cl\u00e1ssicos. Ele apresenta aro externo trabalhado com o ic\u00f4nico acabamento corrugado e vidro com lupa de calend\u00e1rio, ambos elementos tradicionais do universo relojoeiro. Al\u00e9m disso, possui mostrador com aplica\u00e7\u00e3o de pedras cravejadas nos marcadores de hora. Produto 100% em a\u00e7o inoxid\u00e1vel em banho dourado, com diferenciada pulseira de 5 links, m\u00e1quina quartz japonesa Miyota, calend\u00e1rio e resist\u00eancia \u00e0 \u00e1gua de 50m. Tamanho de caixa 28mm.<\/p>\n<ul class=\"list-disc list-circle pl-5\">\n<li><strong>G\u00eanero<\/strong>:\u00a0Feminino<\/li>\n<li><strong>Banho<\/strong>:\u00a0Dourado<\/li>\n<li><strong>Tipo<\/strong>:\u00a0Anal\u00f3gico<\/li>\n<li><strong>Cor da Caixa<\/strong>:\u00a0Dourado<\/li>\n<li><strong>Formato<\/strong>:\u00a0Redondo<\/li>\n<li><strong>Cor do Mostrador<\/strong>:\u00a0Preto<\/li>\n<li><strong>Material da Pulseira<\/strong>:\u00a0A\u00e7o<\/li>\n<li><strong>Cor da Pulseira<\/strong>:\u00a0Dourado<\/li>\n<li><strong>Resist\u00eancia \u00e0 \u00c1gua<\/strong>:\u00a05 ATM<\/li>\n<li><strong>Largura da Caixa (cm)<\/strong>:\u00a02,8<\/li>\n<li><strong>Tipo de Fecho<\/strong>:\u00a0Trava Lateral<\/li>\n<li><strong>Garantia<\/strong>:\u00a012 Meses<\/li>\n<\/ul>\n","protected":false},"excerpt":{"rendered":"<p>Rel\u00f3gio Technos Riviera feminino com a ess\u00eancia dos cl\u00e1ssicos. Ele apresenta aro externo trabalhado com o ic\u00f4nico acabamento corrugado e vidro com lupa de calend\u00e1rio, ambos elementos tradicionais do universo relojoeiro. Al\u00e9m disso, possui mostrador com aplica\u00e7\u00e3o de pedras cravejadas nos marcadores de hora. Produto 100% em a\u00e7o inoxid\u00e1vel em banho dourado, com diferenciada pulseira &hellip; <\/p>\n","protected":false},"featured_media":33930,"template":"","meta":[],"product_brand":[],"product_cat":[107,367,366],"product_tag":[],"class_list":{"0":"post-33929","1":"product","2":"type-product","3":"status-publish","4":"has-post-thumbnail","6":"product_cat-relogios","7":"product_cat-technos","8":"product_cat-todos-os-produtos","9":"latest_post","11":"first","12":"instock","13":"taxable","14":"shipping-taxable","15":"purchasable","16":"product-type-simple"},"_links":{"self":[{"href":"https:\/\/bolsadellas.com.br\/index.php?rest_route=\/wp\/v2\/product\/33929","targetHints":{"allow":["GET"]}}],"collection":[{"href":"https:\/\/bolsadellas.com.br\/index.php?rest_route=\/wp\/v2\/product"}],"about":[{"href":"https:\/\/bolsadellas.com.br\/index.php?rest_route=\/wp\/v2\/types\/product"}],"wp:featuredmedia":[{"embeddable":true,"href":"https:\/\/bolsadellas.com.br\/index.php?rest_route=\/wp\/v2\/media\/33930"}],"wp:attachment":[{"href":"https:\/\/bolsadellas.com.br\/index.php?rest_route=%2Fwp%2Fv2%2Fmedia&parent=33929"}],"wp:term":[{"taxonomy":"product_brand","embeddable":true,"href":"https:\/\/bolsadellas.com.br\/index.php?rest_route=%2Fwp%2Fv2%2Fproduct_brand&post=33929"},{"taxonomy":"product_cat","embeddable":true,"href":"https:\/\/bolsadellas.com.br\/index.php?rest_route=%2Fwp%2Fv2%2Fproduct_cat&post=33929"},{"taxonomy":"product_tag","embeddable":true,"href":"https:\/\/bolsadellas.com.br\/index.php?rest_route=%2Fwp%2Fv2%2Fproduct_tag&post=33929"}],"curies":[{"name":"wp","href":"https:\/\/api.w.org\/{rel}","templated":true}]}}