{"id":33925,"date":"2026-04-29T12:45:34","date_gmt":"2026-04-29T15:45:34","guid":{"rendered":"https:\/\/bolsadellas.com.br\/?post_type=product&#038;p=33925"},"modified":"2026-04-30T10:18:49","modified_gmt":"2026-04-30T13:18:49","slug":"relogio-michael-kors-mk7546-0dn","status":"publish","type":"product","link":"https:\/\/bolsadellas.com.br\/?product=relogio-michael-kors-mk7546-0dn","title":{"rendered":"Rel\u00f3gio Michael Kors MK7546\/0DN"},"content":{"rendered":"<p>O Rel\u00f3gio Michael Kors \u00e9 uma pe\u00e7a atemporal e \u00fanica para todos os estilos e ocasi\u00f5es. Seu diferencial tem como destaque a pulseira em couro branco e a aplica\u00e7\u00e3o da marca na pulseira. Compre online seu Rel\u00f3gio Feminino Michael Kors MK7546\/0DN Original. Acompanha certificado de garantia, estojo e manual. Enviamos para todo o Brasil.<\/p>\n<p>&nbsp;<\/p>\n<p>Refer\u00eancia de F\u00e1brica: MK7546\/0DN<\/p>\n<p>Marca:\u00a0Michael Kors<\/p>\n<p>Mecanismo: an\u00e1l\u00f3gico<\/p>\n<p>Material da pulseira:\u00a0Couro<\/p>\n<p>Cor da pulseira: Marrom<\/p>\n<p>Material da caixa:\u00a0A\u00e7o Inox<\/p>\n<p>Cor da caixa: ros\u00ea<\/p>\n<p>Formato da Caixa:\u00a0Redondo<\/p>\n<p>Material do Vidro: Cristal<\/p>\n<p>Resist\u00eancia \u00e1gua: 5 Atm<\/p>\n<p>Tamanho da Caixa: 18 mm<\/p>\n<p>&nbsp;<\/p>\n<p>Todos os rel\u00f3gios s\u00e3o originais! Acompanham certificado de garantia do fabricante, estojo, manual em portugu\u00eas e nota fiscal.<\/p>\n","protected":false},"excerpt":{"rendered":"<p>O Rel\u00f3gio Michael Kors \u00e9 uma pe\u00e7a atemporal e \u00fanica para todos os estilos e ocasi\u00f5es. Seu diferencial tem como destaque a pulseira em couro branco e a aplica\u00e7\u00e3o da marca na pulseira. Compre online seu Rel\u00f3gio Feminino Michael Kors MK7546\/0DN Original. Acompanha certificado de garantia, estojo e manual. Enviamos para todo o Brasil. &nbsp; &hellip; <\/p>\n","protected":false},"featured_media":33926,"template":"","meta":[],"product_brand":[],"product_cat":[247,107,366],"product_tag":[],"class_list":{"0":"post-33925","1":"product","2":"type-product","3":"status-publish","4":"has-post-thumbnail","6":"product_cat-michael-kors","7":"product_cat-relogios","8":"product_cat-todos-os-produtos","9":"latest_post","11":"first","12":"instock","13":"taxable","14":"shipping-taxable","15":"purchasable","16":"product-type-simple"},"_links":{"self":[{"href":"https:\/\/bolsadellas.com.br\/index.php?rest_route=\/wp\/v2\/product\/33925","targetHints":{"allow":["GET"]}}],"collection":[{"href":"https:\/\/bolsadellas.com.br\/index.php?rest_route=\/wp\/v2\/product"}],"about":[{"href":"https:\/\/bolsadellas.com.br\/index.php?rest_route=\/wp\/v2\/types\/product"}],"wp:featuredmedia":[{"embeddable":true,"href":"https:\/\/bolsadellas.com.br\/index.php?rest_route=\/wp\/v2\/media\/33926"}],"wp:attachment":[{"href":"https:\/\/bolsadellas.com.br\/index.php?rest_route=%2Fwp%2Fv2%2Fmedia&parent=33925"}],"wp:term":[{"taxonomy":"product_brand","embeddable":true,"href":"https:\/\/bolsadellas.com.br\/index.php?rest_route=%2Fwp%2Fv2%2Fproduct_brand&post=33925"},{"taxonomy":"product_cat","embeddable":true,"href":"https:\/\/bolsadellas.com.br\/index.php?rest_route=%2Fwp%2Fv2%2Fproduct_cat&post=33925"},{"taxonomy":"product_tag","embeddable":true,"href":"https:\/\/bolsadellas.com.br\/index.php?rest_route=%2Fwp%2Fv2%2Fproduct_tag&post=33925"}],"curies":[{"name":"wp","href":"https:\/\/api.w.org\/{rel}","templated":true}]}}