{"id":33800,"date":"2026-03-11T12:03:55","date_gmt":"2026-03-11T15:03:55","guid":{"rendered":"https:\/\/bolsadellas.com.br\/?post_type=product&#038;p=33800"},"modified":"2026-03-11T13:52:44","modified_gmt":"2026-03-11T16:52:44","slug":"cinto-vh-elos-duplo-preto","status":"publish","type":"product","link":"https:\/\/bolsadellas.com.br\/?product=cinto-vh-elos-duplo-preto","title":{"rendered":"Cinto VH 125 Elos Duplo preto"},"content":{"rendered":"<div class=\"text-sm mb-10\">\n<div class=\"text-sm\">Charmoso acess\u00f3rio com espessura fina, o Cinto VH 1\/25 possui elegante fivela com assinatura VH. Feito em Canvas, s\u00edmbolo cl\u00e1ssico da VICTOR HUGO, o ic\u00f4nico monograma traduz a tradi\u00e7\u00e3o e eleg\u00e2ncia da marca.<\/div>\n<\/div>\n<h2 class=\"text-sm mb-4 font-normal border-b w-min border-primary-800 pb-1\">Detalhes<\/h2>\n<div class=\"text-sm\">\n<div class=\"flex w-full flex-wrap\">\n<div class=\"mr-1 mb-2\"><strong>Tipo de Produto:<\/strong><\/div>\n<div class=\"\">Cinto<\/div>\n<\/div>\n<div class=\"flex w-full flex-wrap\">\n<div class=\"mr-1 mb-2\"><strong>Cuidados Especiais:<\/strong><\/div>\n<div class=\"\">N\u00e3o<\/div>\n<\/div>\n<div class=\"flex w-full flex-wrap\">\n<div class=\"mr-1 mb-2\"><strong>Dimens\u00f5es do Produto:<\/strong><\/div>\n<div class=\"\">2,5 cm x 90 cm (Largura x comprimento)<\/div>\n<\/div>\n<\/div>\n","protected":false},"excerpt":{"rendered":"<p>Charmoso acess\u00f3rio com espessura fina, o Cinto VH 1\/25 possui elegante fivela com assinatura VH. Feito em Canvas, s\u00edmbolo cl\u00e1ssico da VICTOR HUGO, o ic\u00f4nico monograma traduz a tradi\u00e7\u00e3o e eleg\u00e2ncia da marca. Detalhes Tipo de Produto: Cinto Cuidados Especiais: N\u00e3o Dimens\u00f5es do Produto: 2,5 cm x 90 cm (Largura x comprimento)<\/p>\n","protected":false},"featured_media":33801,"template":"","meta":[],"product_brand":[],"product_cat":[139,366,316],"product_tag":[],"class_list":{"0":"post-33800","1":"product","2":"type-product","3":"status-publish","4":"has-post-thumbnail","6":"product_cat-cintos","7":"product_cat-todos-os-produtos","8":"product_cat-v-hugo","9":"latest_post","11":"first","12":"instock","13":"taxable","14":"shipping-taxable","15":"purchasable","16":"product-type-simple"},"_links":{"self":[{"href":"https:\/\/bolsadellas.com.br\/index.php?rest_route=\/wp\/v2\/product\/33800","targetHints":{"allow":["GET"]}}],"collection":[{"href":"https:\/\/bolsadellas.com.br\/index.php?rest_route=\/wp\/v2\/product"}],"about":[{"href":"https:\/\/bolsadellas.com.br\/index.php?rest_route=\/wp\/v2\/types\/product"}],"wp:featuredmedia":[{"embeddable":true,"href":"https:\/\/bolsadellas.com.br\/index.php?rest_route=\/wp\/v2\/media\/33801"}],"wp:attachment":[{"href":"https:\/\/bolsadellas.com.br\/index.php?rest_route=%2Fwp%2Fv2%2Fmedia&parent=33800"}],"wp:term":[{"taxonomy":"product_brand","embeddable":true,"href":"https:\/\/bolsadellas.com.br\/index.php?rest_route=%2Fwp%2Fv2%2Fproduct_brand&post=33800"},{"taxonomy":"product_cat","embeddable":true,"href":"https:\/\/bolsadellas.com.br\/index.php?rest_route=%2Fwp%2Fv2%2Fproduct_cat&post=33800"},{"taxonomy":"product_tag","embeddable":true,"href":"https:\/\/bolsadellas.com.br\/index.php?rest_route=%2Fwp%2Fv2%2Fproduct_tag&post=33800"}],"curies":[{"name":"wp","href":"https:\/\/api.w.org\/{rel}","templated":true}]}}