{"id":33788,"date":"2026-02-03T10:15:43","date_gmt":"2026-02-03T13:15:43","guid":{"rendered":"https:\/\/bolsadellas.com.br\/?post_type=product&#038;p=33788"},"modified":"2026-04-06T19:28:04","modified_gmt":"2026-04-06T22:28:04","slug":"porta-cartoes-coach-essential-marrom","status":"publish","type":"product","link":"https:\/\/bolsadellas.com.br\/?product=porta-cartoes-coach-essential-marrom","title":{"rendered":"Porta-cart\u00f5es Coach essential marrom"},"content":{"rendered":"<p>O porta-cart\u00f5es Essential Flap da Coach oferece organiza\u00e7\u00e3o compacta com um toque de estilo exclusivo. Confeccionado em couro macio, possui diversos compartimentos para guardar cart\u00f5es, dinheiro e moedas de forma organizada.<\/p>\n<p><span dir=\"auto\">\u2022 Nome da cor do designer: Maple<\/span><\/p>\n<p><span dir=\"auto\">\u2022 Cor: Castanho escuro<\/span><\/p>\n<p><span dir=\"auto\">\u2022 Couro liso<\/span><\/p>\n<p><span dir=\"auto\">\u2022 Ferragens douradas<\/span><\/p>\n<p><span dir=\"auto\">\u2022 Fecho de press\u00e3o<\/span><\/p>\n<p><span dir=\"auto\">\u2022 Bolso externo aberto<\/span><\/p>\n<p><span dir=\"auto\">\u2022 Bolso interno com fecho de correr para moedas<\/span><\/p>\n<p><span dir=\"auto\">\u2022 Quatro compartimentos para cart\u00f5es de cr\u00e9dito<\/span><\/p>\n<p><span dir=\"auto\">\u2022 Largura 11 cm<\/span><\/p>\n<p><span dir=\"auto\">\u2022 Altura 8 cm<\/span><\/p>\n<p><span dir=\"auto\">\u2022 Profundidade 2 cm<\/span><\/p>\n","protected":false},"excerpt":{"rendered":"<p>O porta-cart\u00f5es Essential Flap da Coach oferece organiza\u00e7\u00e3o compacta com um toque de estilo exclusivo. Confeccionado em couro macio, possui diversos compartimentos para guardar cart\u00f5es, dinheiro e moedas de forma organizada. \u2022 Nome da cor do designer: Maple \u2022 Cor: Castanho escuro \u2022 Couro liso \u2022 Ferragens douradas \u2022 Fecho de press\u00e3o \u2022 Bolso externo &hellip; <\/p>\n","protected":false},"featured_media":33792,"template":"","meta":[],"product_brand":[],"product_cat":[106,109,349,366],"product_tag":[],"class_list":{"0":"post-33788","1":"product","2":"type-product","3":"status-publish","4":"has-post-thumbnail","6":"product_cat-bolsas","7":"product_cat-carteiras","8":"product_cat-coach","9":"product_cat-todos-os-produtos","10":"latest_post","12":"first","13":"outofstock","14":"taxable","15":"shipping-taxable","16":"purchasable","17":"product-type-simple"},"_links":{"self":[{"href":"https:\/\/bolsadellas.com.br\/index.php?rest_route=\/wp\/v2\/product\/33788","targetHints":{"allow":["GET"]}}],"collection":[{"href":"https:\/\/bolsadellas.com.br\/index.php?rest_route=\/wp\/v2\/product"}],"about":[{"href":"https:\/\/bolsadellas.com.br\/index.php?rest_route=\/wp\/v2\/types\/product"}],"wp:featuredmedia":[{"embeddable":true,"href":"https:\/\/bolsadellas.com.br\/index.php?rest_route=\/wp\/v2\/media\/33792"}],"wp:attachment":[{"href":"https:\/\/bolsadellas.com.br\/index.php?rest_route=%2Fwp%2Fv2%2Fmedia&parent=33788"}],"wp:term":[{"taxonomy":"product_brand","embeddable":true,"href":"https:\/\/bolsadellas.com.br\/index.php?rest_route=%2Fwp%2Fv2%2Fproduct_brand&post=33788"},{"taxonomy":"product_cat","embeddable":true,"href":"https:\/\/bolsadellas.com.br\/index.php?rest_route=%2Fwp%2Fv2%2Fproduct_cat&post=33788"},{"taxonomy":"product_tag","embeddable":true,"href":"https:\/\/bolsadellas.com.br\/index.php?rest_route=%2Fwp%2Fv2%2Fproduct_tag&post=33788"}],"curies":[{"name":"wp","href":"https:\/\/api.w.org\/{rel}","templated":true}]}}