{"id":33695,"date":"2026-03-24T14:29:42","date_gmt":"2026-03-24T17:29:42","guid":{"rendered":"https:\/\/bolsadellas.com.br\/?post_type=product&#038;p=33695"},"modified":"2026-04-04T09:26:31","modified_gmt":"2026-04-04T12:26:31","slug":"carteira-essential-small-zip-charms","status":"publish","type":"product","link":"https:\/\/bolsadellas.com.br\/?product=carteira-essential-small-zip-charms","title":{"rendered":"Carteira Essential Small zip charms"},"content":{"rendered":"<ul>\n<li><span dir=\"auto\">Couro Spazzolato<\/span><\/li>\n<li><span dir=\"auto\">2 compartimentos para cart\u00f5es<\/span><\/li>\n<li><span dir=\"auto\">3 bolsos divisores<\/span><\/li>\n<li><span dir=\"auto\">Bolso externo<\/span><\/li>\n<li><span dir=\"auto\">Fecho com z\u00edper<\/span><\/li>\n<li><span dir=\"auto\">Altura 7 cm x Largura 11 cm x Profundidade 2 cm<\/span><\/li>\n<\/ul>\n<p><span dir=\"auto\">Confeccionada em couro Spazzolato brilhante. Seu perfil fino<\/span><br role=\"presentation\" \/><br role=\"presentation\" \/><span dir=\"auto\">permite que ela deslize facilmente para dentro de um bolso ou bolsa, e seu design com z\u00edper se expande quando aberto. Tr\u00eas compartimentos e dois espa\u00e7os para cart\u00f5es oferecem armazenamento organizado para cart\u00f5es e dinheiro. O detalhe em metal com o &#8220;C&#8221; da Coach cria uma silhueta marcante, enquanto o pingente ic\u00f4nico adiciona um toque divertido. Um bolso externo facilita o acesso a pequenos objetos.<\/span><br role=\"presentation\" \/><br role=\"presentation\" \/><span dir=\"auto\">[Couro Spazzolato]<\/span><br role=\"presentation\" \/><span dir=\"auto\">Confeccionada em couro italiano Spazzolato macio e suave de flor integral, a espessura e o brilho intenso da carteira s\u00e3o obtidos por meio de t\u00e9cnicas artesanais de pulveriza\u00e7\u00e3o, criando um visual sofisticado.<\/span><\/p>\n","protected":false},"excerpt":{"rendered":"<p>Couro Spazzolato 2 compartimentos para cart\u00f5es 3 bolsos divisores Bolso externo Fecho com z\u00edper Altura 7 cm x Largura 11 cm x Profundidade 2 cm Confeccionada em couro Spazzolato brilhante. Seu perfil finopermite que ela deslize facilmente para dentro de um bolso ou bolsa, e seu design com z\u00edper se expande quando aberto. Tr\u00eas compartimentos &hellip; <\/p>\n","protected":false},"featured_media":33696,"template":"","meta":[],"product_brand":[],"product_cat":[106,109,349,366],"product_tag":[],"class_list":{"0":"post-33695","1":"product","2":"type-product","3":"status-publish","4":"has-post-thumbnail","6":"product_cat-bolsas","7":"product_cat-carteiras","8":"product_cat-coach","9":"product_cat-todos-os-produtos","10":"latest_post","12":"first","13":"instock","14":"taxable","15":"shipping-taxable","16":"purchasable","17":"product-type-simple"},"_links":{"self":[{"href":"https:\/\/bolsadellas.com.br\/index.php?rest_route=\/wp\/v2\/product\/33695","targetHints":{"allow":["GET"]}}],"collection":[{"href":"https:\/\/bolsadellas.com.br\/index.php?rest_route=\/wp\/v2\/product"}],"about":[{"href":"https:\/\/bolsadellas.com.br\/index.php?rest_route=\/wp\/v2\/types\/product"}],"wp:featuredmedia":[{"embeddable":true,"href":"https:\/\/bolsadellas.com.br\/index.php?rest_route=\/wp\/v2\/media\/33696"}],"wp:attachment":[{"href":"https:\/\/bolsadellas.com.br\/index.php?rest_route=%2Fwp%2Fv2%2Fmedia&parent=33695"}],"wp:term":[{"taxonomy":"product_brand","embeddable":true,"href":"https:\/\/bolsadellas.com.br\/index.php?rest_route=%2Fwp%2Fv2%2Fproduct_brand&post=33695"},{"taxonomy":"product_cat","embeddable":true,"href":"https:\/\/bolsadellas.com.br\/index.php?rest_route=%2Fwp%2Fv2%2Fproduct_cat&post=33695"},{"taxonomy":"product_tag","embeddable":true,"href":"https:\/\/bolsadellas.com.br\/index.php?rest_route=%2Fwp%2Fv2%2Fproduct_tag&post=33695"}],"curies":[{"name":"wp","href":"https:\/\/api.w.org\/{rel}","templated":true}]}}