{"id":33691,"date":"2026-02-24T14:23:25","date_gmt":"2026-02-24T17:23:25","guid":{"rendered":"https:\/\/bolsadellas.com.br\/?post_type=product&#038;p=33691"},"modified":"2026-02-24T15:41:46","modified_gmt":"2026-02-24T18:41:46","slug":"bolsa-coach-compass-35-signature","status":"publish","type":"product","link":"https:\/\/bolsadellas.com.br\/?product=bolsa-coach-compass-35-signature","title":{"rendered":"Bolsa Coach Compass 35 signature"},"content":{"rendered":"<p>Feita para a vida em movimento, nossa bolsa Compass est\u00e1 pronta para te acompanhar no trabalho, em viagens de fim de semana e em tudo mais. Leve e pr\u00e1tica, a Compass Bag 35 possui um interior aberto com bolsos com z\u00edper e bolsos internos para facilitar a organiza\u00e7\u00e3o. Confeccionada em nossa lona Signature e couro refinado, esta bolsa compacta tem fechamento em z\u00edper e al\u00e7a remov\u00edvel para uso no ombro ou transversal.<\/p>\n<p><span dir=\"auto\">Canvas e couro de bezerro refinado.<\/span><br \/>\n<span dir=\"auto\">Bolsos internos com z\u00edper e multifuncionais.<\/span><br \/>\n<span dir=\"auto\">Fecho de z\u00edper na parte superior, forro em tecido.<\/span><br \/>\n<span dir=\"auto\">Al\u00e7as com 10 cm de altura.<\/span><br \/>\n<span dir=\"auto\">Al\u00e7a remov\u00edvel com 65 cm de altura para uso no ombro ou transversal.<\/span><br \/>\n<span dir=\"auto\">Quatro p\u00e9s de prote\u00e7\u00e3o na base.<\/span><br \/>\n<span dir=\"auto\">34 cm (C) x 21 cm (A) x 16 cm (L)<\/span><\/p>\n","protected":false},"excerpt":{"rendered":"<p>Feita para a vida em movimento, nossa bolsa Compass est\u00e1 pronta para te acompanhar no trabalho, em viagens de fim de semana e em tudo mais. Leve e pr\u00e1tica, a Compass Bag 35 possui um interior aberto com bolsos com z\u00edper e bolsos internos para facilitar a organiza\u00e7\u00e3o. Confeccionada em nossa lona Signature e couro &hellip; <\/p>\n","protected":false},"featured_media":33692,"template":"","meta":[],"product_brand":[],"product_cat":[106,349,366],"product_tag":[],"class_list":{"0":"post-33691","1":"product","2":"type-product","3":"status-publish","4":"has-post-thumbnail","6":"product_cat-bolsas","7":"product_cat-coach","8":"product_cat-todos-os-produtos","9":"latest_post","11":"first","12":"instock","13":"taxable","14":"shipping-taxable","15":"purchasable","16":"product-type-simple"},"_links":{"self":[{"href":"https:\/\/bolsadellas.com.br\/index.php?rest_route=\/wp\/v2\/product\/33691","targetHints":{"allow":["GET"]}}],"collection":[{"href":"https:\/\/bolsadellas.com.br\/index.php?rest_route=\/wp\/v2\/product"}],"about":[{"href":"https:\/\/bolsadellas.com.br\/index.php?rest_route=\/wp\/v2\/types\/product"}],"wp:featuredmedia":[{"embeddable":true,"href":"https:\/\/bolsadellas.com.br\/index.php?rest_route=\/wp\/v2\/media\/33692"}],"wp:attachment":[{"href":"https:\/\/bolsadellas.com.br\/index.php?rest_route=%2Fwp%2Fv2%2Fmedia&parent=33691"}],"wp:term":[{"taxonomy":"product_brand","embeddable":true,"href":"https:\/\/bolsadellas.com.br\/index.php?rest_route=%2Fwp%2Fv2%2Fproduct_brand&post=33691"},{"taxonomy":"product_cat","embeddable":true,"href":"https:\/\/bolsadellas.com.br\/index.php?rest_route=%2Fwp%2Fv2%2Fproduct_cat&post=33691"},{"taxonomy":"product_tag","embeddable":true,"href":"https:\/\/bolsadellas.com.br\/index.php?rest_route=%2Fwp%2Fv2%2Fproduct_tag&post=33691"}],"curies":[{"name":"wp","href":"https:\/\/api.w.org\/{rel}","templated":true}]}}