{"id":33687,"date":"2026-03-24T14:02:13","date_gmt":"2026-03-24T17:02:13","guid":{"rendered":"https:\/\/bolsadellas.com.br\/?post_type=product&#038;p=33687"},"modified":"2026-04-04T09:26:43","modified_gmt":"2026-04-04T12:26:43","slug":"chaveiro-coach-soho-sneaker","status":"publish","type":"product","link":"https:\/\/bolsadellas.com.br\/?product=chaveiro-coach-soho-sneaker","title":{"rendered":"Chaveiro Coach Soho Sneaker"},"content":{"rendered":"<p>Este pingente elegante captura em detalhes o nosso t\u00eanis Soho, o queridinho dos clientes.<\/p>\n<p>Prenda-o \u00e0 sua bolsa favorita ou ao seu chaveiro.<\/p>\n<pre id=\"tw-target-text\" class=\"tw-data-text tw-text-large tw-ta\" dir=\"ltr\" tabindex=\"-1\" role=\"text\" data-placeholder=\"Tradu\u00e7\u00e3o\" data-ved=\"2ahUKEwiO74Gfi_CSAxWKlJUCHXq-DpcQ3ewLegQIDBAX\" aria-label=\"Texto traduzido: Detalhes do produto\r\nComposi\u00e7\u00e3o detalhada: 100% Zinco\r\n\r\nCor: Cinza\r\n\r\nAlto: 12 cm\r\n\r\nAncho: 1 cm\r\n\r\nLargo: 4 cm\"><span class=\"Y2IQFc\" lang=\"pt\">Detalhes do produto\r\nComposi\u00e7\u00e3o detalhada: 100% Zinco\r\n\r\nCor: Prata\r\n\r\nAltura: 12 cm\r\n\r\nLargo: 4 cm<\/span><\/pre>\n","protected":false},"excerpt":{"rendered":"<p>Este pingente elegante captura em detalhes o nosso t\u00eanis Soho, o queridinho dos clientes. Prenda-o \u00e0 sua bolsa favorita ou ao seu chaveiro. Detalhes do produto Composi\u00e7\u00e3o detalhada: 100% Zinco Cor: Prata Altura: 12 cm Largo: 4 cm<\/p>\n","protected":false},"featured_media":33688,"template":"","meta":[],"product_brand":[],"product_cat":[106,363,349,366],"product_tag":[],"class_list":{"0":"post-33687","1":"product","2":"type-product","3":"status-publish","4":"has-post-thumbnail","6":"product_cat-bolsas","7":"product_cat-chaveiro","8":"product_cat-coach","9":"product_cat-todos-os-produtos","10":"latest_post","12":"first","13":"instock","14":"taxable","15":"shipping-taxable","16":"purchasable","17":"product-type-simple"},"_links":{"self":[{"href":"https:\/\/bolsadellas.com.br\/index.php?rest_route=\/wp\/v2\/product\/33687","targetHints":{"allow":["GET"]}}],"collection":[{"href":"https:\/\/bolsadellas.com.br\/index.php?rest_route=\/wp\/v2\/product"}],"about":[{"href":"https:\/\/bolsadellas.com.br\/index.php?rest_route=\/wp\/v2\/types\/product"}],"wp:featuredmedia":[{"embeddable":true,"href":"https:\/\/bolsadellas.com.br\/index.php?rest_route=\/wp\/v2\/media\/33688"}],"wp:attachment":[{"href":"https:\/\/bolsadellas.com.br\/index.php?rest_route=%2Fwp%2Fv2%2Fmedia&parent=33687"}],"wp:term":[{"taxonomy":"product_brand","embeddable":true,"href":"https:\/\/bolsadellas.com.br\/index.php?rest_route=%2Fwp%2Fv2%2Fproduct_brand&post=33687"},{"taxonomy":"product_cat","embeddable":true,"href":"https:\/\/bolsadellas.com.br\/index.php?rest_route=%2Fwp%2Fv2%2Fproduct_cat&post=33687"},{"taxonomy":"product_tag","embeddable":true,"href":"https:\/\/bolsadellas.com.br\/index.php?rest_route=%2Fwp%2Fv2%2Fproduct_tag&post=33687"}],"curies":[{"name":"wp","href":"https:\/\/api.w.org\/{rel}","templated":true}]}}