{"id":33665,"date":"2026-02-10T12:23:00","date_gmt":"2026-02-10T15:23:00","guid":{"rendered":"https:\/\/bolsadellas.com.br\/?post_type=product&#038;p=33665"},"modified":"2026-03-30T18:52:49","modified_gmt":"2026-03-30T21:52:49","slug":"relogio-technos-feminino","status":"publish","type":"product","link":"https:\/\/bolsadellas.com.br\/?product=relogio-technos-feminino","title":{"rendered":"Rel\u00f3gio Technos Feminino 2035mtp"},"content":{"rendered":"<ul class=\"list-disc list-circle pl-5\">\n<li><strong>G\u00eanero<\/strong>:\u00a0Feminino<\/li>\n<li>33 mm<\/li>\n<li><strong>Banho<\/strong>:\u00a0Dourado<\/li>\n<li><strong>Tipo<\/strong>:\u00a0Anal\u00f3gico<\/li>\n<li><strong>Material da Caixa<\/strong>:\u00a0A\u00e7o<\/li>\n<li><strong>Cor da Caixa<\/strong>:\u00a0Dourado<\/li>\n<li><strong>Formato<\/strong>:\u00a0Redondo<\/li>\n<li><strong>Cor do Mostrador<\/strong>:\u00a0Champagne<\/li>\n<li><strong>Material da Pulseira<\/strong>:\u00a0A\u00e7o<\/li>\n<li><strong>Cor da Pulseira<\/strong>:\u00a0Dourado<\/li>\n<li><strong>Resist\u00eancia \u00e0 \u00c1gua<\/strong>:\u00a05 ATM<\/li>\n<li><strong>Garantia<\/strong>:\u00a012 meses<\/li>\n<\/ul>\n","protected":false},"excerpt":{"rendered":"<p>G\u00eanero:\u00a0Feminino 33 mm Banho:\u00a0Dourado Tipo:\u00a0Anal\u00f3gico Material da Caixa:\u00a0A\u00e7o Cor da Caixa:\u00a0Dourado Formato:\u00a0Redondo Cor do Mostrador:\u00a0Champagne Material da Pulseira:\u00a0A\u00e7o Cor da Pulseira:\u00a0Dourado Resist\u00eancia \u00e0 \u00c1gua:\u00a05 ATM Garantia:\u00a012 meses<\/p>\n","protected":false},"featured_media":33666,"template":"","meta":[],"product_brand":[],"product_cat":[107,367,366],"product_tag":[],"class_list":{"0":"post-33665","1":"product","2":"type-product","3":"status-publish","4":"has-post-thumbnail","6":"product_cat-relogios","7":"product_cat-technos","8":"product_cat-todos-os-produtos","9":"latest_post","11":"first","12":"instock","13":"taxable","14":"shipping-taxable","15":"purchasable","16":"product-type-simple"},"_links":{"self":[{"href":"https:\/\/bolsadellas.com.br\/index.php?rest_route=\/wp\/v2\/product\/33665","targetHints":{"allow":["GET"]}}],"collection":[{"href":"https:\/\/bolsadellas.com.br\/index.php?rest_route=\/wp\/v2\/product"}],"about":[{"href":"https:\/\/bolsadellas.com.br\/index.php?rest_route=\/wp\/v2\/types\/product"}],"wp:featuredmedia":[{"embeddable":true,"href":"https:\/\/bolsadellas.com.br\/index.php?rest_route=\/wp\/v2\/media\/33666"}],"wp:attachment":[{"href":"https:\/\/bolsadellas.com.br\/index.php?rest_route=%2Fwp%2Fv2%2Fmedia&parent=33665"}],"wp:term":[{"taxonomy":"product_brand","embeddable":true,"href":"https:\/\/bolsadellas.com.br\/index.php?rest_route=%2Fwp%2Fv2%2Fproduct_brand&post=33665"},{"taxonomy":"product_cat","embeddable":true,"href":"https:\/\/bolsadellas.com.br\/index.php?rest_route=%2Fwp%2Fv2%2Fproduct_cat&post=33665"},{"taxonomy":"product_tag","embeddable":true,"href":"https:\/\/bolsadellas.com.br\/index.php?rest_route=%2Fwp%2Fv2%2Fproduct_tag&post=33665"}],"curies":[{"name":"wp","href":"https:\/\/api.w.org\/{rel}","templated":true}]}}