{"id":33655,"date":"2026-01-16T14:59:52","date_gmt":"2026-01-16T17:59:52","guid":{"rendered":"https:\/\/bolsadellas.com.br\/?post_type=product&#038;p=33655"},"modified":"2026-03-09T17:14:45","modified_gmt":"2026-03-09T20:14:45","slug":"bolsa-coach-tabby-20-vinho","status":"publish","type":"product","link":"https:\/\/bolsadellas.com.br\/?product=bolsa-coach-tabby-20-vinho","title":{"rendered":"Bolsa Coach Tabby 20 vinho"},"content":{"rendered":"<div id=\"details\" class=\"ecn-tab-content active\">\n<div class=\"wrap\">\n<p>\u2013 Couro Pebble polido<\/p>\n<p>\u2013 Bolsos internos multifuncionais e com z\u00edper<\/p>\n<p>\u2013 Fecho de press\u00e3o, forro de tecido<\/p>\n<p>\u2013 Al\u00e7a remov\u00edvel com abertura de 13,5 cm<\/p>\n<p>\u2013 Bolso externo aberto<\/p>\n<p>\u2013 Al\u00e7a remov\u00edvel com abertura de 54,5 cm para usar no ombro ou na transversal<\/p>\n<p>\u2013 20 cm (Largura) x 10,5 cm (Altura) x 7 cm (Profundidade)<\/p>\n<\/div>\n<\/div>\n<div id=\"description\" class=\"ecn-tab-content\">\n<h2>DESCRI\u00c7\u00c3O<\/h2>\n<div class=\"wrap\">\n<div class=\"productDescription\">Uma vis\u00e3o moderna de um design Coach dos anos 1970, nossa bolsa de ombro estruturada Tabby \u00e9 feita de couro Pebble polido. Menor que a 26, a pequena 20 tem duas al\u00e7as remov\u00edveis para carregar na m\u00e3o, estilo bolsa de ombro curta ou transversal. \u00c9 finalizado com nosso hardware Signature para um toque ic\u00f4nico.<\/div>\n<\/div>\n<\/div>\n","protected":false},"excerpt":{"rendered":"<p>\u2013 Couro Pebble polido \u2013 Bolsos internos multifuncionais e com z\u00edper \u2013 Fecho de press\u00e3o, forro de tecido \u2013 Al\u00e7a remov\u00edvel com abertura de 13,5 cm \u2013 Bolso externo aberto \u2013 Al\u00e7a remov\u00edvel com abertura de 54,5 cm para usar no ombro ou na transversal \u2013 20 cm (Largura) x 10,5 cm (Altura) x 7 &hellip; <\/p>\n","protected":false},"featured_media":33656,"template":"","meta":[],"product_brand":[],"product_cat":[106,349,366],"product_tag":[],"class_list":{"0":"post-33655","1":"product","2":"type-product","3":"status-publish","4":"has-post-thumbnail","6":"product_cat-bolsas","7":"product_cat-coach","8":"product_cat-todos-os-produtos","9":"latest_post","11":"first","12":"outofstock","13":"taxable","14":"shipping-taxable","15":"purchasable","16":"product-type-simple"},"_links":{"self":[{"href":"https:\/\/bolsadellas.com.br\/index.php?rest_route=\/wp\/v2\/product\/33655","targetHints":{"allow":["GET"]}}],"collection":[{"href":"https:\/\/bolsadellas.com.br\/index.php?rest_route=\/wp\/v2\/product"}],"about":[{"href":"https:\/\/bolsadellas.com.br\/index.php?rest_route=\/wp\/v2\/types\/product"}],"wp:featuredmedia":[{"embeddable":true,"href":"https:\/\/bolsadellas.com.br\/index.php?rest_route=\/wp\/v2\/media\/33656"}],"wp:attachment":[{"href":"https:\/\/bolsadellas.com.br\/index.php?rest_route=%2Fwp%2Fv2%2Fmedia&parent=33655"}],"wp:term":[{"taxonomy":"product_brand","embeddable":true,"href":"https:\/\/bolsadellas.com.br\/index.php?rest_route=%2Fwp%2Fv2%2Fproduct_brand&post=33655"},{"taxonomy":"product_cat","embeddable":true,"href":"https:\/\/bolsadellas.com.br\/index.php?rest_route=%2Fwp%2Fv2%2Fproduct_cat&post=33655"},{"taxonomy":"product_tag","embeddable":true,"href":"https:\/\/bolsadellas.com.br\/index.php?rest_route=%2Fwp%2Fv2%2Fproduct_tag&post=33655"}],"curies":[{"name":"wp","href":"https:\/\/api.w.org\/{rel}","templated":true}]}}