{"id":33634,"date":"2026-01-26T15:29:17","date_gmt":"2026-01-26T18:29:17","guid":{"rendered":"https:\/\/bolsadellas.com.br\/?post_type=product&#038;p=33634"},"modified":"2026-02-16T12:03:39","modified_gmt":"2026-02-16T15:03:39","slug":"bolsa-coach-brook-flap-chain-vinho","status":"publish","type":"product","link":"https:\/\/bolsadellas.com.br\/?product=bolsa-coach-brook-flap-chain-vinho","title":{"rendered":"Bolsa Coach Brook Flap Chain vinho"},"content":{"rendered":"<div id=\"details\" class=\"ecn-tab-content active\">\n<div class=\"wrap\">\n<p>\u2013 Couro refinado de bezerro<\/p>\n<p>\u2013 Dois compartimentos para cart\u00e3o<\/p>\n<p>\u2013 Bolso interno com z\u00edper<\/p>\n<p>\u2013 Fecho de press\u00e3o, forro de tecido<\/p>\n<p>\u2013 Bolso externo aberto<\/p>\n<p>\u2013 Al\u00e7a de corrente remov\u00edvel com abertura de 22 cm<\/p>\n<p>\u2013 Al\u00e7a de couro remov\u00edvel ajust\u00e1vel com abertura de 24 cm a 47,5 cm<\/p>\n<p>\u2013 23,5 cm (Largura) x 12 cm (Altura) x 4,5 cm (Profundidade)<\/p>\n<p>\u2013 *N\u00e3o acompanha Dust Bag<\/p>\n<\/div>\n<\/div>\n<div id=\"description\" class=\"ecn-tab-content\">\n<h2>Descri\u00e7\u00e3o<\/h2>\n<div class=\"wrap\">\n<div class=\"productDescription\">Um modelo vers\u00e1til para o dia e para a noite, nossa bolsa Brook com aba frontal tem uma al\u00e7a curta de corrente brilhante e uma al\u00e7a de couro para usar como uma tiracolo ou dobrada para um visual mais curto e elegante. Com espa\u00e7o para guardar todos os itens essenciais, o design arredondado de denim e couro refinado apresenta um bolso externo conveniente e bolsos internos multifuncionais para f\u00e1cil organiza\u00e7\u00e3o.<\/div>\n<\/div>\n<\/div>\n","protected":false},"excerpt":{"rendered":"<p>\u2013 Couro refinado de bezerro \u2013 Dois compartimentos para cart\u00e3o \u2013 Bolso interno com z\u00edper \u2013 Fecho de press\u00e3o, forro de tecido \u2013 Bolso externo aberto \u2013 Al\u00e7a de corrente remov\u00edvel com abertura de 22 cm \u2013 Al\u00e7a de couro remov\u00edvel ajust\u00e1vel com abertura de 24 cm a 47,5 cm \u2013 23,5 cm (Largura) x &hellip; <\/p>\n","protected":false},"featured_media":33635,"template":"","meta":[],"product_brand":[],"product_cat":[106,349,366],"product_tag":[],"class_list":{"0":"post-33634","1":"product","2":"type-product","3":"status-publish","4":"has-post-thumbnail","6":"product_cat-bolsas","7":"product_cat-coach","8":"product_cat-todos-os-produtos","9":"latest_post","11":"first","12":"outofstock","13":"taxable","14":"shipping-taxable","15":"purchasable","16":"product-type-simple"},"_links":{"self":[{"href":"https:\/\/bolsadellas.com.br\/index.php?rest_route=\/wp\/v2\/product\/33634","targetHints":{"allow":["GET"]}}],"collection":[{"href":"https:\/\/bolsadellas.com.br\/index.php?rest_route=\/wp\/v2\/product"}],"about":[{"href":"https:\/\/bolsadellas.com.br\/index.php?rest_route=\/wp\/v2\/types\/product"}],"wp:featuredmedia":[{"embeddable":true,"href":"https:\/\/bolsadellas.com.br\/index.php?rest_route=\/wp\/v2\/media\/33635"}],"wp:attachment":[{"href":"https:\/\/bolsadellas.com.br\/index.php?rest_route=%2Fwp%2Fv2%2Fmedia&parent=33634"}],"wp:term":[{"taxonomy":"product_brand","embeddable":true,"href":"https:\/\/bolsadellas.com.br\/index.php?rest_route=%2Fwp%2Fv2%2Fproduct_brand&post=33634"},{"taxonomy":"product_cat","embeddable":true,"href":"https:\/\/bolsadellas.com.br\/index.php?rest_route=%2Fwp%2Fv2%2Fproduct_cat&post=33634"},{"taxonomy":"product_tag","embeddable":true,"href":"https:\/\/bolsadellas.com.br\/index.php?rest_route=%2Fwp%2Fv2%2Fproduct_tag&post=33634"}],"curies":[{"name":"wp","href":"https:\/\/api.w.org\/{rel}","templated":true}]}}