{"id":33623,"date":"2026-03-12T08:23:50","date_gmt":"2026-03-12T11:23:50","guid":{"rendered":"https:\/\/bolsadellas.com.br\/?post_type=product&#038;p=33623"},"modified":"2026-04-03T15:50:18","modified_gmt":"2026-04-03T18:50:18","slug":"bolsa-tabby-26-quilting-suede-marrom","status":"publish","type":"product","link":"https:\/\/bolsadellas.com.br\/?product=bolsa-tabby-26-quilting-suede-marrom","title":{"rendered":"Bolsa Coach Tabby 26 Quilting Suede"},"content":{"rendered":"<div id=\"details\" class=\"ecn-tab-content active\">\n<div class=\"wrap\">\n<p>&#8211; Camur\u00e7a e couro liso<\/p>\n<p>&#8211; Fecho pushlock, forro de tecido<\/p>\n<p>&#8211; Bolso externo<\/p>\n<p>&#8211; Bolsos internos com z\u00edper e fecho magn\u00e9tico<\/p>\n<p>&#8211; Al\u00e7a de corrente com abertura de 54 cm para uso no ombro ou na transversal<\/p>\n<p>&#8211; 26 cm (Largura) x 14 cm (Altura) x 8 cm (Profundidade)<\/p>\n<\/div>\n<\/div>\n<div id=\"description\" class=\"ecn-tab-content\">\n<h2>Descri\u00e7\u00e3o<\/h2>\n<div class=\"wrap\">\n<div class=\"productDescription\">Uma vers\u00e3o moderna de um design de arquivo da Coach dos anos 70, nossa bolsa de ombro estruturada Tabby \u00e9 confeccionada em camur\u00e7a aveludada acolchoada. Finalizada com nosso hardware Signature para um toque ic\u00f4nico, a compacta 26 apresenta uma longa al\u00e7a de corrente e couro para usar na transversal ou dobrada para um visual mais curto e elegante.<\/div>\n<\/div>\n<\/div>\n","protected":false},"excerpt":{"rendered":"<p>&#8211; Camur\u00e7a e couro liso &#8211; Fecho pushlock, forro de tecido &#8211; Bolso externo &#8211; Bolsos internos com z\u00edper e fecho magn\u00e9tico &#8211; Al\u00e7a de corrente com abertura de 54 cm para uso no ombro ou na transversal &#8211; 26 cm (Largura) x 14 cm (Altura) x 8 cm (Profundidade) Descri\u00e7\u00e3o Uma vers\u00e3o moderna de &hellip; <\/p>\n","protected":false},"featured_media":33624,"comment_status":"open","ping_status":"closed","template":"","meta":[],"product_brand":[],"product_cat":[106,349,366],"product_tag":[],"class_list":{"0":"post-33623","1":"product","2":"type-product","3":"status-publish","4":"has-post-thumbnail","6":"product_cat-bolsas","7":"product_cat-coach","8":"product_cat-todos-os-produtos","9":"latest_post","11":"first","12":"instock","13":"taxable","14":"shipping-taxable","15":"purchasable","16":"product-type-simple"},"_links":{"self":[{"href":"https:\/\/bolsadellas.com.br\/index.php?rest_route=\/wp\/v2\/product\/33623","targetHints":{"allow":["GET"]}}],"collection":[{"href":"https:\/\/bolsadellas.com.br\/index.php?rest_route=\/wp\/v2\/product"}],"about":[{"href":"https:\/\/bolsadellas.com.br\/index.php?rest_route=\/wp\/v2\/types\/product"}],"replies":[{"embeddable":true,"href":"https:\/\/bolsadellas.com.br\/index.php?rest_route=%2Fwp%2Fv2%2Fcomments&post=33623"}],"wp:featuredmedia":[{"embeddable":true,"href":"https:\/\/bolsadellas.com.br\/index.php?rest_route=\/wp\/v2\/media\/33624"}],"wp:attachment":[{"href":"https:\/\/bolsadellas.com.br\/index.php?rest_route=%2Fwp%2Fv2%2Fmedia&parent=33623"}],"wp:term":[{"taxonomy":"product_brand","embeddable":true,"href":"https:\/\/bolsadellas.com.br\/index.php?rest_route=%2Fwp%2Fv2%2Fproduct_brand&post=33623"},{"taxonomy":"product_cat","embeddable":true,"href":"https:\/\/bolsadellas.com.br\/index.php?rest_route=%2Fwp%2Fv2%2Fproduct_cat&post=33623"},{"taxonomy":"product_tag","embeddable":true,"href":"https:\/\/bolsadellas.com.br\/index.php?rest_route=%2Fwp%2Fv2%2Fproduct_tag&post=33623"}],"curies":[{"name":"wp","href":"https:\/\/api.w.org\/{rel}","templated":true}]}}