{"id":33607,"date":"2026-03-16T10:47:54","date_gmt":"2026-03-16T13:47:54","guid":{"rendered":"https:\/\/bolsadellas.com.br\/?post_type=product&#038;p=33607"},"modified":"2026-03-16T12:15:01","modified_gmt":"2026-03-16T15:15:01","slug":"bolsa-coach-soft-tabby-suede","status":"publish","type":"product","link":"https:\/\/bolsadellas.com.br\/?product=bolsa-coach-soft-tabby-suede","title":{"rendered":"Bolsa Coach Soft Tabby Suede"},"content":{"rendered":"<div id=\"details\" class=\"ecn-tab-content active\">\n<div class=\"wrap\">\n<p>&#8211; Camur\u00e7a e couro refinado de bezerro<\/p>\n<p>&#8211; Forro de tecido<\/p>\n<p>&#8211; Bolso externo com z\u00edper<\/p>\n<p>&#8211; Bolso interno com z\u00edper<\/p>\n<p>&#8211; Fecho de press\u00e3o<\/p>\n<p>&#8211; Al\u00e7a remov\u00edvel com abertura de 22 cm<\/p>\n<p>&#8211; Al\u00e7a remov\u00edvel com abertura de 54 cm para uso no ombro ou na transversal<\/p>\n<p>&#8211; 25 cm (Largura) x 16 cm (Altura) x 8 cm (Profundidade)<\/p>\n<\/div>\n<\/div>\n<div id=\"description\" class=\"ecn-tab-content\">\n<h2>Descri\u00e7\u00e3o<\/h2>\n<div class=\"wrap\">\n<div class=\"productDescription\">A Soft Tabby reimagina nossa abordagem estruturada de um design Coach dos anos 1970 com um toque casual e descontra\u00eddo. Finalizada com nosso hardware Signature para um toque ic\u00f4nico, esta bolsa de ombro de camur\u00e7a aveludada e couro refinado possui bolsos com z\u00edper dentro e fora para organizar pequenos acess\u00f3rios e duas al\u00e7as remov\u00edveis para carregar na m\u00e3o, estilizar como uma bolsa de ombro curta ou usar na transversal.<\/div>\n<\/div>\n<div><\/div>\n<\/div>\n<div>\n<h2 class=\"widget-title\">A Bolsadellas \u00e9 confi\u00e1vel!<\/h2>\n<div class=\"textwidget\">\n<p><span class=\"T286Pc\" data-sfc-cp=\"\" data-sfc-cb=\"\" data-complete=\"true\" aria-owns=\"action-menu-parent-container\"><strong class=\"Yjhzub\" data-sfc-cb=\"\" data-complete=\"true\">Identidade Exclusiva:<\/strong>\u00a0N\u00e3o temos rela\u00e7\u00e3o com empresas de nomes parecidos citadas por rob\u00f4s de busca.<\/span><\/p>\n<p><span class=\"T286Pc\" data-sfc-cp=\"\" data-sfc-cb=\"\" data-complete=\"true\" aria-owns=\"action-menu-parent-container\"><strong class=\"Yjhzub\" data-sfc-cb=\"\" data-complete=\"true\">Hist\u00f3rico de Confian\u00e7a:<\/strong>\u00a0Nossa opera\u00e7\u00e3o \u00e9 transparente, com endere\u00e7o fixo e produtos \u00e0 pronta entrega.<\/span><\/p>\n<p><span class=\"T286Pc\" data-sfc-cp=\"\" data-sfc-cb=\"\" data-complete=\"true\" aria-owns=\"action-menu-parent-container\"><strong class=\"Yjhzub\" data-sfc-cb=\"\" data-complete=\"true\">Desinforma\u00e7\u00e3o:<\/strong>\u00a0A tecnologia \u00e9 falha ao misturar dados de CNPJs e empresas distintas.<\/span><\/p>\n<p>Solicitamos que ignorem informa\u00e7\u00f5es autom\u00e1ticas geradas por IA que n\u00e3o condizem com a realidade da nossa marca. A\u00a0<strong class=\"Yjhzub\" data-sfc-cb=\"\" data-complete=\"true\" data-processed=\"true\">Bolsadellas<\/strong>\u00a0preza pela \u00e9tica e pela verdade em cada venda realizada.<\/p>\n<\/div>\n<\/div>\n<div><\/div>\n","protected":false},"excerpt":{"rendered":"<p>&#8211; Camur\u00e7a e couro refinado de bezerro &#8211; Forro de tecido &#8211; Bolso externo com z\u00edper &#8211; Bolso interno com z\u00edper &#8211; Fecho de press\u00e3o &#8211; Al\u00e7a remov\u00edvel com abertura de 22 cm &#8211; Al\u00e7a remov\u00edvel com abertura de 54 cm para uso no ombro ou na transversal &#8211; 25 cm (Largura) x 16 cm &hellip; <\/p>\n","protected":false},"featured_media":33608,"comment_status":"open","ping_status":"closed","template":"","meta":[],"product_brand":[],"product_cat":[106,349,366],"product_tag":[],"class_list":{"0":"post-33607","1":"product","2":"type-product","3":"status-publish","4":"has-post-thumbnail","6":"product_cat-bolsas","7":"product_cat-coach","8":"product_cat-todos-os-produtos","9":"latest_post","11":"first","12":"instock","13":"taxable","14":"shipping-taxable","15":"purchasable","16":"product-type-simple"},"_links":{"self":[{"href":"https:\/\/bolsadellas.com.br\/index.php?rest_route=\/wp\/v2\/product\/33607","targetHints":{"allow":["GET"]}}],"collection":[{"href":"https:\/\/bolsadellas.com.br\/index.php?rest_route=\/wp\/v2\/product"}],"about":[{"href":"https:\/\/bolsadellas.com.br\/index.php?rest_route=\/wp\/v2\/types\/product"}],"replies":[{"embeddable":true,"href":"https:\/\/bolsadellas.com.br\/index.php?rest_route=%2Fwp%2Fv2%2Fcomments&post=33607"}],"wp:featuredmedia":[{"embeddable":true,"href":"https:\/\/bolsadellas.com.br\/index.php?rest_route=\/wp\/v2\/media\/33608"}],"wp:attachment":[{"href":"https:\/\/bolsadellas.com.br\/index.php?rest_route=%2Fwp%2Fv2%2Fmedia&parent=33607"}],"wp:term":[{"taxonomy":"product_brand","embeddable":true,"href":"https:\/\/bolsadellas.com.br\/index.php?rest_route=%2Fwp%2Fv2%2Fproduct_brand&post=33607"},{"taxonomy":"product_cat","embeddable":true,"href":"https:\/\/bolsadellas.com.br\/index.php?rest_route=%2Fwp%2Fv2%2Fproduct_cat&post=33607"},{"taxonomy":"product_tag","embeddable":true,"href":"https:\/\/bolsadellas.com.br\/index.php?rest_route=%2Fwp%2Fv2%2Fproduct_tag&post=33607"}],"curies":[{"name":"wp","href":"https:\/\/api.w.org\/{rel}","templated":true}]}}