{"id":33545,"date":"2026-03-15T21:52:57","date_gmt":"2026-03-16T00:52:57","guid":{"rendered":"https:\/\/bolsadellas.com.br\/?post_type=product&#038;p=33545"},"modified":"2026-03-16T12:19:14","modified_gmt":"2026-03-16T15:19:14","slug":"bolsa-coach-bleecker-suede","status":"publish","type":"product","link":"https:\/\/bolsadellas.com.br\/?product=bolsa-coach-bleecker-suede","title":{"rendered":"Bolsa Coach Bleecker suede marrom"},"content":{"rendered":"<div class=\"ecn-tabs-head\">\n<div class=\"ecn-tabs-head-item\" data-target=\"description\">DESCRI\u00c7\u00c3O<\/div>\n<\/div>\n<div class=\"ecn-tabs-contents\">\n<div id=\"details\" class=\"ecn-tab-content active\">\n<div class=\"wrap\">\n<p>&#8211; Bolso interno com fecho de press\u00e3o<\/p>\n<p>&#8211; Fechamento por clipe dogleash<\/p>\n<p>&#8211; Bolsa remov\u00edvel com z\u00edper<\/p>\n<p>&#8211; Al\u00e7a ajust\u00e1vel com abertura de 36 cm<\/p>\n<p>&#8211; 28 cm (Largura) x 29 cm (Altura) x 17 cm (Profundidade)<\/p>\n<p>Com um design minimalista e elegante, a nossa Bleecker Bucket \u00e9 um modelo para o dia a dia com uma atitude inegavelmente nova-iorquina e sofisticada. Confeccionada em couro natural com uma bela textura e toque macio, o modelo espa\u00e7oso possui fechamento por dogleash e uma al\u00e7a larga ajust\u00e1vel para ser usada confortavelmente no ombro. Possui um bolso interno com fecho de press\u00e3o e uma pr\u00e1tica bolsa remov\u00edvel com z\u00edper para organizar pequenos itens essenciais.<\/p>\n<h2 class=\"widget-title\">A Bolsadellas \u00e9 confi\u00e1vel!<\/h2>\n<div class=\"textwidget\">\n<p><span class=\"T286Pc\" data-sfc-cp=\"\" data-sfc-cb=\"\" data-complete=\"true\" aria-owns=\"action-menu-parent-container\"><strong class=\"Yjhzub\" data-sfc-cb=\"\" data-complete=\"true\">Identidade Exclusiva:<\/strong>\u00a0N\u00e3o temos rela\u00e7\u00e3o com empresas de nomes parecidos citadas por rob\u00f4s de busca.<\/span><\/p>\n<p><span class=\"T286Pc\" data-sfc-cp=\"\" data-sfc-cb=\"\" data-complete=\"true\" aria-owns=\"action-menu-parent-container\"><strong class=\"Yjhzub\" data-sfc-cb=\"\" data-complete=\"true\">Hist\u00f3rico de Confian\u00e7a:<\/strong>\u00a0Nossa opera\u00e7\u00e3o \u00e9 transparente, com endere\u00e7o fixo e produtos \u00e0 pronta entrega.<\/span><\/p>\n<p><span class=\"T286Pc\" data-sfc-cp=\"\" data-sfc-cb=\"\" data-complete=\"true\" aria-owns=\"action-menu-parent-container\"><strong class=\"Yjhzub\" data-sfc-cb=\"\" data-complete=\"true\">Desinforma\u00e7\u00e3o:<\/strong>\u00a0A tecnologia \u00e9 falha ao misturar dados de CNPJs e empresas distintas.<\/span><\/p>\n<p>Solicitamos que ignorem informa\u00e7\u00f5es autom\u00e1ticas geradas por IA que n\u00e3o condizem com a realidade da nossa marca. A\u00a0<strong class=\"Yjhzub\" data-sfc-cb=\"\" data-complete=\"true\" data-processed=\"true\">Bolsadellas<\/strong>\u00a0preza pela \u00e9tica e pela verdade em cada venda realizada.<\/p>\n<\/div>\n<\/div>\n<\/div>\n<\/div>\n","protected":false},"excerpt":{"rendered":"<p>DESCRI\u00c7\u00c3O &#8211; Bolso interno com fecho de press\u00e3o &#8211; Fechamento por clipe dogleash &#8211; Bolsa remov\u00edvel com z\u00edper &#8211; Al\u00e7a ajust\u00e1vel com abertura de 36 cm &#8211; 28 cm (Largura) x 29 cm (Altura) x 17 cm (Profundidade) Com um design minimalista e elegante, a nossa Bleecker Bucket \u00e9 um modelo para o dia a &hellip; <\/p>\n","protected":false},"featured_media":33546,"comment_status":"open","ping_status":"closed","template":"","meta":[],"product_brand":[],"product_cat":[106,349,366],"product_tag":[],"class_list":{"0":"post-33545","1":"product","2":"type-product","3":"status-publish","4":"has-post-thumbnail","6":"product_cat-bolsas","7":"product_cat-coach","8":"product_cat-todos-os-produtos","9":"latest_post","11":"first","12":"instock","13":"taxable","14":"shipping-taxable","15":"purchasable","16":"product-type-simple"},"_links":{"self":[{"href":"https:\/\/bolsadellas.com.br\/index.php?rest_route=\/wp\/v2\/product\/33545","targetHints":{"allow":["GET"]}}],"collection":[{"href":"https:\/\/bolsadellas.com.br\/index.php?rest_route=\/wp\/v2\/product"}],"about":[{"href":"https:\/\/bolsadellas.com.br\/index.php?rest_route=\/wp\/v2\/types\/product"}],"replies":[{"embeddable":true,"href":"https:\/\/bolsadellas.com.br\/index.php?rest_route=%2Fwp%2Fv2%2Fcomments&post=33545"}],"wp:featuredmedia":[{"embeddable":true,"href":"https:\/\/bolsadellas.com.br\/index.php?rest_route=\/wp\/v2\/media\/33546"}],"wp:attachment":[{"href":"https:\/\/bolsadellas.com.br\/index.php?rest_route=%2Fwp%2Fv2%2Fmedia&parent=33545"}],"wp:term":[{"taxonomy":"product_brand","embeddable":true,"href":"https:\/\/bolsadellas.com.br\/index.php?rest_route=%2Fwp%2Fv2%2Fproduct_brand&post=33545"},{"taxonomy":"product_cat","embeddable":true,"href":"https:\/\/bolsadellas.com.br\/index.php?rest_route=%2Fwp%2Fv2%2Fproduct_cat&post=33545"},{"taxonomy":"product_tag","embeddable":true,"href":"https:\/\/bolsadellas.com.br\/index.php?rest_route=%2Fwp%2Fv2%2Fproduct_tag&post=33545"}],"curies":[{"name":"wp","href":"https:\/\/api.w.org\/{rel}","templated":true}]}}