{"id":33523,"date":"2026-05-14T13:01:21","date_gmt":"2026-05-14T16:01:21","guid":{"rendered":"https:\/\/bolsadellas.com.br\/?post_type=product&#038;p=33523"},"modified":"2026-05-14T13:38:11","modified_gmt":"2026-05-14T16:38:11","slug":"bolsa-coach-juliet-shoulder-38-pre-venda","status":"publish","type":"product","link":"https:\/\/bolsadellas.com.br\/?product=bolsa-coach-juliet-shoulder-38-pre-venda","title":{"rendered":"Bolsa Coach Juliet Shoulder 38"},"content":{"rendered":"<div id=\"details\" class=\"ecn-tab-content active\">\n<div class=\"wrap\">\n<p>&#8211; Couro Glovetanned<\/p>\n<p>&#8211; Bolso interno com fecho de press\u00e3o<\/p>\n<p>&#8211; Fecho por z\u00edper, forro em tecido<\/p>\n<p>&#8211; Al\u00e7a curta remov\u00edvel com abertura de 30,5 cm<\/p>\n<p>&#8211; 38 cm (Largura) x 38 cm (Altura) x 13,5 cm (Profundidade)<\/p>\n<\/div>\n<\/div>\n<div id=\"description\" class=\"ecn-tab-content\">\n<h2>Descri\u00e7\u00e3o<\/h2>\n<div class=\"wrap\">\n<div class=\"productDescription\">\n<p>Atemporal e com um toque diferente, nossa Juliet tem um estilo sofisticado em um formato descontra\u00eddo. Detalhada com nosso hardware Signature, com espa\u00e7o para acomodar as necessidades di\u00e1rias e muito mais, a 38 \u00e9 uma bolsa espa\u00e7osa feita de nosso couro Glovetanned macio e amanteigado. Apresentando um bolso interno para organizar itens essenciais, o design de um compartimento \u00e9 finalizado com uma al\u00e7a curta remov\u00edvel. \u00c9 elegante, espa\u00e7oso, moderno e funcional (basicamente, tudo o que voc\u00ea deseja em uma bolsa).<\/p>\n<\/div>\n<\/div>\n<\/div>\n","protected":false},"excerpt":{"rendered":"<p>&#8211; Couro Glovetanned &#8211; Bolso interno com fecho de press\u00e3o &#8211; Fecho por z\u00edper, forro em tecido &#8211; Al\u00e7a curta remov\u00edvel com abertura de 30,5 cm &#8211; 38 cm (Largura) x 38 cm (Altura) x 13,5 cm (Profundidade) Descri\u00e7\u00e3o Atemporal e com um toque diferente, nossa Juliet tem um estilo sofisticado em um formato descontra\u00eddo. &hellip; <\/p>\n","protected":false},"featured_media":33524,"template":"","meta":[],"product_brand":[],"product_cat":[106,349,370,366],"product_tag":[],"class_list":{"0":"post-33523","1":"product","2":"type-product","3":"status-publish","4":"has-post-thumbnail","6":"product_cat-bolsas","7":"product_cat-coach","8":"product_cat-pre-venda-2","9":"product_cat-todos-os-produtos","10":"latest_post","12":"first","13":"instock","14":"taxable","15":"shipping-taxable","16":"purchasable","17":"product-type-simple"},"_links":{"self":[{"href":"https:\/\/bolsadellas.com.br\/index.php?rest_route=\/wp\/v2\/product\/33523","targetHints":{"allow":["GET"]}}],"collection":[{"href":"https:\/\/bolsadellas.com.br\/index.php?rest_route=\/wp\/v2\/product"}],"about":[{"href":"https:\/\/bolsadellas.com.br\/index.php?rest_route=\/wp\/v2\/types\/product"}],"wp:featuredmedia":[{"embeddable":true,"href":"https:\/\/bolsadellas.com.br\/index.php?rest_route=\/wp\/v2\/media\/33524"}],"wp:attachment":[{"href":"https:\/\/bolsadellas.com.br\/index.php?rest_route=%2Fwp%2Fv2%2Fmedia&parent=33523"}],"wp:term":[{"taxonomy":"product_brand","embeddable":true,"href":"https:\/\/bolsadellas.com.br\/index.php?rest_route=%2Fwp%2Fv2%2Fproduct_brand&post=33523"},{"taxonomy":"product_cat","embeddable":true,"href":"https:\/\/bolsadellas.com.br\/index.php?rest_route=%2Fwp%2Fv2%2Fproduct_cat&post=33523"},{"taxonomy":"product_tag","embeddable":true,"href":"https:\/\/bolsadellas.com.br\/index.php?rest_route=%2Fwp%2Fv2%2Fproduct_tag&post=33523"}],"curies":[{"name":"wp","href":"https:\/\/api.w.org\/{rel}","templated":true}]}}