{"id":33485,"date":"2026-02-13T07:46:39","date_gmt":"2026-02-13T10:46:39","guid":{"rendered":"https:\/\/bolsadellas.com.br\/?post_type=product&#038;p=33485"},"modified":"2026-05-08T10:08:22","modified_gmt":"2026-05-08T13:08:22","slug":"bolsa-coach-brooklyn-34-marrom","status":"publish","type":"product","link":"https:\/\/bolsadellas.com.br\/?product=bolsa-coach-brooklyn-34-marrom","title":{"rendered":"Bolsa Coach Brooklyn 34 marrom"},"content":{"rendered":"<div class=\"woocommerce-tabs wc-tabs-wrapper\">\n<div id=\"tab-description\" class=\"woocommerce-Tabs-panel woocommerce-Tabs-panel--description panel entry-content wc-tab\" role=\"tabpanel\" aria-labelledby=\"tab-title-description\">\n<ul>\n<li><span dir=\"auto\">Couro de gr\u00e3o natural<\/span><\/li>\n<li><span dir=\"auto\">Bolso interno com fecho de press\u00e3o<\/span><\/li>\n<li><span dir=\"auto\">Fecho magn\u00e9tico<\/span><\/li>\n<li><span dir=\"auto\">Al\u00e7a com queda de 32 cm<\/span><\/li>\n<li><span dir=\"auto\">34,5 cm (C) x 32,5 cm (A) x 10 cm (L)<\/span><\/li>\n<\/ul>\n<p>Nossa bolsa Brooklyn tem uma silhueta elegante e minimalista, com uma atitude inconfundivelmente nova-iorquina. Confeccionada em couro granulado natural com uma textura linda e toque macio, esta bolsa hobo de tamanho m\u00e9dio possui um interior espa\u00e7oso com um bolso com fecho de press\u00e3o para acesso r\u00e1pido a itens essenciais. O modelo 34, com seu design moderno, \u00e9 finalizado com uma al\u00e7a de ombro larga e confort\u00e1vel e um pr\u00e1tico fecho magn\u00e9tico.<\/p>\n<\/div>\n<\/div>\n<section class=\"related products\">\n<h2><\/h2>\n<\/section>\n","protected":false},"excerpt":{"rendered":"<p>Couro de gr\u00e3o natural Bolso interno com fecho de press\u00e3o Fecho magn\u00e9tico Al\u00e7a com queda de 32 cm 34,5 cm (C) x 32,5 cm (A) x 10 cm (L) Nossa bolsa Brooklyn tem uma silhueta elegante e minimalista, com uma atitude inconfundivelmente nova-iorquina. Confeccionada em couro granulado natural com uma textura linda e toque macio, &hellip; <\/p>\n","protected":false},"featured_media":33486,"template":"","meta":[],"product_brand":[],"product_cat":[106,349,366],"product_tag":[],"class_list":{"0":"post-33485","1":"product","2":"type-product","3":"status-publish","4":"has-post-thumbnail","6":"product_cat-bolsas","7":"product_cat-coach","8":"product_cat-todos-os-produtos","9":"latest_post","11":"first","12":"outofstock","13":"taxable","14":"shipping-taxable","15":"purchasable","16":"product-type-simple"},"_links":{"self":[{"href":"https:\/\/bolsadellas.com.br\/index.php?rest_route=\/wp\/v2\/product\/33485","targetHints":{"allow":["GET"]}}],"collection":[{"href":"https:\/\/bolsadellas.com.br\/index.php?rest_route=\/wp\/v2\/product"}],"about":[{"href":"https:\/\/bolsadellas.com.br\/index.php?rest_route=\/wp\/v2\/types\/product"}],"wp:featuredmedia":[{"embeddable":true,"href":"https:\/\/bolsadellas.com.br\/index.php?rest_route=\/wp\/v2\/media\/33486"}],"wp:attachment":[{"href":"https:\/\/bolsadellas.com.br\/index.php?rest_route=%2Fwp%2Fv2%2Fmedia&parent=33485"}],"wp:term":[{"taxonomy":"product_brand","embeddable":true,"href":"https:\/\/bolsadellas.com.br\/index.php?rest_route=%2Fwp%2Fv2%2Fproduct_brand&post=33485"},{"taxonomy":"product_cat","embeddable":true,"href":"https:\/\/bolsadellas.com.br\/index.php?rest_route=%2Fwp%2Fv2%2Fproduct_cat&post=33485"},{"taxonomy":"product_tag","embeddable":true,"href":"https:\/\/bolsadellas.com.br\/index.php?rest_route=%2Fwp%2Fv2%2Fproduct_tag&post=33485"}],"curies":[{"name":"wp","href":"https:\/\/api.w.org\/{rel}","templated":true}]}}