{"id":33439,"date":"2026-01-30T16:59:24","date_gmt":"2026-01-30T19:59:24","guid":{"rendered":"https:\/\/bolsadellas.com.br\/?post_type=product&#038;p=33439"},"modified":"2026-03-09T10:22:23","modified_gmt":"2026-03-09T13:22:23","slug":"bolsa-coach-brook-flap-signature","status":"publish","type":"product","link":"https:\/\/bolsadellas.com.br\/?product=bolsa-coach-brook-flap-signature","title":{"rendered":"Bolsa Coach Brook Flap signature"},"content":{"rendered":"<div id=\"details\" class=\"ecn-tab-content active\">\n<div class=\"wrap\">\n<p>&#8211; Dois compartimentos para cart\u00e3o<\/p>\n<p>&#8211; Bolso interno com z\u00edper<\/p>\n<p>&#8211; Fecho de press\u00e3o, forro de tecido<\/p>\n<p>&#8211; Bolso externo aberto<\/p>\n<p>&#8211; Al\u00e7a de corrente remov\u00edvel com abertura de 22 cm<\/p>\n<p>&#8211; Al\u00e7a de couro remov\u00edvel ajust\u00e1vel com abertura de 24 cm a 47,5 cm<\/p>\n<p>&#8211; 23,5 cm (Largura) x 12 cm (Altura) x 4,5 cm (Profundidade)<\/p>\n<p>&#8211; *N\u00e3o acompanha Dust Bag<\/p>\n<\/div>\n<\/div>\n<div id=\"description\" class=\"ecn-tab-content\">\n<h2>Descri\u00e7\u00e3o<\/h2>\n<div class=\"wrap\">\n<div class=\"productDescription\">Um modelo vers\u00e1til para o dia e para a noite, nossa bolsa Brook com aba frontal tem uma al\u00e7a curta de corrente brilhante e uma al\u00e7a de couro para usar como uma tiracolo ou dobrada para um visual mais curto e elegante. Com espa\u00e7o para guardar todos os itens essenciais, o design arredondado de couro refinado apresenta um bolso externo conveniente e bolsos internos multifuncionais para f\u00e1cil organiza\u00e7\u00e3o.<\/div>\n<\/div>\n<\/div>\n","protected":false},"excerpt":{"rendered":"<p>&#8211; Dois compartimentos para cart\u00e3o &#8211; Bolso interno com z\u00edper &#8211; Fecho de press\u00e3o, forro de tecido &#8211; Bolso externo aberto &#8211; Al\u00e7a de corrente remov\u00edvel com abertura de 22 cm &#8211; Al\u00e7a de couro remov\u00edvel ajust\u00e1vel com abertura de 24 cm a 47,5 cm &#8211; 23,5 cm (Largura) x 12 cm (Altura) x 4,5 &hellip; <\/p>\n","protected":false},"featured_media":33440,"template":"","meta":[],"product_brand":[],"product_cat":[106,349,366],"product_tag":[],"class_list":{"0":"post-33439","1":"product","2":"type-product","3":"status-publish","4":"has-post-thumbnail","6":"product_cat-bolsas","7":"product_cat-coach","8":"product_cat-todos-os-produtos","9":"latest_post","11":"first","12":"outofstock","13":"taxable","14":"shipping-taxable","15":"purchasable","16":"product-type-simple"},"_links":{"self":[{"href":"https:\/\/bolsadellas.com.br\/index.php?rest_route=\/wp\/v2\/product\/33439","targetHints":{"allow":["GET"]}}],"collection":[{"href":"https:\/\/bolsadellas.com.br\/index.php?rest_route=\/wp\/v2\/product"}],"about":[{"href":"https:\/\/bolsadellas.com.br\/index.php?rest_route=\/wp\/v2\/types\/product"}],"wp:featuredmedia":[{"embeddable":true,"href":"https:\/\/bolsadellas.com.br\/index.php?rest_route=\/wp\/v2\/media\/33440"}],"wp:attachment":[{"href":"https:\/\/bolsadellas.com.br\/index.php?rest_route=%2Fwp%2Fv2%2Fmedia&parent=33439"}],"wp:term":[{"taxonomy":"product_brand","embeddable":true,"href":"https:\/\/bolsadellas.com.br\/index.php?rest_route=%2Fwp%2Fv2%2Fproduct_brand&post=33439"},{"taxonomy":"product_cat","embeddable":true,"href":"https:\/\/bolsadellas.com.br\/index.php?rest_route=%2Fwp%2Fv2%2Fproduct_cat&post=33439"},{"taxonomy":"product_tag","embeddable":true,"href":"https:\/\/bolsadellas.com.br\/index.php?rest_route=%2Fwp%2Fv2%2Fproduct_tag&post=33439"}],"curies":[{"name":"wp","href":"https:\/\/api.w.org\/{rel}","templated":true}]}}