{"id":33402,"date":"2026-02-06T16:05:04","date_gmt":"2026-02-06T19:05:04","guid":{"rendered":"https:\/\/bolsadellas.com.br\/?post_type=product&#038;p=33402"},"modified":"2026-04-20T07:22:31","modified_gmt":"2026-04-20T10:22:31","slug":"bolsa-coach-waverly-suede-marrom","status":"publish","type":"product","link":"https:\/\/bolsadellas.com.br\/?product=bolsa-coach-waverly-suede-marrom","title":{"rendered":"Bolsa Coach Waverly suede marrom"},"content":{"rendered":"<p>Inspirada na sofistica\u00e7\u00e3o descomplicada de Nova York, a cidade que sempre chamamos de lar, nossa Bolsa Waverly \u00e9 um modelo compacto e minimalista para o dia a dia. Confeccionada em camur\u00e7a aveludada e couro refinado, possui um bolso com fecho de press\u00e3o para itens essenciais e um interior amplo com espa\u00e7o para seu celular, carteira e outros objetos. O design vers\u00e1til com fechamento em z\u00edper vem com tr\u00eas al\u00e7as intercambi\u00e1veis \u200b\u200bpara usar na transversal ou como uma bolsa de ombro curta, com a al\u00e7a de couro ou a elegante al\u00e7a de corrente.<\/p>\n<ul>\n<li><span dir=\"auto\">Camur\u00e7a e couro de bezerro refinado<\/span><\/li>\n<li><span dir=\"auto\">Forro de tecido<\/span><\/li>\n<\/ul>\n<p>\u2013 24 cm (Largura) x 14 cm (Altura) x 8 cm (Profundidade)<\/p>\n","protected":false},"excerpt":{"rendered":"<p>Inspirada na sofistica\u00e7\u00e3o descomplicada de Nova York, a cidade que sempre chamamos de lar, nossa Bolsa Waverly \u00e9 um modelo compacto e minimalista para o dia a dia. Confeccionada em camur\u00e7a aveludada e couro refinado, possui um bolso com fecho de press\u00e3o para itens essenciais e um interior amplo com espa\u00e7o para seu celular, carteira &hellip; <\/p>\n","protected":false},"featured_media":33403,"template":"","meta":[],"product_brand":[],"product_cat":[106,349,366],"product_tag":[],"class_list":{"0":"post-33402","1":"product","2":"type-product","3":"status-publish","4":"has-post-thumbnail","6":"product_cat-bolsas","7":"product_cat-coach","8":"product_cat-todos-os-produtos","9":"latest_post","11":"first","12":"outofstock","13":"taxable","14":"shipping-taxable","15":"purchasable","16":"product-type-simple"},"_links":{"self":[{"href":"https:\/\/bolsadellas.com.br\/index.php?rest_route=\/wp\/v2\/product\/33402","targetHints":{"allow":["GET"]}}],"collection":[{"href":"https:\/\/bolsadellas.com.br\/index.php?rest_route=\/wp\/v2\/product"}],"about":[{"href":"https:\/\/bolsadellas.com.br\/index.php?rest_route=\/wp\/v2\/types\/product"}],"wp:featuredmedia":[{"embeddable":true,"href":"https:\/\/bolsadellas.com.br\/index.php?rest_route=\/wp\/v2\/media\/33403"}],"wp:attachment":[{"href":"https:\/\/bolsadellas.com.br\/index.php?rest_route=%2Fwp%2Fv2%2Fmedia&parent=33402"}],"wp:term":[{"taxonomy":"product_brand","embeddable":true,"href":"https:\/\/bolsadellas.com.br\/index.php?rest_route=%2Fwp%2Fv2%2Fproduct_brand&post=33402"},{"taxonomy":"product_cat","embeddable":true,"href":"https:\/\/bolsadellas.com.br\/index.php?rest_route=%2Fwp%2Fv2%2Fproduct_cat&post=33402"},{"taxonomy":"product_tag","embeddable":true,"href":"https:\/\/bolsadellas.com.br\/index.php?rest_route=%2Fwp%2Fv2%2Fproduct_tag&post=33402"}],"curies":[{"name":"wp","href":"https:\/\/api.w.org\/{rel}","templated":true}]}}