{"id":33375,"date":"2026-03-09T10:18:13","date_gmt":"2026-03-09T13:18:13","guid":{"rendered":"https:\/\/bolsadellas.com.br\/?post_type=product&#038;p=33375"},"modified":"2026-03-09T16:54:55","modified_gmt":"2026-03-09T19:54:55","slug":"bolsa-brooklyn-shoulder-28-suede-maple","status":"publish","type":"product","link":"https:\/\/bolsadellas.com.br\/?product=bolsa-brooklyn-shoulder-28-suede-maple","title":{"rendered":"Bolsa Brooklyn Shoulder 28 Suede"},"content":{"rendered":"<div id=\"details\" class=\"ecn-tab-content active\">\n<div class=\"wrap\">\n<p>&#8211; Camur\u00e7a e couro de gr\u00e3o natural<\/p>\n<p>&#8211; Bolso interno com fecho de press\u00e3o<\/p>\n<p>&#8211; Fecho magn\u00e9tico<\/p>\n<p>&#8211; Al\u00e7a com abertura de 26,5 cm<\/p>\n<p>&#8211; 28 cm (Largura) x 28 cm (Altura) x 8 cm (Profundidade)<\/p>\n<\/div>\n<\/div>\n<div id=\"description\" class=\"ecn-tab-content\">\n<h2>Descri\u00e7\u00e3o<\/h2>\n<div class=\"wrap\">\n<div class=\"productDescription\">Nossa Brooklyn \u00e9 uma silhueta elegante e minimalista \u2013 com uma atitude distintamente nova-iorquina. Menor que a 39, o modelo hobo \u00e9 confeccionado em couro luxuosa camur\u00e7a dupla flace. Apresentando um interior espa\u00e7oso com um bolso interno para acesso ao essencial, a aerodin\u00e2mica 28 tem uma al\u00e7a de ombro larga e confort\u00e1vel e um fecho magn\u00e9tico pr\u00e1tico.<\/div>\n<\/div>\n<\/div>\n","protected":false},"excerpt":{"rendered":"<p>&#8211; Camur\u00e7a e couro de gr\u00e3o natural &#8211; Bolso interno com fecho de press\u00e3o &#8211; Fecho magn\u00e9tico &#8211; Al\u00e7a com abertura de 26,5 cm &#8211; 28 cm (Largura) x 28 cm (Altura) x 8 cm (Profundidade) Descri\u00e7\u00e3o Nossa Brooklyn \u00e9 uma silhueta elegante e minimalista \u2013 com uma atitude distintamente nova-iorquina. Menor que a 39, &hellip; <\/p>\n","protected":false},"featured_media":33561,"comment_status":"open","ping_status":"closed","template":"","meta":[],"product_brand":[],"product_cat":[106,349,366],"product_tag":[],"class_list":{"0":"post-33375","1":"product","2":"type-product","3":"status-publish","4":"has-post-thumbnail","6":"product_cat-bolsas","7":"product_cat-coach","8":"product_cat-todos-os-produtos","9":"latest_post","11":"first","12":"instock","13":"taxable","14":"shipping-taxable","15":"purchasable","16":"product-type-simple"},"_links":{"self":[{"href":"https:\/\/bolsadellas.com.br\/index.php?rest_route=\/wp\/v2\/product\/33375","targetHints":{"allow":["GET"]}}],"collection":[{"href":"https:\/\/bolsadellas.com.br\/index.php?rest_route=\/wp\/v2\/product"}],"about":[{"href":"https:\/\/bolsadellas.com.br\/index.php?rest_route=\/wp\/v2\/types\/product"}],"replies":[{"embeddable":true,"href":"https:\/\/bolsadellas.com.br\/index.php?rest_route=%2Fwp%2Fv2%2Fcomments&post=33375"}],"wp:featuredmedia":[{"embeddable":true,"href":"https:\/\/bolsadellas.com.br\/index.php?rest_route=\/wp\/v2\/media\/33561"}],"wp:attachment":[{"href":"https:\/\/bolsadellas.com.br\/index.php?rest_route=%2Fwp%2Fv2%2Fmedia&parent=33375"}],"wp:term":[{"taxonomy":"product_brand","embeddable":true,"href":"https:\/\/bolsadellas.com.br\/index.php?rest_route=%2Fwp%2Fv2%2Fproduct_brand&post=33375"},{"taxonomy":"product_cat","embeddable":true,"href":"https:\/\/bolsadellas.com.br\/index.php?rest_route=%2Fwp%2Fv2%2Fproduct_cat&post=33375"},{"taxonomy":"product_tag","embeddable":true,"href":"https:\/\/bolsadellas.com.br\/index.php?rest_route=%2Fwp%2Fv2%2Fproduct_tag&post=33375"}],"curies":[{"name":"wp","href":"https:\/\/api.w.org\/{rel}","templated":true}]}}