{"id":33328,"date":"2026-02-01T17:06:06","date_gmt":"2026-02-01T20:06:06","guid":{"rendered":"https:\/\/bolsadellas.com.br\/?post_type=product&#038;p=33328"},"modified":"2026-04-05T08:13:00","modified_gmt":"2026-04-05T11:13:00","slug":"relogio-technos-feminino-ceramic-saphire-dourado","status":"publish","type":"product","link":"https:\/\/bolsadellas.com.br\/?product=relogio-technos-feminino-ceramic-saphire-dourado","title":{"rendered":"Rel\u00f3gio Technos Feminino Ceramic\/saphire 2035NCS"},"content":{"rendered":"<p>Rel\u00f3gio Ceramic apresenta um novo lan\u00e7amento de design sofisticado, definido pela lente de safira com detalhe metalizado e aplica\u00e7\u00e3o de cer\u00e2mica. Seu mostrador quadrado e minimalista conta com assinatura de linha e aplica\u00e7\u00e3o de pedras, al\u00e9m de ser composto pela pulseira s\u00f3lida de a\u00e7o com cer\u00e2mica. Produto 100% em a\u00e7o inoxid\u00e1vel, banhado em dourado, m\u00e1quina quartz Japonesa Miyota e resist\u00eancia \u00e0 \u00e1gua de 50 metros.<\/p>\n<ul class=\"list-disc list-circle pl-5\">\n<li><strong>G\u00eanero<\/strong>:\u00a0Feminino<\/li>\n<li><strong>Banho<\/strong>:\u00a0Dourado<\/li>\n<li><strong>Tipo<\/strong>:\u00a0Anal\u00f3gico<\/li>\n<li><strong>Material da Caixa<\/strong>:\u00a0Cer\u00e2mica<\/li>\n<li><strong>Cor da Caixa<\/strong>:\u00a0Dourado<\/li>\n<li><strong>Formato<\/strong>:\u00a0Retangular<\/li>\n<li><strong>Cor do Mostrador<\/strong>:\u00a0Dourado<\/li>\n<li><strong>Material da Pulseira<\/strong>:\u00a0Cer\u00e2mica<\/li>\n<li><strong>Cor da Pulseira<\/strong>:\u00a0Dourado<\/li>\n<li><strong>Resist\u00eancia \u00e0 \u00c1gua<\/strong>:\u00a05 ATM<\/li>\n<li><strong>Largura da Caixa (cm)<\/strong>:\u00a02,2<\/li>\n<li><strong>Tipo de Fecho<\/strong>:\u00a0Trava Lateral<\/li>\n<li><strong>Garantia<\/strong>:\u00a012 meses<\/li>\n<\/ul>\n","protected":false},"excerpt":{"rendered":"<p>Rel\u00f3gio Ceramic apresenta um novo lan\u00e7amento de design sofisticado, definido pela lente de safira com detalhe metalizado e aplica\u00e7\u00e3o de cer\u00e2mica. Seu mostrador quadrado e minimalista conta com assinatura de linha e aplica\u00e7\u00e3o de pedras, al\u00e9m de ser composto pela pulseira s\u00f3lida de a\u00e7o com cer\u00e2mica. Produto 100% em a\u00e7o inoxid\u00e1vel, banhado em dourado, m\u00e1quina &hellip; <\/p>\n","protected":false},"featured_media":33329,"template":"","meta":[],"product_brand":[],"product_cat":[107,367,366],"product_tag":[],"class_list":{"0":"post-33328","1":"product","2":"type-product","3":"status-publish","4":"has-post-thumbnail","6":"product_cat-relogios","7":"product_cat-technos","8":"product_cat-todos-os-produtos","9":"latest_post","11":"first","12":"outofstock","13":"taxable","14":"shipping-taxable","15":"purchasable","16":"product-type-simple"},"_links":{"self":[{"href":"https:\/\/bolsadellas.com.br\/index.php?rest_route=\/wp\/v2\/product\/33328","targetHints":{"allow":["GET"]}}],"collection":[{"href":"https:\/\/bolsadellas.com.br\/index.php?rest_route=\/wp\/v2\/product"}],"about":[{"href":"https:\/\/bolsadellas.com.br\/index.php?rest_route=\/wp\/v2\/types\/product"}],"wp:featuredmedia":[{"embeddable":true,"href":"https:\/\/bolsadellas.com.br\/index.php?rest_route=\/wp\/v2\/media\/33329"}],"wp:attachment":[{"href":"https:\/\/bolsadellas.com.br\/index.php?rest_route=%2Fwp%2Fv2%2Fmedia&parent=33328"}],"wp:term":[{"taxonomy":"product_brand","embeddable":true,"href":"https:\/\/bolsadellas.com.br\/index.php?rest_route=%2Fwp%2Fv2%2Fproduct_brand&post=33328"},{"taxonomy":"product_cat","embeddable":true,"href":"https:\/\/bolsadellas.com.br\/index.php?rest_route=%2Fwp%2Fv2%2Fproduct_cat&post=33328"},{"taxonomy":"product_tag","embeddable":true,"href":"https:\/\/bolsadellas.com.br\/index.php?rest_route=%2Fwp%2Fv2%2Fproduct_tag&post=33328"}],"curies":[{"name":"wp","href":"https:\/\/api.w.org\/{rel}","templated":true}]}}