{"id":33322,"date":"2026-03-28T16:57:53","date_gmt":"2026-03-28T19:57:53","guid":{"rendered":"https:\/\/bolsadellas.com.br\/?post_type=product&#038;p=33322"},"modified":"2026-03-30T11:05:10","modified_gmt":"2026-03-30T14:05:10","slug":"relogio-technos-feminino-dourado","status":"publish","type":"product","link":"https:\/\/bolsadellas.com.br\/?product=relogio-technos-feminino-dourado","title":{"rendered":"Rel\u00f3gio Technos Feminino 2035MXP"},"content":{"rendered":"<div class=\"Y3BBE\" data-sfc-cp=\"\" data-hveid=\"CAIQAA\" data-processed=\"true\" data-complete=\"true\">A Technos \u00e9 consider\u00e1vel um excelente Marca e confi\u00e1vel,especialmente para quem busca um rel\u00f3gio com <strong class=\"Yjhzub\" data-complete=\"true\" data-processed=\"true\">excelente custo-benef\u00edcio<\/strong> para o uso di\u00e1rio. Embora tenha origem su\u00ed\u00e7a (fundada em 1900), a marca \u00e9 brasileira h\u00e1 d\u00e9cadas e se consolidou como a maior empresa de rel\u00f3gios da Am\u00e9rica Latina.<\/div>\n<div class=\"Fsg96\" data-sfc-cp=\"\" data-complete=\"true\" data-processed=\"true\"><\/div>\n<div class=\"otQkpb\" role=\"heading\" aria-level=\"3\" data-animation-nesting=\"\" data-sfc-cp=\"\" data-complete=\"true\" data-processed=\"true\" data-sae=\"\">Qualidade e Durabilidade<\/div>\n<div class=\"Y3BBE\" data-sfc-cp=\"\" data-hveid=\"CAQQAA\" data-complete=\"true\" data-processed=\"true\">Os rel\u00f3gios Technos s\u00e3o reconhecidos pela robustez de seus materiais e precis\u00e3o dos mecanismos:<span class=\"uJ19be notranslate\" data-wiz-uids=\"twQOJb_x,twQOJb_y\" data-complete=\"true\" data-processed=\"true\"><span class=\"vKEkVd\" data-animation-atomic=\"\" data-wiz-attrbind=\"class=twQOJb_w\/TKHnVd\" data-sae=\"\"><span aria-hidden=\"true\">\u00a0<\/span><\/span><\/span><\/div>\n<ul class=\"KsbFXc U6u95\" data-complete=\"true\" data-processed=\"true\">\n<li class=\"dF3vjf\" data-hveid=\"CAUQAA\" data-complete=\"true\" data-sae=\"\"><span class=\"T286Pc\" data-sfc-cp=\"\" data-complete=\"true\"><strong class=\"Yjhzub\" data-complete=\"true\">Materiais:<\/strong>\u00a0A maioria dos modelos \u00e9 fabricada em\u00a0<strong class=\"Yjhzub\" data-complete=\"true\">a\u00e7o inoxid\u00e1vel<\/strong>\u00a0de alta qualidade, garantindo resist\u00eancia \u00e0 corros\u00e3o. O vidro costuma ser de\u00a0<strong class=\"Yjhzub\" data-complete=\"true\">cristal mineral<\/strong>, resistente a arranh\u00f5es em condi\u00e7\u00f5es normais de uso.<\/span><\/li>\n<li class=\"dF3vjf\" data-hveid=\"CAUQAQ\" data-complete=\"true\" data-sae=\"\"><span class=\"T286Pc\" data-sfc-cp=\"\" data-complete=\"true\"><strong class=\"Yjhzub\" data-complete=\"true\">Mecanismo:<\/strong>\u00a0A marca utiliza predominantemente o movimento\u00a0<strong class=\"Yjhzub\" data-complete=\"true\">quartz japon\u00eas (Miyota)<\/strong>, conhecido mundialmente pela sua confiabilidade e precis\u00e3o.<\/span><\/li>\n<li class=\"dF3vjf\" data-hveid=\"CAUQAg\" data-complete=\"true\" data-sae=\"\"><span class=\"T286Pc\" data-sfc-cp=\"\" data-complete=\"true\" aria-owns=\"action-menu-parent-container\"><strong class=\"Yjhzub\" data-complete=\"true\">Resist\u00eancia \u00e0 \u00e1gua:<\/strong>\u00a0Praticamente todos os modelos s\u00e3o \u00e0 prova d&#8217;\u00e1gua, variando de resist\u00eancias b\u00e1sicas para o dia a dia at\u00e9 modelos de mergulho (Diver) com capacidade para\u00a0<strong class=\"Yjhzub\" data-complete=\"true\">150 a 200 metros<\/strong>.<\/span><\/li>\n<\/ul>\n<p>&nbsp;<\/p>\n<p>A linha Mini apresenta seu novo modelo, inovador e sofisticado. Com caixa pequena e delicada em formato retangular, ele oferece o requinte da pulseira s\u00f3lida, estruturada em a\u00e7o inoxid\u00e1vel em 3 links e mesh, e a classe do vidro facetado, que reflete ainda mais a luz. Seu mostrador \u00e9 extremamente sofisticado e ainda conta com detalhes metalizados nos demais marcadores de hora. Produto 100% em a\u00e7o inoxid\u00e1vel, com m\u00e1quina quartz Japonesa Miyota e resist\u00eancia \u00e0 \u00e1gua de 50 metros.<\/p>\n<ul class=\"list-disc list-circle pl-5\">\n<li><strong>G\u00eanero<\/strong>:\u00a0Feminino<\/li>\n<li><strong>Banho<\/strong>:\u00a0Dourado<\/li>\n<li><strong>Tipo<\/strong>:\u00a0Anal\u00f3gico<\/li>\n<li><strong>Cor da Caixa<\/strong>:\u00a0Dourado<\/li>\n<li><strong>Formato<\/strong>:\u00a0Oval<\/li>\n<li><strong>Cor do Mostrador<\/strong>:\u00a0Preto<\/li>\n<li><strong>Material da Pulseira<\/strong>:\u00a0A\u00e7o<\/li>\n<li><strong>Cor da Pulseira<\/strong>:\u00a0Dourado<\/li>\n<li><strong>Resist\u00eancia \u00e0 \u00c1gua<\/strong>:\u00a05 ATM<\/li>\n<li><strong>Largura da Caixa (cm)<\/strong>:\u00a02,2<\/li>\n<li><strong>Garantia<\/strong>:\u00a012 meses<\/li>\n<\/ul>\n","protected":false},"excerpt":{"rendered":"<p>A Technos \u00e9 consider\u00e1vel um excelente Marca e confi\u00e1vel,especialmente para quem busca um rel\u00f3gio com excelente custo-benef\u00edcio para o uso di\u00e1rio. Embora tenha origem su\u00ed\u00e7a (fundada em 1900), a marca \u00e9 brasileira h\u00e1 d\u00e9cadas e se consolidou como a maior empresa de rel\u00f3gios da Am\u00e9rica Latina. Qualidade e Durabilidade Os rel\u00f3gios Technos s\u00e3o reconhecidos pela &hellip; <\/p>\n","protected":false},"featured_media":33323,"template":"","meta":[],"product_brand":[],"product_cat":[107,367,366],"product_tag":[],"class_list":{"0":"post-33322","1":"product","2":"type-product","3":"status-publish","4":"has-post-thumbnail","6":"product_cat-relogios","7":"product_cat-technos","8":"product_cat-todos-os-produtos","9":"latest_post","11":"first","12":"instock","13":"taxable","14":"shipping-taxable","15":"purchasable","16":"product-type-simple"},"_links":{"self":[{"href":"https:\/\/bolsadellas.com.br\/index.php?rest_route=\/wp\/v2\/product\/33322","targetHints":{"allow":["GET"]}}],"collection":[{"href":"https:\/\/bolsadellas.com.br\/index.php?rest_route=\/wp\/v2\/product"}],"about":[{"href":"https:\/\/bolsadellas.com.br\/index.php?rest_route=\/wp\/v2\/types\/product"}],"wp:featuredmedia":[{"embeddable":true,"href":"https:\/\/bolsadellas.com.br\/index.php?rest_route=\/wp\/v2\/media\/33323"}],"wp:attachment":[{"href":"https:\/\/bolsadellas.com.br\/index.php?rest_route=%2Fwp%2Fv2%2Fmedia&parent=33322"}],"wp:term":[{"taxonomy":"product_brand","embeddable":true,"href":"https:\/\/bolsadellas.com.br\/index.php?rest_route=%2Fwp%2Fv2%2Fproduct_brand&post=33322"},{"taxonomy":"product_cat","embeddable":true,"href":"https:\/\/bolsadellas.com.br\/index.php?rest_route=%2Fwp%2Fv2%2Fproduct_cat&post=33322"},{"taxonomy":"product_tag","embeddable":true,"href":"https:\/\/bolsadellas.com.br\/index.php?rest_route=%2Fwp%2Fv2%2Fproduct_tag&post=33322"}],"curies":[{"name":"wp","href":"https:\/\/api.w.org\/{rel}","templated":true}]}}