{"id":33313,"date":"2026-04-12T16:47:59","date_gmt":"2026-04-12T19:47:59","guid":{"rendered":"https:\/\/bolsadellas.com.br\/?post_type=product&#038;p=33313"},"modified":"2026-04-20T12:19:10","modified_gmt":"2026-04-20T15:19:10","slug":"relogio-technos-feminino-elos","status":"publish","type":"product","link":"https:\/\/bolsadellas.com.br\/?product=relogio-technos-feminino-elos","title":{"rendered":"Rel\u00f3gio Technos Feminino 2015CET"},"content":{"rendered":"<p>Rel\u00f3gio Technos Elos, com tra\u00e7os marcantes e sofisticada pulseira de elos s\u00f3lidos. O modelo possui a elegante caixa quadrada, aplica\u00e7\u00e3o de pedras nas posi\u00e7\u00f5es de 3\/6\/9\/12h e textura delicada aplicada no mostrador. Produto 100% em a\u00e7o inoxid\u00e1vel em banho dourado, com m\u00e1quina quartz japonesa Miyota e resist\u00eancia \u00e0 \u00e1gua de 50 metros. Tamanho de caixa 24mm.<\/p>\n<ul class=\"list-disc list-circle pl-5\">\n<li><strong>G\u00eanero<\/strong>:\u00a0Feminino<\/li>\n<li><strong>Banho<\/strong>:\u00a0Dourado<\/li>\n<li><strong>Tipo<\/strong>:\u00a0Anal\u00f3gico<\/li>\n<li><strong>Cor da Caixa<\/strong>:\u00a0Dourado<\/li>\n<li><strong>Formato<\/strong>:\u00a0Quadrado<\/li>\n<li><strong>Cor do Mostrador<\/strong>:\u00a0Champagne<\/li>\n<li><strong>Material da Pulseira<\/strong>:\u00a0A\u00e7o<\/li>\n<li><strong>Cor da Pulseira<\/strong>:\u00a0Dourado<\/li>\n<li><strong>Resist\u00eancia \u00e0 \u00c1gua<\/strong>:\u00a05 ATM<\/li>\n<li><strong>Largura da Caixa (cm)<\/strong>:\u00a02,4<\/li>\n<li><strong>Garantia<\/strong>:\u00a012 meses<\/li>\n<\/ul>\n","protected":false},"excerpt":{"rendered":"<p>Rel\u00f3gio Technos Elos, com tra\u00e7os marcantes e sofisticada pulseira de elos s\u00f3lidos. O modelo possui a elegante caixa quadrada, aplica\u00e7\u00e3o de pedras nas posi\u00e7\u00f5es de 3\/6\/9\/12h e textura delicada aplicada no mostrador. Produto 100% em a\u00e7o inoxid\u00e1vel em banho dourado, com m\u00e1quina quartz japonesa Miyota e resist\u00eancia \u00e0 \u00e1gua de 50 metros. Tamanho de caixa &hellip; <\/p>\n","protected":false},"featured_media":33314,"template":"","meta":[],"product_brand":[],"product_cat":[107,367,366],"product_tag":[],"class_list":{"0":"post-33313","1":"product","2":"type-product","3":"status-publish","4":"has-post-thumbnail","6":"product_cat-relogios","7":"product_cat-technos","8":"product_cat-todos-os-produtos","9":"latest_post","11":"first","12":"instock","13":"taxable","14":"shipping-taxable","15":"purchasable","16":"product-type-simple"},"_links":{"self":[{"href":"https:\/\/bolsadellas.com.br\/index.php?rest_route=\/wp\/v2\/product\/33313","targetHints":{"allow":["GET"]}}],"collection":[{"href":"https:\/\/bolsadellas.com.br\/index.php?rest_route=\/wp\/v2\/product"}],"about":[{"href":"https:\/\/bolsadellas.com.br\/index.php?rest_route=\/wp\/v2\/types\/product"}],"wp:featuredmedia":[{"embeddable":true,"href":"https:\/\/bolsadellas.com.br\/index.php?rest_route=\/wp\/v2\/media\/33314"}],"wp:attachment":[{"href":"https:\/\/bolsadellas.com.br\/index.php?rest_route=%2Fwp%2Fv2%2Fmedia&parent=33313"}],"wp:term":[{"taxonomy":"product_brand","embeddable":true,"href":"https:\/\/bolsadellas.com.br\/index.php?rest_route=%2Fwp%2Fv2%2Fproduct_brand&post=33313"},{"taxonomy":"product_cat","embeddable":true,"href":"https:\/\/bolsadellas.com.br\/index.php?rest_route=%2Fwp%2Fv2%2Fproduct_cat&post=33313"},{"taxonomy":"product_tag","embeddable":true,"href":"https:\/\/bolsadellas.com.br\/index.php?rest_route=%2Fwp%2Fv2%2Fproduct_tag&post=33313"}],"curies":[{"name":"wp","href":"https:\/\/api.w.org\/{rel}","templated":true}]}}