{"id":33304,"date":"2026-05-05T10:11:28","date_gmt":"2026-05-05T13:11:28","guid":{"rendered":"https:\/\/bolsadellas.com.br\/?post_type=product&#038;p=33304"},"modified":"2026-05-05T10:15:57","modified_gmt":"2026-05-05T13:15:57","slug":"bolsa-coach-brooklyn-shoulder-28-loved","status":"publish","type":"product","link":"https:\/\/bolsadellas.com.br\/?product=bolsa-coach-brooklyn-shoulder-28-loved","title":{"rendered":"Bolsa Coach Brooklyn Shoulder 28 Loved"},"content":{"rendered":"<div id=\"details\" class=\"ecn-tab-content active\">\n<div class=\"wrap\">\n<p>&#8211; Couro de gr\u00e3o natural<\/p>\n<p>&#8211; Bolso interno com fecho de press\u00e3o<\/p>\n<p>&#8211; Fecho magn\u00e9tico<\/p>\n<p>&#8211; Al\u00e7a com abertura de 26,5 cm<\/p>\n<p>&#8211; 28 cm (Largura) x 28 cm (Altura) x 8 cm (Profundidade)<\/p>\n<\/div>\n<\/div>\n<div id=\"description\" class=\"ecn-tab-content\">\n<h2>Descri\u00e7\u00e3o<\/h2>\n<div class=\"wrap\">\n<div class=\"productDescription\">Nossa Brooklyn \u00e9 uma silhueta elegante e minimalista \u2013 com uma atitude distintamente nova-iorquina. Menor que a 39, o modelo hobo \u00e9 confeccionado em couro granulado natural com bela textura e toque macio. Apresentando um interior espa\u00e7oso com um bolso interno para acesso ao essencial, a aerodin\u00e2mica 28 tem uma al\u00e7a de ombro larga e confort\u00e1vel e um fecho magn\u00e9tico pr\u00e1tico.<\/div>\n<\/div>\n<\/div>\n","protected":false},"excerpt":{"rendered":"<p>&#8211; Couro de gr\u00e3o natural &#8211; Bolso interno com fecho de press\u00e3o &#8211; Fecho magn\u00e9tico &#8211; Al\u00e7a com abertura de 26,5 cm &#8211; 28 cm (Largura) x 28 cm (Altura) x 8 cm (Profundidade) Descri\u00e7\u00e3o Nossa Brooklyn \u00e9 uma silhueta elegante e minimalista \u2013 com uma atitude distintamente nova-iorquina. Menor que a 39, o modelo &hellip; <\/p>\n","protected":false},"featured_media":33305,"template":"","meta":[],"product_brand":[],"product_cat":[106,349,370,366],"product_tag":[],"class_list":{"0":"post-33304","1":"product","2":"type-product","3":"status-publish","4":"has-post-thumbnail","6":"product_cat-bolsas","7":"product_cat-coach","8":"product_cat-pre-venda-2","9":"product_cat-todos-os-produtos","10":"latest_post","12":"first","13":"instock","14":"taxable","15":"shipping-taxable","16":"purchasable","17":"product-type-simple"},"_links":{"self":[{"href":"https:\/\/bolsadellas.com.br\/index.php?rest_route=\/wp\/v2\/product\/33304","targetHints":{"allow":["GET"]}}],"collection":[{"href":"https:\/\/bolsadellas.com.br\/index.php?rest_route=\/wp\/v2\/product"}],"about":[{"href":"https:\/\/bolsadellas.com.br\/index.php?rest_route=\/wp\/v2\/types\/product"}],"wp:featuredmedia":[{"embeddable":true,"href":"https:\/\/bolsadellas.com.br\/index.php?rest_route=\/wp\/v2\/media\/33305"}],"wp:attachment":[{"href":"https:\/\/bolsadellas.com.br\/index.php?rest_route=%2Fwp%2Fv2%2Fmedia&parent=33304"}],"wp:term":[{"taxonomy":"product_brand","embeddable":true,"href":"https:\/\/bolsadellas.com.br\/index.php?rest_route=%2Fwp%2Fv2%2Fproduct_brand&post=33304"},{"taxonomy":"product_cat","embeddable":true,"href":"https:\/\/bolsadellas.com.br\/index.php?rest_route=%2Fwp%2Fv2%2Fproduct_cat&post=33304"},{"taxonomy":"product_tag","embeddable":true,"href":"https:\/\/bolsadellas.com.br\/index.php?rest_route=%2Fwp%2Fv2%2Fproduct_tag&post=33304"}],"curies":[{"name":"wp","href":"https:\/\/api.w.org\/{rel}","templated":true}]}}