{"id":33080,"date":"2026-04-01T13:58:27","date_gmt":"2026-04-01T16:58:27","guid":{"rendered":"https:\/\/bolsadellas.com.br\/?post_type=product&#038;p=33080"},"modified":"2026-04-08T16:50:40","modified_gmt":"2026-04-08T19:50:40","slug":"bolsa-coach-tabby-shoulder-26-preta-prata","status":"publish","type":"product","link":"https:\/\/bolsadellas.com.br\/?product=bolsa-coach-tabby-shoulder-26-preta-prata","title":{"rendered":"Bolsa Coach Tabby Shoulder 26 preta\/prata"},"content":{"rendered":"<div id=\"details\" class=\"ecn-tab-content active\">\n<div class=\"wrap\">\n<p>&#8211; Couro Pebble<\/p>\n<p>&#8211; Bolsos internos multifuncionais e com z\u00edper<\/p>\n<p>&#8211; Fecho de press\u00e3o, forro de couro<\/p>\n<p>&#8211; Al\u00e7a curta remov\u00edvel com abertura de 18 cm<\/p>\n<p>&#8211; Al\u00e7a longa remov\u00edvel com abertura de 53 cm para usar no ombro ou na transversal<\/p>\n<p>&#8211; 26 cm (Largura) x 14 cm (Altura) x 7 cm (Profundidade).<\/p>\n<\/div>\n<\/div>\n<div id=\"description\" class=\"ecn-tab-content\">\n<h2>Descri\u00e7\u00e3o<\/h2>\n<div class=\"wrap\">\n<div class=\"productDescription\">Uma vis\u00e3o moderna de um design Coach dos anos 70, nossa bolsa de ombro estruturada Tabby \u00e9 feita de couro Pebble polido. Possui duas al\u00e7as remov\u00edveis para carregar na m\u00e3o, estilo bolsa de ombro curta ou transversal. \u00c9 finalizado com nosso hardware Signature para um toque ic\u00f4nico.<\/div>\n<\/div>\n<\/div>\n","protected":false},"excerpt":{"rendered":"<p>&#8211; Couro Pebble &#8211; Bolsos internos multifuncionais e com z\u00edper &#8211; Fecho de press\u00e3o, forro de couro &#8211; Al\u00e7a curta remov\u00edvel com abertura de 18 cm &#8211; Al\u00e7a longa remov\u00edvel com abertura de 53 cm para usar no ombro ou na transversal &#8211; 26 cm (Largura) x 14 cm (Altura) x 7 cm (Profundidade). Descri\u00e7\u00e3o &hellip; <\/p>\n","protected":false},"featured_media":33081,"template":"","meta":[],"product_brand":[],"product_cat":[106,349,366],"product_tag":[],"class_list":{"0":"post-33080","1":"product","2":"type-product","3":"status-publish","4":"has-post-thumbnail","6":"product_cat-bolsas","7":"product_cat-coach","8":"product_cat-todos-os-produtos","9":"latest_post","11":"first","12":"instock","13":"taxable","14":"shipping-taxable","15":"purchasable","16":"product-type-simple"},"_links":{"self":[{"href":"https:\/\/bolsadellas.com.br\/index.php?rest_route=\/wp\/v2\/product\/33080","targetHints":{"allow":["GET"]}}],"collection":[{"href":"https:\/\/bolsadellas.com.br\/index.php?rest_route=\/wp\/v2\/product"}],"about":[{"href":"https:\/\/bolsadellas.com.br\/index.php?rest_route=\/wp\/v2\/types\/product"}],"wp:featuredmedia":[{"embeddable":true,"href":"https:\/\/bolsadellas.com.br\/index.php?rest_route=\/wp\/v2\/media\/33081"}],"wp:attachment":[{"href":"https:\/\/bolsadellas.com.br\/index.php?rest_route=%2Fwp%2Fv2%2Fmedia&parent=33080"}],"wp:term":[{"taxonomy":"product_brand","embeddable":true,"href":"https:\/\/bolsadellas.com.br\/index.php?rest_route=%2Fwp%2Fv2%2Fproduct_brand&post=33080"},{"taxonomy":"product_cat","embeddable":true,"href":"https:\/\/bolsadellas.com.br\/index.php?rest_route=%2Fwp%2Fv2%2Fproduct_cat&post=33080"},{"taxonomy":"product_tag","embeddable":true,"href":"https:\/\/bolsadellas.com.br\/index.php?rest_route=%2Fwp%2Fv2%2Fproduct_tag&post=33080"}],"curies":[{"name":"wp","href":"https:\/\/api.w.org\/{rel}","templated":true}]}}