{"id":33055,"date":"2026-04-17T16:18:55","date_gmt":"2026-04-17T19:18:55","guid":{"rendered":"https:\/\/bolsadellas.com.br\/?post_type=product&#038;p=33055"},"modified":"2026-04-17T18:55:30","modified_gmt":"2026-04-17T21:55:30","slug":"bolsa-coach-tabby-shoulder-signature-26","status":"publish","type":"product","link":"https:\/\/bolsadellas.com.br\/?product=bolsa-coach-tabby-shoulder-signature-26","title":{"rendered":"Bolsa Coach Tabby Shoulder Signature 26"},"content":{"rendered":"<div id=\"details\" class=\"ecn-tab-content active\">\n<h2>Detalhes do Produto<\/h2>\n<div class=\"wrap\">\n<p>&#8211; Canvas Signature e couro refinado de bezerro<\/p>\n<p>&#8211; Bolsos internos multifuncionais e com z\u00edper<\/p>\n<p>&#8211; Fecho de press\u00e3o, forro de couro<\/p>\n<p>&#8211; Al\u00e7a curta remov\u00edvel com abertura de 18 cm<\/p>\n<p>&#8211; Al\u00e7a longa remov\u00edvel com abertura de 53 cm para usar no ombro ou na transversal<\/p>\n<p>&#8211; 26 cm (Largura) x 15 cm (Altura) x 8 cm (Profundidade)<\/p>\n<\/div>\n<\/div>\n<div id=\"description\" class=\"ecn-tab-content\">\n<h2>Descri\u00e7\u00e3o<\/h2>\n<div class=\"wrap\">\n<div class=\"productDescription\">Uma vers\u00e3o moderna do design Coach dos anos 1970, nossa bolsa tiracolo estruturada Tabby \u00e9 confeccionada em uma mistura de canvas Signature e couro refinado. Finalizada com nosso hardware Signature para um toque ic\u00f4nico, a compacta 26 apresenta duas al\u00e7as remov\u00edveis para carregar na m\u00e3o, no ombro ou na transversal.<\/div>\n<\/div>\n<\/div>\n","protected":false},"excerpt":{"rendered":"<p>Detalhes do Produto &#8211; Canvas Signature e couro refinado de bezerro &#8211; Bolsos internos multifuncionais e com z\u00edper &#8211; Fecho de press\u00e3o, forro de couro &#8211; Al\u00e7a curta remov\u00edvel com abertura de 18 cm &#8211; Al\u00e7a longa remov\u00edvel com abertura de 53 cm para usar no ombro ou na transversal &#8211; 26 cm (Largura) x &hellip; <\/p>\n","protected":false},"featured_media":33056,"template":"","meta":[],"product_brand":[],"product_cat":[106,349,366],"product_tag":[],"class_list":{"0":"post-33055","1":"product","2":"type-product","3":"status-publish","4":"has-post-thumbnail","6":"product_cat-bolsas","7":"product_cat-coach","8":"product_cat-todos-os-produtos","9":"latest_post","11":"first","12":"instock","13":"taxable","14":"shipping-taxable","15":"purchasable","16":"product-type-simple"},"_links":{"self":[{"href":"https:\/\/bolsadellas.com.br\/index.php?rest_route=\/wp\/v2\/product\/33055","targetHints":{"allow":["GET"]}}],"collection":[{"href":"https:\/\/bolsadellas.com.br\/index.php?rest_route=\/wp\/v2\/product"}],"about":[{"href":"https:\/\/bolsadellas.com.br\/index.php?rest_route=\/wp\/v2\/types\/product"}],"wp:featuredmedia":[{"embeddable":true,"href":"https:\/\/bolsadellas.com.br\/index.php?rest_route=\/wp\/v2\/media\/33056"}],"wp:attachment":[{"href":"https:\/\/bolsadellas.com.br\/index.php?rest_route=%2Fwp%2Fv2%2Fmedia&parent=33055"}],"wp:term":[{"taxonomy":"product_brand","embeddable":true,"href":"https:\/\/bolsadellas.com.br\/index.php?rest_route=%2Fwp%2Fv2%2Fproduct_brand&post=33055"},{"taxonomy":"product_cat","embeddable":true,"href":"https:\/\/bolsadellas.com.br\/index.php?rest_route=%2Fwp%2Fv2%2Fproduct_cat&post=33055"},{"taxonomy":"product_tag","embeddable":true,"href":"https:\/\/bolsadellas.com.br\/index.php?rest_route=%2Fwp%2Fv2%2Fproduct_tag&post=33055"}],"curies":[{"name":"wp","href":"https:\/\/api.w.org\/{rel}","templated":true}]}}