{"id":33003,"date":"2026-04-17T17:45:41","date_gmt":"2026-04-17T20:45:41","guid":{"rendered":"https:\/\/bolsadellas.com.br\/?post_type=product&#038;p=33003"},"modified":"2026-04-21T13:02:11","modified_gmt":"2026-04-21T16:02:11","slug":"bolsa-coach-tabby-chain-19-preta","status":"publish","type":"product","link":"https:\/\/bolsadellas.com.br\/?product=bolsa-coach-tabby-chain-19-preta","title":{"rendered":"Bolsa Coach Tabby Chain 19 preta"},"content":{"rendered":"<p>A\u00a0<strong>Bolsa Coach Tabby Chain 19<\/strong>\u00a0combina eleg\u00e2ncia cl\u00e1ssica com um toque moderno, trazendo o equil\u00edbrio perfeito entre personalidade e refinamento. Seu design ic\u00f4nico da linha Tabby ganha ainda mais destaque na vers\u00e3o em marrom escuro, tonalidade rica e vers\u00e1til que adiciona profundidade ao visual.<\/p>\n<p>Compacta, estruturada e irresistivelmente sofisticada, \u00e9 a escolha ideal para quem busca um acess\u00f3rio marcante, funcional e com acabamento premium \u2014 perfeito para elevar looks di\u00e1rios ou composi\u00e7\u00f5es especiais.<\/p>\n<ul>\n<li><strong>Marca:<\/strong>\u00a0Coach<\/li>\n<li><strong>Modelo:<\/strong>\u00a0Tabby Chain Crossbody 19<\/li>\n<li><strong>Cor:<\/strong> Preto<\/li>\n<li><strong>Material:<\/strong> couro peble<\/li>\n<li><strong>Fechamento:<\/strong>\u00a0estruturado e seguro<\/li>\n<li><strong>Al\u00e7a:<\/strong>\u00a0corrente met\u00e1lica resistente<\/li>\n<li><strong>Estilo:<\/strong> elegante, moderno e sofisticado.<\/li>\n<\/ul>\n<p>Medidas: 19 x 11 cm<\/p>\n","protected":false},"excerpt":{"rendered":"<p>A\u00a0Bolsa Coach Tabby Chain 19\u00a0combina eleg\u00e2ncia cl\u00e1ssica com um toque moderno, trazendo o equil\u00edbrio perfeito entre personalidade e refinamento. Seu design ic\u00f4nico da linha Tabby ganha ainda mais destaque na vers\u00e3o em marrom escuro, tonalidade rica e vers\u00e1til que adiciona profundidade ao visual. Compacta, estruturada e irresistivelmente sofisticada, \u00e9 a escolha ideal para quem busca &hellip; <\/p>\n","protected":false},"featured_media":33009,"template":"","meta":[],"product_brand":[],"product_cat":[106,349,366],"product_tag":[],"class_list":{"0":"post-33003","1":"product","2":"type-product","3":"status-publish","4":"has-post-thumbnail","6":"product_cat-bolsas","7":"product_cat-coach","8":"product_cat-todos-os-produtos","9":"latest_post","11":"first","12":"instock","13":"taxable","14":"shipping-taxable","15":"purchasable","16":"product-type-simple"},"_links":{"self":[{"href":"https:\/\/bolsadellas.com.br\/index.php?rest_route=\/wp\/v2\/product\/33003","targetHints":{"allow":["GET"]}}],"collection":[{"href":"https:\/\/bolsadellas.com.br\/index.php?rest_route=\/wp\/v2\/product"}],"about":[{"href":"https:\/\/bolsadellas.com.br\/index.php?rest_route=\/wp\/v2\/types\/product"}],"wp:featuredmedia":[{"embeddable":true,"href":"https:\/\/bolsadellas.com.br\/index.php?rest_route=\/wp\/v2\/media\/33009"}],"wp:attachment":[{"href":"https:\/\/bolsadellas.com.br\/index.php?rest_route=%2Fwp%2Fv2%2Fmedia&parent=33003"}],"wp:term":[{"taxonomy":"product_brand","embeddable":true,"href":"https:\/\/bolsadellas.com.br\/index.php?rest_route=%2Fwp%2Fv2%2Fproduct_brand&post=33003"},{"taxonomy":"product_cat","embeddable":true,"href":"https:\/\/bolsadellas.com.br\/index.php?rest_route=%2Fwp%2Fv2%2Fproduct_cat&post=33003"},{"taxonomy":"product_tag","embeddable":true,"href":"https:\/\/bolsadellas.com.br\/index.php?rest_route=%2Fwp%2Fv2%2Fproduct_tag&post=33003"}],"curies":[{"name":"wp","href":"https:\/\/api.w.org\/{rel}","templated":true}]}}