{"id":32934,"date":"2026-04-02T13:51:29","date_gmt":"2026-04-02T16:51:29","guid":{"rendered":"https:\/\/bolsadellas.com.br\/?post_type=product&#038;p=32934"},"modified":"2026-04-06T08:58:25","modified_gmt":"2026-04-06T11:58:25","slug":"alca-coach-dinky-chain-black-copper-2","status":"publish","type":"product","link":"https:\/\/bolsadellas.com.br\/?product=alca-coach-dinky-chain-black-copper-2","title":{"rendered":"Al\u00e7a Coach Dinky Chain &#8211; Black Copper"},"content":{"rendered":"<div id=\"details\" class=\"ecn-tab-content active\">\n<div class=\"wrap\">\n<p>&#8211; Corrente em metal, com banho em r\u00f3dio negro e acabamento escovado<\/p>\n<p>&#8211; 121cm<\/p>\n<p>&#8211; Converte em at\u00e9 tr\u00eas modos de usar: curta, longa no ombro ou transversal.<\/p>\n<\/div>\n<\/div>\n<div id=\"description\" class=\"ecn-tab-content\">\n<h2>Descri\u00e7\u00e3o<\/h2>\n<div class=\"wrap\">\n<div class=\"productDescription\">Atualize instantaneamente sua bolsa com esta al\u00e7a de corrente luxuosa. O design intercambi\u00e1vel possui dois clipes que permitem anex\u00e1-lo aos nossos estilos de bolsas mais tradicionais.<\/div>\n<\/div>\n<\/div>\n","protected":false},"excerpt":{"rendered":"<p>&#8211; Corrente em metal, com banho em r\u00f3dio negro e acabamento escovado &#8211; 121cm &#8211; Converte em at\u00e9 tr\u00eas modos de usar: curta, longa no ombro ou transversal. Descri\u00e7\u00e3o Atualize instantaneamente sua bolsa com esta al\u00e7a de corrente luxuosa. O design intercambi\u00e1vel possui dois clipes que permitem anex\u00e1-lo aos nossos estilos de bolsas mais tradicionais.<\/p>\n","protected":false},"featured_media":32935,"template":"","meta":[],"product_brand":[],"product_cat":[358,106,366],"product_tag":[],"class_list":{"0":"post-32934","1":"product","2":"type-product","3":"status-publish","4":"has-post-thumbnail","6":"product_cat-alcas","7":"product_cat-bolsas","8":"product_cat-todos-os-produtos","9":"latest_post","11":"first","12":"instock","13":"taxable","14":"shipping-taxable","15":"purchasable","16":"product-type-simple"},"_links":{"self":[{"href":"https:\/\/bolsadellas.com.br\/index.php?rest_route=\/wp\/v2\/product\/32934","targetHints":{"allow":["GET"]}}],"collection":[{"href":"https:\/\/bolsadellas.com.br\/index.php?rest_route=\/wp\/v2\/product"}],"about":[{"href":"https:\/\/bolsadellas.com.br\/index.php?rest_route=\/wp\/v2\/types\/product"}],"wp:featuredmedia":[{"embeddable":true,"href":"https:\/\/bolsadellas.com.br\/index.php?rest_route=\/wp\/v2\/media\/32935"}],"wp:attachment":[{"href":"https:\/\/bolsadellas.com.br\/index.php?rest_route=%2Fwp%2Fv2%2Fmedia&parent=32934"}],"wp:term":[{"taxonomy":"product_brand","embeddable":true,"href":"https:\/\/bolsadellas.com.br\/index.php?rest_route=%2Fwp%2Fv2%2Fproduct_brand&post=32934"},{"taxonomy":"product_cat","embeddable":true,"href":"https:\/\/bolsadellas.com.br\/index.php?rest_route=%2Fwp%2Fv2%2Fproduct_cat&post=32934"},{"taxonomy":"product_tag","embeddable":true,"href":"https:\/\/bolsadellas.com.br\/index.php?rest_route=%2Fwp%2Fv2%2Fproduct_tag&post=32934"}],"curies":[{"name":"wp","href":"https:\/\/api.w.org\/{rel}","templated":true}]}}