{"id":32916,"date":"2026-01-30T13:37:08","date_gmt":"2026-01-30T16:37:08","guid":{"rendered":"https:\/\/bolsadellas.com.br\/?post_type=product&#038;p=32916"},"modified":"2026-03-16T14:25:05","modified_gmt":"2026-03-16T17:25:05","slug":"bolsa-coach-tabby-quilting-26-suede-oliva","status":"publish","type":"product","link":"https:\/\/bolsadellas.com.br\/?product=bolsa-coach-tabby-quilting-26-suede-oliva","title":{"rendered":"Bolsa Coach Tabby quilting 26 suede oliva"},"content":{"rendered":"<p>Uma vers\u00e3o moderna de um design cl\u00e1ssico da Coach dos anos 70, nossa bolsa de ombro estruturada Tabby \u00e9 confeccionada em camur\u00e7a aveludada acolchoada. Com acabamento em ferragens exclusivas para um toque ic\u00f4nico, o modelo compacto 26 possui uma al\u00e7a longa de corrente de couro para usar na transversal ou dupla para um visual mais curto e elegante.<\/p>\n<p>26 cm.<\/p>\n<div class=\"product-props__details\" aria-label=\"crian\u00e7a\">\n<h2><span dir=\"auto\">Materiais<\/span><\/h2>\n<ul>\n<li><span dir=\"auto\">Camur\u00e7a e couro liso<\/span><\/li>\n<li><span dir=\"auto\">Forro de tecido<\/span><\/li>\n<\/ul>\n<\/div>\n<p>&nbsp;<\/p>\n<div class=\"product-props__details\" aria-label=\"crian\u00e7a\">\n<h2><span dir=\"auto\">Al\u00e7a<\/span><\/h2>\n<ul>\n<li><span dir=\"auto\">Al\u00e7a de corrente com 54,6 cm de comprimento para usar no ombro ou transversalmente.<\/span><\/li>\n<\/ul>\n<\/div>\n<p>&nbsp;<\/p>\n<div class=\"product-props__details\" aria-label=\"crian\u00e7a\">\n<h2><span dir=\"auto\">Caracter\u00edsticas<\/span><\/h2>\n<ul>\n<li><span dir=\"auto\">Bolso externo sem fecho<\/span><\/li>\n<li><span dir=\"auto\">Bolsos internos com fecho de correr e fecho magn\u00e9tico.<\/span><\/li>\n<li><span dir=\"auto\">Fecho de press\u00e3o<\/span><\/li>\n<\/ul>\n<\/div>\n","protected":false},"excerpt":{"rendered":"<p>Uma vers\u00e3o moderna de um design cl\u00e1ssico da Coach dos anos 70, nossa bolsa de ombro estruturada Tabby \u00e9 confeccionada em camur\u00e7a aveludada acolchoada. Com acabamento em ferragens exclusivas para um toque ic\u00f4nico, o modelo compacto 26 possui uma al\u00e7a longa de corrente de couro para usar na transversal ou dupla para um visual mais &hellip; <\/p>\n","protected":false},"featured_media":32917,"template":"","meta":[],"product_brand":[],"product_cat":[106,349,366],"product_tag":[],"class_list":{"0":"post-32916","1":"product","2":"type-product","3":"status-publish","4":"has-post-thumbnail","6":"product_cat-bolsas","7":"product_cat-coach","8":"product_cat-todos-os-produtos","9":"latest_post","11":"first","12":"outofstock","13":"taxable","14":"shipping-taxable","15":"purchasable","16":"product-type-simple"},"_links":{"self":[{"href":"https:\/\/bolsadellas.com.br\/index.php?rest_route=\/wp\/v2\/product\/32916","targetHints":{"allow":["GET"]}}],"collection":[{"href":"https:\/\/bolsadellas.com.br\/index.php?rest_route=\/wp\/v2\/product"}],"about":[{"href":"https:\/\/bolsadellas.com.br\/index.php?rest_route=\/wp\/v2\/types\/product"}],"wp:featuredmedia":[{"embeddable":true,"href":"https:\/\/bolsadellas.com.br\/index.php?rest_route=\/wp\/v2\/media\/32917"}],"wp:attachment":[{"href":"https:\/\/bolsadellas.com.br\/index.php?rest_route=%2Fwp%2Fv2%2Fmedia&parent=32916"}],"wp:term":[{"taxonomy":"product_brand","embeddable":true,"href":"https:\/\/bolsadellas.com.br\/index.php?rest_route=%2Fwp%2Fv2%2Fproduct_brand&post=32916"},{"taxonomy":"product_cat","embeddable":true,"href":"https:\/\/bolsadellas.com.br\/index.php?rest_route=%2Fwp%2Fv2%2Fproduct_cat&post=32916"},{"taxonomy":"product_tag","embeddable":true,"href":"https:\/\/bolsadellas.com.br\/index.php?rest_route=%2Fwp%2Fv2%2Fproduct_tag&post=32916"}],"curies":[{"name":"wp","href":"https:\/\/api.w.org\/{rel}","templated":true}]}}