{"id":32905,"date":"2026-02-08T16:43:37","date_gmt":"2026-02-08T19:43:37","guid":{"rendered":"https:\/\/bolsadellas.com.br\/?post_type=product&#038;p=32905"},"modified":"2026-04-23T21:11:47","modified_gmt":"2026-04-24T00:11:47","slug":"bolsa-coach-lana-23-suede-marrom","status":"publish","type":"product","link":"https:\/\/bolsadellas.com.br\/?product=bolsa-coach-lana-23-suede-marrom","title":{"rendered":"Bolsa Coach Lana 23 suede marrom"},"content":{"rendered":"<p>Um cl\u00e1ssico descontra\u00eddo, a bolsa de ombro Lana 23 opta por uma silhueta ligeiramente despojada, confeccionada em camur\u00e7a macia como veludo. A etiqueta com o logotipo da Coach e o monograma C em tom dourado adicionam toques de sofistica\u00e7\u00e3o ao design, enquanto os m\u00faltiplos compartimentos, as al\u00e7as de m\u00e3o e a al\u00e7a de ombro remov\u00edvel garantem praticidade.<\/p>\n<p><span dir=\"auto\">\u2022 Largura 23 cm<\/span><\/p>\n<p><span dir=\"auto\">\u2022 Altura 31,5 cm<\/span><\/p>\n<p><span dir=\"auto\">\u2022 Profundidade 13,5 cm<\/span><\/p>\n<p><span dir=\"auto\">\u2022 Altura da al\u00e7a: 13 cm<\/span><\/p>\n<p><span dir=\"auto\">\u2022 Comprimento da al\u00e7a: 54,5 cm<\/span><\/p>\n","protected":false},"excerpt":{"rendered":"<p>Um cl\u00e1ssico descontra\u00eddo, a bolsa de ombro Lana 23 opta por uma silhueta ligeiramente despojada, confeccionada em camur\u00e7a macia como veludo. A etiqueta com o logotipo da Coach e o monograma C em tom dourado adicionam toques de sofistica\u00e7\u00e3o ao design, enquanto os m\u00faltiplos compartimentos, as al\u00e7as de m\u00e3o e a al\u00e7a de ombro remov\u00edvel &hellip; <\/p>\n","protected":false},"featured_media":32906,"template":"","meta":[],"product_brand":[],"product_cat":[106,349,366],"product_tag":[],"class_list":{"0":"post-32905","1":"product","2":"type-product","3":"status-publish","4":"has-post-thumbnail","6":"product_cat-bolsas","7":"product_cat-coach","8":"product_cat-todos-os-produtos","9":"latest_post","11":"first","12":"outofstock","13":"taxable","14":"shipping-taxable","15":"purchasable","16":"product-type-simple"},"_links":{"self":[{"href":"https:\/\/bolsadellas.com.br\/index.php?rest_route=\/wp\/v2\/product\/32905","targetHints":{"allow":["GET"]}}],"collection":[{"href":"https:\/\/bolsadellas.com.br\/index.php?rest_route=\/wp\/v2\/product"}],"about":[{"href":"https:\/\/bolsadellas.com.br\/index.php?rest_route=\/wp\/v2\/types\/product"}],"wp:featuredmedia":[{"embeddable":true,"href":"https:\/\/bolsadellas.com.br\/index.php?rest_route=\/wp\/v2\/media\/32906"}],"wp:attachment":[{"href":"https:\/\/bolsadellas.com.br\/index.php?rest_route=%2Fwp%2Fv2%2Fmedia&parent=32905"}],"wp:term":[{"taxonomy":"product_brand","embeddable":true,"href":"https:\/\/bolsadellas.com.br\/index.php?rest_route=%2Fwp%2Fv2%2Fproduct_brand&post=32905"},{"taxonomy":"product_cat","embeddable":true,"href":"https:\/\/bolsadellas.com.br\/index.php?rest_route=%2Fwp%2Fv2%2Fproduct_cat&post=32905"},{"taxonomy":"product_tag","embeddable":true,"href":"https:\/\/bolsadellas.com.br\/index.php?rest_route=%2Fwp%2Fv2%2Fproduct_tag&post=32905"}],"curies":[{"name":"wp","href":"https:\/\/api.w.org\/{rel}","templated":true}]}}