{"id":32875,"date":"2026-02-06T16:31:43","date_gmt":"2026-02-06T19:31:43","guid":{"rendered":"https:\/\/bolsadellas.com.br\/?post_type=product&#038;p=32875"},"modified":"2026-04-20T07:22:11","modified_gmt":"2026-04-20T10:22:11","slug":"bolsa-coach-waverly-maple","status":"publish","type":"product","link":"https:\/\/bolsadellas.com.br\/?product=bolsa-coach-waverly-maple","title":{"rendered":"Bolsa Coach Waverly maple"},"content":{"rendered":"<p>Inspirada na sofistica\u00e7\u00e3o descomplicada de Nova York, a cidade que sempre chamamos de lar, nossa Bolsa Waverly \u00e9 um modelo compacto e minimalista para o dia a dia. Confeccionada em couro granulado natural com uma textura linda e toque macio, ela possui um bolso com fecho de press\u00e3o para itens essenciais e um interior aberto com espa\u00e7o para seu celular, carteira e muito mais. O design vers\u00e1til com fechamento em z\u00edper vem com tr\u00eas al\u00e7as intercambi\u00e1veis \u200b\u200bpara usar na transversal ou como uma bolsa de ombro curta com a al\u00e7a de couro ou a elegante al\u00e7a de corrente.<\/p>\n<div class=\"product-props__details\">\n<h2><span dir=\"auto\">Medidas<\/span><\/h2>\n<ul>\n<li><span dir=\"auto\">Comprimento: 24 cm<\/span><\/li>\n<li><span dir=\"auto\">Altura: 14 cm<\/span><\/li>\n<li><span dir=\"auto\">Largura: 8 cm<\/span><\/li>\n<\/ul>\n<\/div>\n<p>&nbsp;<\/p>\n<div class=\"product-props__details\">\n<h2><span dir=\"auto\">Materiais<\/span><\/h2>\n<ul>\n<li><span dir=\"auto\">Couro de gr\u00e3o natural<\/span><\/li>\n<li><span dir=\"auto\">Forro de tecido<\/span><\/li>\n<\/ul>\n<\/div>\n<p>&nbsp;<\/p>\n<div class=\"product-props__details\">\n<h2><span dir=\"auto\">Al\u00e7a<\/span><\/h2>\n<ul>\n<li><span dir=\"auto\">Al\u00e7a de corrente remov\u00edvel\u00a0<\/span><\/li>\n<li><span dir=\"auto\">Al\u00e7a curta remov\u00edvel\u00a0<\/span><\/li>\n<li><span dir=\"auto\">Al\u00e7a longa remov\u00edvel para usar no ombro ou transversal.<\/span><\/li>\n<\/ul>\n<\/div>\n<p>&nbsp;<\/p>\n<div class=\"product-props__details\">\n<h2><span dir=\"auto\">Caracter\u00edsticas<\/span><\/h2>\n<ul>\n<li><span dir=\"auto\">Bolso interno com fecho de press\u00e3o<\/span><\/li>\n<li><span dir=\"auto\">Fecho com z\u00edper<\/span><\/li>\n<\/ul>\n<\/div>\n","protected":false},"excerpt":{"rendered":"<p>Inspirada na sofistica\u00e7\u00e3o descomplicada de Nova York, a cidade que sempre chamamos de lar, nossa Bolsa Waverly \u00e9 um modelo compacto e minimalista para o dia a dia. Confeccionada em couro granulado natural com uma textura linda e toque macio, ela possui um bolso com fecho de press\u00e3o para itens essenciais e um interior aberto &hellip; <\/p>\n","protected":false},"featured_media":32876,"template":"","meta":[],"product_brand":[],"product_cat":[106,349,366],"product_tag":[],"class_list":{"0":"post-32875","1":"product","2":"type-product","3":"status-publish","4":"has-post-thumbnail","6":"product_cat-bolsas","7":"product_cat-coach","8":"product_cat-todos-os-produtos","9":"latest_post","11":"first","12":"outofstock","13":"taxable","14":"shipping-taxable","15":"purchasable","16":"product-type-simple"},"_links":{"self":[{"href":"https:\/\/bolsadellas.com.br\/index.php?rest_route=\/wp\/v2\/product\/32875","targetHints":{"allow":["GET"]}}],"collection":[{"href":"https:\/\/bolsadellas.com.br\/index.php?rest_route=\/wp\/v2\/product"}],"about":[{"href":"https:\/\/bolsadellas.com.br\/index.php?rest_route=\/wp\/v2\/types\/product"}],"wp:featuredmedia":[{"embeddable":true,"href":"https:\/\/bolsadellas.com.br\/index.php?rest_route=\/wp\/v2\/media\/32876"}],"wp:attachment":[{"href":"https:\/\/bolsadellas.com.br\/index.php?rest_route=%2Fwp%2Fv2%2Fmedia&parent=32875"}],"wp:term":[{"taxonomy":"product_brand","embeddable":true,"href":"https:\/\/bolsadellas.com.br\/index.php?rest_route=%2Fwp%2Fv2%2Fproduct_brand&post=32875"},{"taxonomy":"product_cat","embeddable":true,"href":"https:\/\/bolsadellas.com.br\/index.php?rest_route=%2Fwp%2Fv2%2Fproduct_cat&post=32875"},{"taxonomy":"product_tag","embeddable":true,"href":"https:\/\/bolsadellas.com.br\/index.php?rest_route=%2Fwp%2Fv2%2Fproduct_tag&post=32875"}],"curies":[{"name":"wp","href":"https:\/\/api.w.org\/{rel}","templated":true}]}}